{"id":300,"date":"2024-08-30T10:17:12","date_gmt":"2024-08-30T10:17:12","guid":{"rendered":"https:\/\/musei-vaticani-roma.it\/?page_id=300"},"modified":"2026-04-04T04:42:03","modified_gmt":"2026-04-04T04:42:03","slug":"history","status":"publish","type":"page","link":"https:\/\/borghesegallery.com\/pt\/historia\/","title":{"rendered":"History"},"content":{"rendered":"<div data-elementor-type=\"wp-page\" data-elementor-id=\"300\" class=\"elementor elementor-300\" data-elementor-post-type=\"page\">\n\t\t\t\t<section class=\"elementor-element elementor-element-4f46059c e-flex e-con-boxed e-con e-parent\" data-id=\"4f46059c\" data-element_type=\"container\" data-settings=\"{&quot;background_background&quot;:&quot;classic&quot;,&quot;jet_parallax_layout_list&quot;:[],&quot;ekit_has_onepagescroll_dot&quot;:&quot;yes&quot;}\">\n\t\t\t\t\t<div class=\"e-con-inner\">\n\t\t\t\t<div class=\"elementor-element elementor-element-45673781 elementor-absolute elementor-widget__width-initial elementor-widget elementor-widget-image\" data-id=\"45673781\" data-element_type=\"widget\" data-settings=\"{&quot;_position&quot;:&quot;absolute&quot;,&quot;ekit_we_effect_on&quot;:&quot;none&quot;}\" data-widget_type=\"image.default\">\n\t\t\t\t<div class=\"elementor-widget-container\">\n\t\t\t\t\t\t\t\t\t\t\t\t\t\t\t\t<a href=\"https:\/\/www.tiqets.com\/borghese-gallery-tickets-l144780\/?partner=borghesegallery.com\">\n\t\t\t\t\t\t\t<img fetchpriority=\"high\" decoding=\"async\" width=\"1919\" height=\"1071\" src=\"https:\/\/borghesegallery.com\/wp-content\/uploads\/2024\/09\/1920px-Paolina_Borghese_Canova.jpg\" class=\"attachment-full size-full wp-image-1093\" alt=\"\" srcset=\"https:\/\/borghesegallery.com\/wp-content\/uploads\/2024\/09\/1920px-Paolina_Borghese_Canova.jpg 1919w, https:\/\/borghesegallery.com\/wp-content\/uploads\/2024\/09\/1920px-Paolina_Borghese_Canova-300x167.jpg 300w, https:\/\/borghesegallery.com\/wp-content\/uploads\/2024\/09\/1920px-Paolina_Borghese_Canova-1024x571.jpg 1024w, https:\/\/borghesegallery.com\/wp-content\/uploads\/2024\/09\/1920px-Paolina_Borghese_Canova-768x429.jpg 768w, https:\/\/borghesegallery.com\/wp-content\/uploads\/2024\/09\/1920px-Paolina_Borghese_Canova-1536x857.jpg 1536w, https:\/\/borghesegallery.com\/wp-content\/uploads\/2024\/09\/1920px-Paolina_Borghese_Canova-18x10.jpg 18w\" sizes=\"(max-width: 1919px) 100vw, 1919px\" \/>\t\t\t\t\t\t\t\t<\/a>\n\t\t\t\t\t\t\t\t\t\t\t\t\t\t\t<\/div>\n\t\t\t\t<\/div>\n\t\t\t\t<div class=\"elementor-element elementor-element-571123b5 elementor-absolute elementor-widget elementor-widget-image\" data-id=\"571123b5\" data-element_type=\"widget\" data-settings=\"{&quot;_position&quot;:&quot;absolute&quot;,&quot;ekit_we_effect_on&quot;:&quot;none&quot;}\" data-widget_type=\"image.default\">\n\t\t\t\t<div class=\"elementor-widget-container\">\n\t\t\t\t\t\t\t\t\t\t\t\t\t\t\t\t<a href=\"https:\/\/www.tiqets.com\/borghese-gallery-tickets-l144780\/?partner=borghesegallery.com\">\n\t\t\t\t\t\t\t<img decoding=\"async\" width=\"300\" height=\"300\" src=\"https:\/\/borghesegallery.com\/wp-content\/uploads\/2025\/05\/borghese-gallery@4x-300x300.png\" class=\"attachment-medium size-medium wp-image-1609\" alt=\"\" srcset=\"https:\/\/borghesegallery.com\/wp-content\/uploads\/2025\/05\/borghese-gallery@4x-300x300.png 300w, https:\/\/borghesegallery.com\/wp-content\/uploads\/2025\/05\/borghese-gallery@4x-1024x1024.png 1024w, https:\/\/borghesegallery.com\/wp-content\/uploads\/2025\/05\/borghese-gallery@4x-150x150.png 150w, https:\/\/borghesegallery.com\/wp-content\/uploads\/2025\/05\/borghese-gallery@4x-768x769.png 768w, https:\/\/borghesegallery.com\/wp-content\/uploads\/2025\/05\/borghese-gallery@4x-12x12.png 12w, https:\/\/borghesegallery.com\/wp-content\/uploads\/2025\/05\/borghese-gallery@4x.png 1211w\" sizes=\"(max-width: 300px) 100vw, 300px\" \/>\t\t\t\t\t\t\t\t<\/a>\n\t\t\t\t\t\t\t\t\t\t\t\t\t\t\t<\/div>\n\t\t\t\t<\/div>\n\t\t\t\t<div class=\"elementor-element elementor-element-5acf264a elementor-align-center elementor-widget__width-inherit elementor-widget-mobile__width-inherit elementor-widget elementor-widget-button\" data-id=\"5acf264a\" data-element_type=\"widget\" data-settings=\"{&quot;ekit_we_effect_on&quot;:&quot;none&quot;}\" data-widget_type=\"button.default\">\n\t\t\t\t<div class=\"elementor-widget-container\">\n\t\t\t\t\t\t\t\t\t<div class=\"elementor-button-wrapper\">\n\t\t\t\t\t<a class=\"elementor-button elementor-button-link elementor-size-sm\" href=\"https:\/\/www.tiqets.com\/borghese-gallery-tickets-l144780\/?partner=borghesegallery.com\" target=\"_blank\" aria-label=\"book now\" open=\"\">\n\t\t\t\t\t\t<span class=\"elementor-button-content-wrapper\">\n\t\t\t\t\t\t\t\t\t<span class=\"elementor-button-text\">BILHETE DE ENTRADA<\/span>\n\t\t\t\t\t<\/span>\n\t\t\t\t\t<\/a>\n\t\t\t\t<\/div>\n\t\t\t\t\t\t\t\t<\/div>\n\t\t\t\t<\/div>\n\t\t\t\t\t<\/div>\n\t\t\t\t<\/section>\n\t\t<div class=\"elementor-element elementor-element-5c55bfa e-flex e-con-boxed e-con e-parent\" data-id=\"5c55bfa\" data-element_type=\"container\" data-settings=\"{&quot;background_background&quot;:&quot;classic&quot;,&quot;jet_parallax_layout_list&quot;:[],&quot;ekit_has_onepagescroll_dot&quot;:&quot;yes&quot;}\">\n\t\t\t\t\t<div class=\"e-con-inner\">\n\t\t<div class=\"elementor-element elementor-element-325fce3 e-con-full e-flex e-con e-child\" data-id=\"325fce3\" data-element_type=\"container\" data-settings=\"{&quot;jet_parallax_layout_list&quot;:[],&quot;ekit_has_onepagescroll_dot&quot;:&quot;yes&quot;}\">\n\t\t\t\t<div class=\"elementor-element elementor-element-6dc43cf elementor-widget elementor-widget-heading\" data-id=\"6dc43cf\" data-element_type=\"widget\" data-settings=\"{&quot;ekit_we_effect_on&quot;:&quot;none&quot;}\" data-widget_type=\"heading.default\">\n\t\t\t\t<div class=\"elementor-widget-container\">\n\t\t\t\t\t<h2 class=\"elementor-heading-title elementor-size-default\">HIST\u00d3RIA DA GALERIA BORGHESE<\/h2>\t\t\t\t<\/div>\n\t\t\t\t<\/div>\n\t\t\t\t<div class=\"elementor-element elementor-element-4fc3826f elementor-widget elementor-widget-heading\" data-id=\"4fc3826f\" data-element_type=\"widget\" data-settings=\"{&quot;ekit_we_effect_on&quot;:&quot;none&quot;}\" data-widget_type=\"heading.default\">\n\t\t\t\t<div class=\"elementor-widget-container\">\n\t\t\t\t\t<h3 class=\"elementor-heading-title elementor-size-default\">A Galeria Borghese: Um testamento da arte e da hist\u00f3ria em Roma<\/h3>\t\t\t\t<\/div>\n\t\t\t\t<\/div>\n\t\t\t\t<div class=\"elementor-element elementor-element-3ecdc3b9 elementor-widget elementor-widget-heading\" data-id=\"3ecdc3b9\" data-element_type=\"widget\" data-settings=\"{&quot;ekit_we_effect_on&quot;:&quot;none&quot;}\" data-widget_type=\"heading.default\">\n\t\t\t\t<div class=\"elementor-widget-container\">\n\t\t\t\t\t<h6 class=\"elementor-heading-title elementor-size-default\">Descubra o rico legado da cole\u00e7\u00e3o de arte do Cardeal Scipione Borghese num dos museus mais emblem\u00e1ticos de Roma\n\n\n\n\n\n\n<\/h6>\t\t\t\t<\/div>\n\t\t\t\t<\/div>\n\t\t\t\t<div class=\"elementor-element elementor-element-09c32c9 elementor-widget elementor-widget-jet-unfold\" data-id=\"09c32c9\" data-element_type=\"widget\" data-settings=\"{&quot;mask_height&quot;:{&quot;unit&quot;:&quot;px&quot;,&quot;size&quot;:150,&quot;sizes&quot;:[]},&quot;mask_height_tablet&quot;:{&quot;unit&quot;:&quot;px&quot;,&quot;size&quot;:&quot;&quot;,&quot;sizes&quot;:[]},&quot;mask_height_mobile&quot;:{&quot;unit&quot;:&quot;px&quot;,&quot;size&quot;:&quot;&quot;,&quot;sizes&quot;:[]},&quot;unfold_duration&quot;:{&quot;unit&quot;:&quot;ms&quot;,&quot;size&quot;:500,&quot;sizes&quot;:[]},&quot;unfold_easing&quot;:&quot;easeOutBack&quot;,&quot;fold_duration&quot;:{&quot;unit&quot;:&quot;ms&quot;,&quot;size&quot;:300,&quot;sizes&quot;:[]},&quot;fold_easing&quot;:&quot;easeOutSine&quot;,&quot;ekit_we_effect_on&quot;:&quot;none&quot;}\" data-widget_type=\"jet-unfold.default\">\n\t\t\t\t<div class=\"elementor-widget-container\">\n\t\t\t\t\t\t\t<div class=\"jet-unfold\" data-settings=\"{&quot;height&quot;:{&quot;unit&quot;:&quot;px&quot;,&quot;size&quot;:150,&quot;sizes&quot;:[]},&quot;separatorHeight&quot;:null,&quot;unfoldDuration&quot;:{&quot;unit&quot;:&quot;ms&quot;,&quot;size&quot;:500,&quot;sizes&quot;:[]},&quot;foldDuration&quot;:{&quot;unit&quot;:&quot;ms&quot;,&quot;size&quot;:300,&quot;sizes&quot;:[]},&quot;unfoldEasing&quot;:&quot;easeOutBack&quot;,&quot;foldEasing&quot;:&quot;easeOutSine&quot;,&quot;foldScrolling&quot;:&quot;false&quot;,&quot;hideOutsideClick&quot;:&quot;false&quot;,&quot;autoHide&quot;:&quot;false&quot;,&quot;autoHideTime&quot;:&quot;&quot;,&quot;foldScrollOffset&quot;:null}\">\n\t\t\t<div class=\"jet-unfold__inner\">\n\t\t\t\t<div class=\"jet-unfold__mask\">\n\t\t\t\t\t<div class=\"jet-unfold__content\">\n\t\t\t\t\t\t<div class=\"jet-unfold__content-inner elementor-text-editor elementor-clearfix\"><p>O <strong>Galeria Borghese<\/strong> (Galleria Borghese) \u00e9 um museu de arte de renome situado na <strong>Villa Borghese<\/strong>, uma grande propriedade em <strong>Roma<\/strong>It\u00e1lia. A galeria foi originalmente constru\u00edda no in\u00edcio dos anos <strong>S\u00e9culo XVII<\/strong> como uma luxuosa vivenda suburbana para <strong>Cardeal Scipione Borghese<\/strong>, o sobrinho de <strong>Papa Paulo V<\/strong>. Como membro de uma das fam\u00edlias mais poderosas e ricas de Roma, Scipione Borghese tinha tanto os meios como a influ\u00eancia para criar um tesouro cultural e dedicou grande parte da sua vida a reunir uma extraordin\u00e1ria cole\u00e7\u00e3o de arte. Um colecionador de arte apaixonado e um dos primeiros mecenas de artistas como <strong>Caravaggio<\/strong> e <strong>Gian Lorenzo Bernini<\/strong>O Cardeal Borghese transformou a villa numa montra para a sua impressionante cole\u00e7\u00e3o de esculturas, pinturas e antiguidades.<\/p><p>A moradia foi concebida pelo arquiteto <strong>Flaminio Ponzio<\/strong>A obra de Ponzio \u00e9 uma obra de arte, baseada em esbo\u00e7os de Scipione Borghese e completada por Giovanni Vasanzio ap\u00f3s a morte de Ponzio. A <strong>arquitetura<\/strong> da villa reflecte o desejo do cardeal de ter um espa\u00e7o que fosse ao mesmo tempo um <strong>resid\u00eancia privada<\/strong> e um<strong> galeria p\u00fablica<\/strong>. A disposi\u00e7\u00e3o e o design do edif\u00edcio privilegiam a harmonia, com salas amplas e arejadas, tectos altos e luz natural abundante para melhorar a visualiza\u00e7\u00e3o das obras de arte. O interior da galeria foi cuidadosamente concebido para exibir as pe\u00e7as preciosas de Borghese de uma forma esteticamente agrad\u00e1vel, com decora\u00e7\u00f5es ornamentadas, incrusta\u00e7\u00f5es de m\u00e1rmore, tectos com frescos e paredes ricamente pintadas que complementam as obras de arte.<\/p><p>O <strong>Cole\u00e7\u00e3o da Galeria Borghese<\/strong> rapidamente cresceu e passou a incluir obras-primas de alguns dos artistas mais importantes da \u00e9poca. Entre as suas obras mais famosas contam-se \"<em>David com a cabe\u00e7a de Golias<\/em>\" e \"<em>Rapaz com um cesto de fruta<\/em>,\" As magn\u00edficas esculturas de Gian Lorenzo Bernini \"<em>Apolo e Daphne<\/em>\" e \"<em>A viola\u00e7\u00e3o de Proserpina,<\/em>\" Raphael's \"<em>O depoimento<\/em>e a obra de Ticiano \"<em>Amor sagrado e profano.<\/em>\" Estas obras continuam a ser as principais atrac\u00e7\u00f5es da galeria, revelando a not\u00e1vel habilidade e criatividade dos seus criadores. A cole\u00e7\u00e3o inclui tamb\u00e9m pe\u00e7as de <strong>Peter Paul Rubens<\/strong>, <strong>Domenichino<\/strong>e <strong>Correggio<\/strong>, o que a torna uma das colec\u00e7\u00f5es mais completas de<strong> Renascen\u00e7a<\/strong> e <strong>Barroco<\/strong> arte no mundo.<\/p><p>Durante todo o <strong>S\u00e9culos XVIII e XIX,<\/strong> a fam\u00edlia Borghese continuou a aumentar a cole\u00e7\u00e3o, mas a villa come\u00e7ou a perder a sua proemin\u00eancia como centro cultural. Em 1808, grande parte da cole\u00e7\u00e3o foi transferida para<strong> Fran\u00e7a<\/strong> devido a press\u00f5es pol\u00edticas de <strong>Napole\u00e3o Bonaparte<\/strong>A casa foi ocupada por um homem que era casado com um membro da fam\u00edlia Borghese. No entanto, a villa manteve o seu estatuto de local cultural significativo, gra\u00e7as \u00e0 sua arquitetura deslumbrante, aos jardins e \u00e0 cole\u00e7\u00e3o remanescente.<\/p><p>Em <strong>1902<\/strong>Em 19 de junho de 2005, o Estado italiano adquiriu a villa, que foi convertida num<strong> museu p\u00fablico<\/strong> para preservar a sua rica hist\u00f3ria e a not\u00e1vel cole\u00e7\u00e3o de obras de arte que ainda se encontra no seu interior. Desde ent\u00e3o, a Galeria Borghese tem estado aberta ao p\u00fablico, permitindo aos visitantes de todo o mundo experimentar a grandeza da arte barroca e o estilo de vida opulento da elite romana.<\/p><p>Hoje<strong>,<\/strong> a Galeria Borghese \u00e9 considerada uma das mais importantes de Roma <strong>museus de arte mais importantes<\/strong>atraindo milhares de visitantes todos os anos que v\u00eam admirar a sua cole\u00e7\u00e3o de classe mundial. O museu \u00e9 tamb\u00e9m c\u00e9lebre pelos seus jardins bem cuidados, conhecidos como<strong> Jardins da Villa Borghese<\/strong>que oferecem um retiro tranquilo no cora\u00e7\u00e3o de Roma. A galeria continua a ser um testemunho da vis\u00e3o do Cardeal Scipione Borghese e da sua paix\u00e3o duradoura pela arte, servindo como um tesouro cultural que mostra o esplendor das obras-primas do Renascimento e do Barroco num ambiente hist\u00f3rico \u00fanico.<\/p><\/div>\n\t\t\t\t\t<\/div>\n\t\t\t\t\t<div class=\"jet-unfold__separator\"><\/div>\n\t\t\t\t<\/div>\n\t\t\t\t<div class=\"jet-unfold__trigger\"><div class=\"jet-unfold__button elementor-button elementor-size-md\" href=\"#\" data-unfold-text=\"Show more\" data-fold-text=\"Close\" data-fold-icon=\"&lt;svg aria-hidden=&quot;true&quot; class=&quot;e-font-icon-svg e-fas-chevron-up&quot; viewBox=&quot;0 0 448 512&quot; xmlns=&quot;http:\/\/www.w3.org\/2000\/svg&quot;&gt;&lt;path d=&quot;M240.971 130.524l194.343 194.343c9.373 9.373 9.373 24.569 0 33.941l-22.667 22.667c-9.357 9.357-24.522 9.375-33.901.04L224 227.495 69.255 381.516c-9.379 9.335-24.544 9.317-33.901-.04l-22.667-22.667c-9.373-9.373-9.373-24.569 0-33.941L207.03 130.525c9.372-9.373 24.568-9.373 33.941-.001z&quot;&gt;&lt;\/path&gt;&lt;\/svg&gt;\" data-unfold-icon=\"&lt;svg aria-hidden=&quot;true&quot; class=&quot;e-font-icon-svg e-fas-chevron-down&quot; viewBox=&quot;0 0 448 512&quot; xmlns=&quot;http:\/\/www.w3.org\/2000\/svg&quot;&gt;&lt;path d=&quot;M207.029 381.476L12.686 187.132c-9.373-9.373-9.373-24.569 0-33.941l22.667-22.667c9.357-9.357 24.522-9.375 33.901-.04L224 284.505l154.745-154.021c9.379-9.335 24.544-9.317 33.901.04l22.667 22.667c9.373 9.373 9.373 24.569 0 33.941L240.971 381.476c-9.373 9.372-24.569 9.372-33.942 0z&quot;&gt;&lt;\/path&gt;&lt;\/svg&gt;\" tabindex=\"0\" role=\"button\"><span class=\"jet-unfold__button-icon jet-tricks-icon\"><svg aria-hidden=\"true\" class=\"e-font-icon-svg e-fas-chevron-down\" viewbox=\"0 0 448 512\" xmlns=\"http:\/\/www.w3.org\/2000\/svg\"><path d=\"M207.029 381.476L12.686 187.132c-9.373-9.373-9.373-24.569 0-33.941l22.667-22.667c9.357-9.357 24.522-9.375 33.901-.04L224 284.505l154.745-154.021c9.379-9.335 24.544-9.317 33.901.04l22.667 22.667c9.373 9.373 9.373 24.569 0 33.941L240.971 381.476c-9.373 9.372-24.569 9.372-33.942 0z\"><\/path><\/svg><\/span><span class=\"jet-unfold__button-text\">Mostrar mais<\/span><\/div>\t\t\t\t<\/div>\n\t\t\t<\/div>\n\t\t<\/div>\n\t\t\t\t\t\t<\/div>\n\t\t\t\t<\/div>\n\t\t\t\t<\/div>\n\t\t\t\t\t<\/div>\n\t\t\t\t<\/div>\n\t\t<div class=\"elementor-element elementor-element-37899d25 e-flex e-con-boxed e-con e-parent\" data-id=\"37899d25\" data-element_type=\"container\" data-settings=\"{&quot;jet_parallax_layout_list&quot;:[],&quot;ekit_has_onepagescroll_dot&quot;:&quot;yes&quot;}\">\n\t\t\t\t\t<div class=\"e-con-inner\">\n\t\t<div class=\"elementor-element elementor-element-44802347 e-con-full e-flex e-con e-child\" data-id=\"44802347\" data-element_type=\"container\" data-settings=\"{&quot;jet_parallax_layout_list&quot;:[],&quot;ekit_has_onepagescroll_dot&quot;:&quot;yes&quot;}\">\n\t\t\t\t<div class=\"elementor-element elementor-element-59f4ae83 elementor-widget elementor-widget-heading\" data-id=\"59f4ae83\" data-element_type=\"widget\" data-settings=\"{&quot;ekit_we_effect_on&quot;:&quot;none&quot;}\" data-widget_type=\"heading.default\">\n\t\t\t\t<div class=\"elementor-widget-container\">\n\t\t\t\t\t<h2 class=\"elementor-heading-title elementor-size-default\">Descubra os diferentes tipos de bilhetes<\/h2>\t\t\t\t<\/div>\n\t\t\t\t<\/div>\n\t\t\t\t<div class=\"elementor-element elementor-element-66d7a64 elementor-hidden-tablet elementor-hidden-mobile elementor-widget elementor-widget-html\" data-id=\"66d7a64\" data-element_type=\"widget\" data-settings=\"{&quot;ekit_we_effect_on&quot;:&quot;none&quot;}\" data-widget_type=\"html.default\">\n\t\t\t\t<div class=\"elementor-widget-container\">\n\t\t\t\t\t<div data-tiqets-widget=\"discovery\" data-cards-layout=\"responsive\" data-content-type=\"product\" data-item_count=\"4\" data-destination-type=\"venue\" data-destination-id=\"144780\" data-partner=\"borghesegallery.com\"><\/div><script defer src=\"https:\/\/widgets.tiqets.com\/loader.js\"><\/script>\t\t\t\t<\/div>\n\t\t\t\t<\/div>\n\t\t\t\t<div class=\"elementor-element elementor-element-86f9046 elementor-hidden-desktop elementor-widget elementor-widget-html\" data-id=\"86f9046\" data-element_type=\"widget\" data-settings=\"{&quot;ekit_we_effect_on&quot;:&quot;none&quot;}\" data-widget_type=\"html.default\">\n\t\t\t\t<div class=\"elementor-widget-container\">\n\t\t\t\t\t<div data-tiqets-widget=\"discovery\" data-cards-layout=\"responsive\" data-content-type=\"product\" data-item_count=\"2\" data-destination-type=\"venue\" data-destination-id=\"144780\" data-partner=\"borghesegallery.com\"><\/div><script defer src=\"https:\/\/widgets.tiqets.com\/loader.js\"><\/script>\t\t\t\t<\/div>\n\t\t\t\t<\/div>\n\t\t\t\t<\/div>\n\t\t\t\t\t<\/div>\n\t\t\t\t<\/div>\n\t\t\t\t<\/div>","protected":false},"excerpt":{"rendered":"<p>ENTRY TICKET HISTORY OF THE BORGHESE GALLERY The Borghese Gallery: A Testament to Art and History in Rome Discover the [&hellip;]<\/p>","protected":false},"author":1,"featured_media":1093,"parent":0,"menu_order":0,"comment_status":"closed","ping_status":"closed","template":"","meta":{"site-sidebar-layout":"no-sidebar","site-content-layout":"","ast-site-content-layout":"full-width-container","site-content-style":"default","site-sidebar-style":"default","ast-global-header-display":"","ast-banner-title-visibility":"","ast-main-header-display":"","ast-hfb-above-header-display":"","ast-hfb-below-header-display":"","ast-hfb-mobile-header-display":"","site-post-title":"disabled","ast-breadcrumbs-content":"","ast-featured-img":"disabled","footer-sml-layout":"","theme-transparent-header-meta":"default","adv-header-id-meta":"","stick-header-meta":"","header-above-stick-meta":"","header-main-stick-meta":"","header-below-stick-meta":"","astra-migrate-meta-layouts":"set","ast-page-background-enabled":"default","ast-page-background-meta":{"desktop":{"background-color":"var(--ast-global-color-4)","background-image":"","background-repeat":"repeat","background-position":"center center","background-size":"auto","background-attachment":"scroll","background-type":"","background-media":"","overlay-type":"","overlay-color":"","overlay-opacity":"","overlay-gradient":""},"tablet":{"background-color":"","background-image":"","background-repeat":"repeat","background-position":"center center","background-size":"auto","background-attachment":"scroll","background-type":"","background-media":"","overlay-type":"","overlay-color":"","overlay-opacity":"","overlay-gradient":""},"mobile":{"background-color":"","background-image":"","background-repeat":"repeat","background-position":"center center","background-size":"auto","background-attachment":"scroll","background-type":"","background-media":"","overlay-type":"","overlay-color":"","overlay-opacity":"","overlay-gradient":""}},"ast-content-background-meta":{"desktop":{"background-color":"var(--ast-global-color-5)","background-image":"","background-repeat":"repeat","background-position":"center center","background-size":"auto","background-attachment":"scroll","background-type":"","background-media":"","overlay-type":"","overlay-color":"","overlay-opacity":"","overlay-gradient":""},"tablet":{"background-color":"var(--ast-global-color-5)","background-image":"","background-repeat":"repeat","background-position":"center center","background-size":"auto","background-attachment":"scroll","background-type":"","background-media":"","overlay-type":"","overlay-color":"","overlay-opacity":"","overlay-gradient":""},"mobile":{"background-color":"var(--ast-global-color-5)","background-image":"","background-repeat":"repeat","background-position":"center center","background-size":"auto","background-attachment":"scroll","background-type":"","background-media":"","overlay-type":"","overlay-color":"","overlay-opacity":"","overlay-gradient":""}},"footnotes":""},"class_list":["post-300","page","type-page","status-publish","has-post-thumbnail","hentry"],"_links":{"self":[{"href":"https:\/\/borghesegallery.com\/pt\/wp-json\/wp\/v2\/pages\/300","targetHints":{"allow":["GET"]}}],"collection":[{"href":"https:\/\/borghesegallery.com\/pt\/wp-json\/wp\/v2\/pages"}],"about":[{"href":"https:\/\/borghesegallery.com\/pt\/wp-json\/wp\/v2\/types\/page"}],"author":[{"embeddable":true,"href":"https:\/\/borghesegallery.com\/pt\/wp-json\/wp\/v2\/users\/1"}],"replies":[{"embeddable":true,"href":"https:\/\/borghesegallery.com\/pt\/wp-json\/wp\/v2\/comments?post=300"}],"version-history":[{"count":34,"href":"https:\/\/borghesegallery.com\/pt\/wp-json\/wp\/v2\/pages\/300\/revisions"}],"predecessor-version":[{"id":2361,"href":"https:\/\/borghesegallery.com\/pt\/wp-json\/wp\/v2\/pages\/300\/revisions\/2361"}],"wp:featuredmedia":[{"embeddable":true,"href":"https:\/\/borghesegallery.com\/pt\/wp-json\/wp\/v2\/media\/1093"}],"wp:attachment":[{"href":"https:\/\/borghesegallery.com\/pt\/wp-json\/wp\/v2\/media?parent=300"}],"curies":[{"name":"wp","href":"https:\/\/api.w.org\/{rel}","templated":true}]}}