{"id":213,"date":"2024-08-05T15:20:15","date_gmt":"2024-08-05T15:20:15","guid":{"rendered":"https:\/\/musei-vaticani-roma.it\/?page_id=213"},"modified":"2026-01-26T14:44:28","modified_gmt":"2026-01-26T14:44:28","slug":"villa-borghese-gardens","status":"publish","type":"page","link":"https:\/\/borghesegallery.com\/pt\/capela-sistina\/","title":{"rendered":"JARDINS DA VILLA BORGHESE"},"content":{"rendered":"<div data-elementor-type=\"wp-page\" data-elementor-id=\"213\" class=\"elementor elementor-213\" data-elementor-post-type=\"page\">\n\t\t\t\t<div class=\"elementor-element elementor-element-5e1703ef e-flex e-con-boxed e-con e-parent\" data-id=\"5e1703ef\" data-element_type=\"container\" data-settings=\"{&quot;background_background&quot;:&quot;classic&quot;,&quot;jet_parallax_layout_list&quot;:[],&quot;ekit_has_onepagescroll_dot&quot;:&quot;yes&quot;}\">\n\t\t\t\t\t<div class=\"e-con-inner\">\n\t\t\t\t<div class=\"elementor-element elementor-element-5cce77e7 elementor-widget elementor-widget-elementskit-heading\" data-id=\"5cce77e7\" data-element_type=\"widget\" data-settings=\"{&quot;ekit_we_effect_on&quot;:&quot;none&quot;}\" data-widget_type=\"elementskit-heading.default\">\n\t\t\t\t<div class=\"elementor-widget-container\">\n\t\t\t\t\t<div class=\"ekit-wid-con\" ><div class=\"ekit-heading elementskit-section-title-wraper center   ekit_heading_tablet-   ekit_heading_mobile-\"><h1 class=\"ekit-heading--title elementskit-section-title\">JARDINS DA VILLA BORGHESE<\/h1><\/div><\/div>\t\t\t\t<\/div>\n\t\t\t\t<\/div>\n\t\t\t\t<div class=\"elementor-element elementor-element-74d7387e elementor-widget elementor-widget-elementskit-button\" data-id=\"74d7387e\" data-element_type=\"widget\" data-settings=\"{&quot;ekit_we_effect_on&quot;:&quot;none&quot;}\" data-widget_type=\"elementskit-button.default\">\n\t\t\t\t<div class=\"elementor-widget-container\">\n\t\t\t\t\t<div class=\"ekit-wid-con\" >\t\t<div class=\"ekit-btn-wraper\">\n\t\t\t\t\t\t\t<a href=\"https:\/\/www.tiqets.com\/en\/borghese-gallery-tickets-l144780\/?partner=borghesegallery.com&#038;tq_campaign=gardens\" target=\"_blank\" rel=\"nofollow\" class=\"elementskit-btn  whitespace--normal\" id=\"\">\n\t\t\t\t\tBILHETE DE ENTRADA NA GALERIA \t\t\t\t<\/a>\n\t\t\t\t\t<\/div>\n        <\/div>\t\t\t\t<\/div>\n\t\t\t\t<\/div>\n\t\t\t\t\t<\/div>\n\t\t\t\t<\/div>\n\t\t<div class=\"elementor-element elementor-element-a49ca27 e-flex e-con-boxed e-con e-parent\" data-id=\"a49ca27\" data-element_type=\"container\" data-settings=\"{&quot;jet_parallax_layout_list&quot;:[],&quot;background_background&quot;:&quot;classic&quot;,&quot;ekit_has_onepagescroll_dot&quot;:&quot;yes&quot;}\">\n\t\t\t\t\t<div class=\"e-con-inner\">\n\t\t<div class=\"elementor-element elementor-element-808cb83 e-con-full e-flex e-con e-child\" data-id=\"808cb83\" data-element_type=\"container\" data-settings=\"{&quot;jet_parallax_layout_list&quot;:[],&quot;ekit_has_onepagescroll_dot&quot;:&quot;yes&quot;}\">\n\t\t\t\t<div class=\"elementor-element elementor-element-5d08cfb6 elementor-widget elementor-widget-heading\" data-id=\"5d08cfb6\" data-element_type=\"widget\" data-settings=\"{&quot;ekit_we_effect_on&quot;:&quot;none&quot;}\" data-widget_type=\"heading.default\">\n\t\t\t\t<div class=\"elementor-widget-container\">\n\t\t\t\t\t<h2 class=\"elementor-heading-title elementor-size-default\">OS JARDINS DA VILLA BORGHESE EM ROMA<\/h2>\t\t\t\t<\/div>\n\t\t\t\t<\/div>\n\t\t\t\t<\/div>\n\t\t<div class=\"elementor-element elementor-element-2bfe67c7 e-flex e-con-boxed e-con e-child\" data-id=\"2bfe67c7\" data-element_type=\"container\" data-settings=\"{&quot;background_background&quot;:&quot;classic&quot;,&quot;jet_parallax_layout_list&quot;:[],&quot;ekit_has_onepagescroll_dot&quot;:&quot;yes&quot;}\">\n\t\t\t\t\t<div class=\"e-con-inner\">\n\t\t\t\t<div class=\"elementor-element elementor-element-68882d17 elementor-widget elementor-widget-heading\" data-id=\"68882d17\" data-element_type=\"widget\" data-settings=\"{&quot;ekit_we_effect_on&quot;:&quot;none&quot;}\" data-widget_type=\"heading.default\">\n\t\t\t\t<div class=\"elementor-widget-container\">\n\t\t\t\t\t<h4 class=\"elementor-heading-title elementor-size-default\">Explorando os Jardins da Villa Borghese: O exuberante o\u00e1sis urbano de Roma\n<\/h4>\t\t\t\t<\/div>\n\t\t\t\t<\/div>\n\t\t\t\t<div class=\"elementor-element elementor-element-411798d1 elementor-widget elementor-widget-heading\" data-id=\"411798d1\" data-element_type=\"widget\" data-settings=\"{&quot;ekit_we_effect_on&quot;:&quot;none&quot;}\" data-widget_type=\"heading.default\">\n\t\t\t\t<div class=\"elementor-widget-container\">\n\t\t\t\t\t<h6 class=\"elementor-heading-title elementor-size-default\">Descubra a beleza, a hist\u00f3ria e as atrac\u00e7\u00f5es de um dos parques mais apreciados de Roma\n\n\n\n\n\n\n<\/h6>\t\t\t\t<\/div>\n\t\t\t\t<\/div>\n\t\t\t\t<div class=\"elementor-element elementor-element-233eddb5 elementor-widget elementor-widget-text-editor\" data-id=\"233eddb5\" data-element_type=\"widget\" data-settings=\"{&quot;ekit_we_effect_on&quot;:&quot;none&quot;}\" data-widget_type=\"text-editor.default\">\n\t\t\t\t<div class=\"elementor-widget-container\">\n\t\t\t\t\t\t\t\t\t<p>O <strong>Jardins da Villa Borghese<\/strong> (<em>Jardins da Villa Borghese<\/em>) est\u00e3o entre os espa\u00e7os verdes mais encantadores e extensos de Roma. Abrangendo mais de <strong>80 hectares<\/strong>O Parque da Villa Borghese \u00e9 um vasto parque que oferece um ref\u00fagio tranquilo das ruas movimentadas da cidade e um local perfeito para relaxar, explorar e enriquecer culturalmente. Localizados a norte do centro hist\u00f3rico, os Jardins da Villa Borghese s\u00e3o muitas vezes referidos como o \"<strong>cora\u00e7\u00e3o verde<\/strong>\" de <strong>Roma<\/strong>e desempenham um papel vital na vida e no patrim\u00f3nio da cidade.<\/p><p>As origens dos Jardins da Villa Borghese remontam aos primeiros anos da<span style=\"text-decoration: underline;\"> S\u00e9culo XVII<\/span> quando <strong>Cardeal Scipione Borghese<\/strong>, membro proeminente da poderosa fam\u00edlia Borghese e sobrinho de <strong>Papa Paulo V<\/strong>Em 1955, o arquiteto, que tinha a inten\u00e7\u00e3o de criar uma casa de campo rodeada por um vasto jardim, decidiu que esta seria a sua casa. Inspirado nas grandes vilas do Renascimento, encomendou a arquitectos de renome <strong>Flaminio Ponzio<\/strong> e <strong>Giovanni Vasanzio<\/strong> para conceber os jardins e as zonas adjacentes <strong>Galeria Borghese<\/strong>. Ao longo dos s\u00e9culos, os jardins foram ampliados e transformados, incorporando v\u00e1rios estilos e carater\u00edsticas, desde o cl\u00e1ssico <strong>Jardins italianos<\/strong> para <strong>Ingl\u00eas<\/strong> elementos paisag\u00edsticos, criando um ambiente diversificado e pitoresco.<\/p><p>Atualmente, o <strong>Jardins da Villa Borghese<\/strong> s\u00e3o um<strong> destino preferido<\/strong> para ambos<strong> habitantes locais e turistas.<\/strong> Os visitantes podem desfrutar dos muitos percursos pedestres do parque, dos relvados exuberantes e das \u00e1reas paisag\u00edsticas de grande beleza. Uma das principais atrac\u00e7\u00f5es do parque \u00e9 o <strong>Galeria Borghese<\/strong> (<em>Galeria Borghese<\/em>), a <strong>museu de classe mundial<\/strong> que alberga uma incr\u00edvel cole\u00e7\u00e3o de esculturas, pinturas e antiguidades, incluindo obras-primas de <strong>Bernini<\/strong>, <strong>Caravaggio<\/strong>, <strong>Rafael<\/strong>e <strong>Ticiano<\/strong>. Uma visita \u00e0 galeria, rodeada pela tranquilidade dos jardins, oferece uma mistura \u00fanica de natureza e cultura.<\/p><p>Para al\u00e9m da galeria, os Jardins da Villa Borghese apresentam v\u00e1rios outros pontos de interesse. Os <strong>Templo de Escul\u00e1pio<\/strong>, um pequeno templo neocl\u00e1ssico com vista para um lago artificial sereno, \u00e9 um local popular para passeios de barco e fotografia. O <strong>Terra\u00e7o Pincio<\/strong> (<em>Terrazza del Pincio)<\/em>localizado na extremidade ocidental dos jardins, oferece uma das mais deslumbrantes vistas panor\u00e2micas de Roma, especialmente ao p\u00f4r do sol. O <strong>Bioparco di Roma<\/strong>, o <em>jardim zool\u00f3gico da cidade<\/em>\u00e9 outro dos destaques, apresentando uma variedade de esp\u00e9cies animais e proporcionando uma experi\u00eancia agrad\u00e1vel para fam\u00edlias e crian\u00e7as.<\/p><p>Para os interessados nas artes, o<strong> Casa do Cinema<\/strong> e o <strong>Teatro Globe<\/strong>O Teatro de Shakespeare, uma r\u00e9plica do famoso teatro de Shakespeare, est\u00e1 situado no interior dos jardins e acolhe regularmente eventos culturais, projec\u00e7\u00f5es e espect\u00e1culos. O parque tamb\u00e9m possui in\u00fameras fontes, esculturas e j\u00f3ias escondidas que reflectem o seu patrim\u00f3nio hist\u00f3rico e art\u00edstico, tais como o <strong>Fonte dos Cavalos do Mar<\/strong> (<em>Fontana dei Cavalli Marini)<\/em> e o <strong>Monumento a Victor Emmanuel II.<\/strong><\/p><p>Os Jardins da Villa Borghese oferecem uma vasta gama de actividades recreativas. Pode alugar bicicletas, scooters el\u00e9ctricas ou mesmo barcos a remos para explorar o parque \u00e0 sua vontade. <strong>Piqueniques<\/strong> nos luxuriantes relvados \u00e9 um passatempo popular, e os muitos caf\u00e9s e quiosques espalhados pelos jardins oferecem refrescos para um dia perfeito. Para al\u00e9m disso, v\u00e1rios parques infantis fazem do parque um destino para toda a fam\u00edlia.<\/p><p>Para chegar aos Jardins da Villa Borghese, pode apanhar o <strong>metro<\/strong> (<span style=\"text-decoration: underline;\">Linha A<\/span>) para o<strong> Esp\u00e1tula<\/strong> ou <strong>Flam\u00ednio<\/strong> ambas a uma curta dist\u00e2ncia a p\u00e9 das entradas do parque. Alternativamente, muitas rotas de autocarro servem a \u00e1rea, tornando-a facilmente acess\u00edvel a partir de qualquer ponto da cidade.<\/p><p>Em conclus\u00e3o, o <strong>Jardins da Villa Borghese<\/strong> s\u00e3o muito mais do que um simples parque; s\u00e3o um tesouro cultural, hist\u00f3rico e natural que oferece algo para todos. Quer pretenda mergulhar na arte, desfrutar de um passeio tranquilo ou simplesmente relaxar num belo cen\u00e1rio, os jardins proporcionam um ambiente sereno e diversificado que cativa todos os que os visitam. Uma viagem a <strong>Roma<\/strong> est\u00e1 incompleto sem experimentar o encanto e o fasc\u00ednio dos Jardins da Villa Borghese.<\/p>\t\t\t\t\t\t\t\t<\/div>\n\t\t\t\t<\/div>\n\t\t\t\t\t<\/div>\n\t\t\t\t<\/div>\n\t\t\t\t\t<\/div>\n\t\t\t\t<\/div>\n\t\t<div class=\"elementor-element elementor-element-1a33e09a e-flex e-con-boxed e-con e-parent\" data-id=\"1a33e09a\" data-element_type=\"container\" data-settings=\"{&quot;jet_parallax_layout_list&quot;:[],&quot;ekit_has_onepagescroll_dot&quot;:&quot;yes&quot;}\">\n\t\t\t\t\t<div class=\"e-con-inner\">\n\t\t<div class=\"elementor-element elementor-element-25eca8b2 e-con-full e-flex e-con e-child\" data-id=\"25eca8b2\" data-element_type=\"container\" data-settings=\"{&quot;jet_parallax_layout_list&quot;:[],&quot;ekit_has_onepagescroll_dot&quot;:&quot;yes&quot;}\">\n\t\t\t\t<div class=\"elementor-element elementor-element-61cb336f elementor-widget elementor-widget-heading\" data-id=\"61cb336f\" data-element_type=\"widget\" data-settings=\"{&quot;ekit_we_effect_on&quot;:&quot;none&quot;}\" data-widget_type=\"heading.default\">\n\t\t\t\t<div class=\"elementor-widget-container\">\n\t\t\t\t\t<h2 class=\"elementor-heading-title elementor-size-default\">Descubra todas as actividades dos Jardins da Villa Borghese<\/h2>\t\t\t\t<\/div>\n\t\t\t\t<\/div>\n\t\t\t\t<div class=\"elementor-element elementor-element-54ec1a2e elementor-widget elementor-widget-html\" data-id=\"54ec1a2e\" data-element_type=\"widget\" data-settings=\"{&quot;ekit_we_effect_on&quot;:&quot;none&quot;}\" data-widget_type=\"html.default\">\n\t\t\t\t<div class=\"elementor-widget-container\">\n\t\t\t\t\t<div data-tiqets-widget=\"discovery\" data-cards-layout=\"responsive\" data-content-type=\"product\" data-item_count=\"4\" data-destination-type=\"venue\" data-destination-id=\"178815\" data-partner=\"borghesegallery.com\"><\/div><script defer src=\"https:\/\/widgets.tiqets.com\/loader.js\"><\/script>\t\t\t\t<\/div>\n\t\t\t\t<\/div>\n\t\t\t\t<\/div>\n\t\t\t\t\t<\/div>\n\t\t\t\t<\/div>\n\t\t\t\t<\/div>","protected":false},"excerpt":{"rendered":"<p>BILHETE DE ENTRADA PARA A GALERIA DOS JARDINS DA VILLA BORGHESE OS JARDINS DA VILLA BORGHESE EM ROMA Explorando os Jardins da Villa Borghese: A exuberante paisagem urbana de Roma [...]<\/p>","protected":false},"author":1,"featured_media":0,"parent":0,"menu_order":0,"comment_status":"closed","ping_status":"closed","template":"","meta":{"site-sidebar-layout":"default","site-content-layout":"","ast-site-content-layout":"default","site-content-style":"default","site-sidebar-style":"default","ast-global-header-display":"","ast-banner-title-visibility":"","ast-main-header-display":"","ast-hfb-above-header-display":"","ast-hfb-below-header-display":"","ast-hfb-mobile-header-display":"","site-post-title":"","ast-breadcrumbs-content":"","ast-featured-img":"","footer-sml-layout":"","theme-transparent-header-meta":"default","adv-header-id-meta":"","stick-header-meta":"","header-above-stick-meta":"","header-main-stick-meta":"","header-below-stick-meta":"","astra-migrate-meta-layouts":"set","ast-page-background-enabled":"default","ast-page-background-meta":{"desktop":{"background-color":"var(--ast-global-color-4)","background-image":"","background-repeat":"repeat","background-position":"center center","background-size":"auto","background-attachment":"scroll","background-type":"","background-media":"","overlay-type":"","overlay-color":"","overlay-opacity":"","overlay-gradient":""},"tablet":{"background-color":"","background-image":"","background-repeat":"repeat","background-position":"center center","background-size":"auto","background-attachment":"scroll","background-type":"","background-media":"","overlay-type":"","overlay-color":"","overlay-opacity":"","overlay-gradient":""},"mobile":{"background-color":"","background-image":"","background-repeat":"repeat","background-position":"center center","background-size":"auto","background-attachment":"scroll","background-type":"","background-media":"","overlay-type":"","overlay-color":"","overlay-opacity":"","overlay-gradient":""}},"ast-content-background-meta":{"desktop":{"background-color":"var(--ast-global-color-5)","background-image":"","background-repeat":"repeat","background-position":"center center","background-size":"auto","background-attachment":"scroll","background-type":"","background-media":"","overlay-type":"","overlay-color":"","overlay-opacity":"","overlay-gradient":""},"tablet":{"background-color":"var(--ast-global-color-5)","background-image":"","background-repeat":"repeat","background-position":"center center","background-size":"auto","background-attachment":"scroll","background-type":"","background-media":"","overlay-type":"","overlay-color":"","overlay-opacity":"","overlay-gradient":""},"mobile":{"background-color":"var(--ast-global-color-5)","background-image":"","background-repeat":"repeat","background-position":"center center","background-size":"auto","background-attachment":"scroll","background-type":"","background-media":"","overlay-type":"","overlay-color":"","overlay-opacity":"","overlay-gradient":""}},"footnotes":""},"class_list":["post-213","page","type-page","status-publish","hentry"],"_links":{"self":[{"href":"https:\/\/borghesegallery.com\/pt\/wp-json\/wp\/v2\/pages\/213","targetHints":{"allow":["GET"]}}],"collection":[{"href":"https:\/\/borghesegallery.com\/pt\/wp-json\/wp\/v2\/pages"}],"about":[{"href":"https:\/\/borghesegallery.com\/pt\/wp-json\/wp\/v2\/types\/page"}],"author":[{"embeddable":true,"href":"https:\/\/borghesegallery.com\/pt\/wp-json\/wp\/v2\/users\/1"}],"replies":[{"embeddable":true,"href":"https:\/\/borghesegallery.com\/pt\/wp-json\/wp\/v2\/comments?post=213"}],"version-history":[{"count":28,"href":"https:\/\/borghesegallery.com\/pt\/wp-json\/wp\/v2\/pages\/213\/revisions"}],"predecessor-version":[{"id":1678,"href":"https:\/\/borghesegallery.com\/pt\/wp-json\/wp\/v2\/pages\/213\/revisions\/1678"}],"wp:attachment":[{"href":"https:\/\/borghesegallery.com\/pt\/wp-json\/wp\/v2\/media?parent=213"}],"curies":[{"name":"wp","href":"https:\/\/api.w.org\/{rel}","templated":true}]}}