{"id":300,"date":"2024-08-30T10:17:12","date_gmt":"2024-08-30T10:17:12","guid":{"rendered":"https:\/\/musei-vaticani-roma.it\/?page_id=300"},"modified":"2026-01-26T15:00:58","modified_gmt":"2026-01-26T15:00:58","slug":"history","status":"publish","type":"page","link":"https:\/\/borghesegallery.com\/it\/storia\/","title":{"rendered":"STORIA"},"content":{"rendered":"<div data-elementor-type=\"wp-page\" data-elementor-id=\"300\" class=\"elementor elementor-300\" data-elementor-post-type=\"page\">\n\t\t\t\t<div class=\"elementor-element elementor-element-4146b1dc e-flex e-con-boxed e-con e-parent\" data-id=\"4146b1dc\" data-element_type=\"container\" data-settings=\"{&quot;background_background&quot;:&quot;classic&quot;,&quot;jet_parallax_layout_list&quot;:[],&quot;ekit_has_onepagescroll_dot&quot;:&quot;yes&quot;}\">\n\t\t\t\t\t<div class=\"e-con-inner\">\n\t\t\t\t<div class=\"elementor-element elementor-element-528564c5 elementor-widget elementor-widget-elementskit-heading\" data-id=\"528564c5\" data-element_type=\"widget\" data-settings=\"{&quot;ekit_we_effect_on&quot;:&quot;none&quot;}\" data-widget_type=\"elementskit-heading.default\">\n\t\t\t\t<div class=\"elementor-widget-container\">\n\t\t\t\t\t<div class=\"ekit-wid-con\" ><div class=\"ekit-heading elementskit-section-title-wraper center   ekit_heading_tablet-   ekit_heading_mobile-\"><h1 class=\"ekit-heading--title elementskit-section-title\">STORIA <\/h1><\/div><\/div>\t\t\t\t<\/div>\n\t\t\t\t<\/div>\n\t\t\t\t<div class=\"elementor-element elementor-element-3cb7ebe1 elementor-widget elementor-widget-elementskit-button\" data-id=\"3cb7ebe1\" data-element_type=\"widget\" data-settings=\"{&quot;ekit_we_effect_on&quot;:&quot;none&quot;}\" data-widget_type=\"elementskit-button.default\">\n\t\t\t\t<div class=\"elementor-widget-container\">\n\t\t\t\t\t<div class=\"ekit-wid-con\" >\t\t<div class=\"ekit-btn-wraper\">\n\t\t\t\t\t\t\t<a href=\"https:\/\/www.tiqets.com\/en\/borghese-gallery-tickets-l144780\/?partner=borghesegallery.com&#038;tq_campaign=history\" target=\"_blank\" rel=\"nofollow\" class=\"elementskit-btn  whitespace--normal\" id=\"\">\n\t\t\t\t\tBIGLIETTO D'INGRESSO\t\t\t\t<\/a>\n\t\t\t\t\t<\/div>\n        <\/div>\t\t\t\t<\/div>\n\t\t\t\t<\/div>\n\t\t\t\t\t<\/div>\n\t\t\t\t<\/div>\n\t\t<div class=\"elementor-element elementor-element-d888528 e-flex e-con-boxed e-con e-parent\" data-id=\"d888528\" data-element_type=\"container\" data-settings=\"{&quot;jet_parallax_layout_list&quot;:[],&quot;background_background&quot;:&quot;classic&quot;,&quot;ekit_has_onepagescroll_dot&quot;:&quot;yes&quot;}\">\n\t\t\t\t\t<div class=\"e-con-inner\">\n\t\t<div class=\"elementor-element elementor-element-a16176f e-con-full e-flex e-con e-child\" data-id=\"a16176f\" data-element_type=\"container\" data-settings=\"{&quot;jet_parallax_layout_list&quot;:[],&quot;ekit_has_onepagescroll_dot&quot;:&quot;yes&quot;}\">\n\t\t\t\t<div class=\"elementor-element elementor-element-6a85bd1 elementor-widget elementor-widget-heading\" data-id=\"6a85bd1\" data-element_type=\"widget\" data-settings=\"{&quot;ekit_we_effect_on&quot;:&quot;none&quot;}\" data-widget_type=\"heading.default\">\n\t\t\t\t<div class=\"elementor-widget-container\">\n\t\t\t\t\t<h2 class=\"elementor-heading-title elementor-size-default\">STORIA DELLA GALLERIA BORGHESE<\/h2>\t\t\t\t<\/div>\n\t\t\t\t<\/div>\n\t\t\t\t<\/div>\n\t\t<div class=\"elementor-element elementor-element-7bbb8c61 e-flex e-con-boxed e-con e-child\" data-id=\"7bbb8c61\" data-element_type=\"container\" data-settings=\"{&quot;background_background&quot;:&quot;classic&quot;,&quot;jet_parallax_layout_list&quot;:[],&quot;ekit_has_onepagescroll_dot&quot;:&quot;yes&quot;}\">\n\t\t\t\t\t<div class=\"e-con-inner\">\n\t\t\t\t<div class=\"elementor-element elementor-element-4fc3826f elementor-widget elementor-widget-heading\" data-id=\"4fc3826f\" data-element_type=\"widget\" data-settings=\"{&quot;ekit_we_effect_on&quot;:&quot;none&quot;}\" data-widget_type=\"heading.default\">\n\t\t\t\t<div class=\"elementor-widget-container\">\n\t\t\t\t\t<h4 class=\"elementor-heading-title elementor-size-default\">La Galleria Borghese: Un testamento dell'arte e della storia a Roma<\/h4>\t\t\t\t<\/div>\n\t\t\t\t<\/div>\n\t\t\t\t<div class=\"elementor-element elementor-element-3ecdc3b9 elementor-widget elementor-widget-heading\" data-id=\"3ecdc3b9\" data-element_type=\"widget\" data-settings=\"{&quot;ekit_we_effect_on&quot;:&quot;none&quot;}\" data-widget_type=\"heading.default\">\n\t\t\t\t<div class=\"elementor-widget-container\">\n\t\t\t\t\t<h6 class=\"elementor-heading-title elementor-size-default\">Scoprite la ricca eredit\u00e0 della collezione d'arte del cardinale Scipione Borghese in uno dei musei pi\u00f9 iconici di Roma\n\n\n\n\n\n\n<\/h6>\t\t\t\t<\/div>\n\t\t\t\t<\/div>\n\t\t\t\t<div class=\"elementor-element elementor-element-6eef374a elementor-widget elementor-widget-text-editor\" data-id=\"6eef374a\" data-element_type=\"widget\" data-settings=\"{&quot;ekit_we_effect_on&quot;:&quot;none&quot;}\" data-widget_type=\"text-editor.default\">\n\t\t\t\t<div class=\"elementor-widget-container\">\n\t\t\t\t\t\t\t\t\t<p>Il <strong>Galleria Borghese<\/strong> (Galleria Borghese) \u00e8 un rinomato museo d'arte situato nel cuore della citt\u00e0. <strong>Villa Borghese<\/strong>, una grande tenuta in <strong>Roma<\/strong>, Italia. La galleria \u00e8 stata costruita nei primi anni del <strong>XVII secolo<\/strong> come una lussuosa villa suburbana per <strong>Il cardinale Scipione Borghese<\/strong>, il nipote di <strong>Papa Paolo V<\/strong>. Membro di una delle famiglie pi\u00f9 potenti e ricche di Roma, Scipione Borghese aveva i mezzi e l'influenza per creare un tesoro culturale e dedic\u00f2 gran parte della sua vita ad accumulare una straordinaria collezione d'arte. Appassionato collezionista d'arte e precoce mecenate di artisti come <strong>Caravaggio<\/strong> e <strong>Gian Lorenzo Bernini<\/strong>Il cardinale Borghese trasform\u00f2 la villa in una vetrina per la sua imponente collezione di sculture, dipinti e antichit\u00e0.<\/p><p>La villa stessa \u00e8 stata progettata dall'architetto <strong>Flaminio Ponzio<\/strong>, basato su schizzi di Scipione Borghese, e completato da Giovanni Vasanzio dopo la morte di Ponzio. Il <strong>architettura<\/strong> della villa riflette il desiderio del cardinale di avere uno spazio che fosse al tempo stesso una <strong>residenza privata<\/strong> e un<strong> galleria pubblica<\/strong>. La disposizione e il design dell'edificio enfatizzano l'armonia, con stanze ampie e ariose, soffitti alti e abbondante luce naturale per migliorare la visione delle opere d'arte. L'interno della galleria \u00e8 stato accuratamente realizzato per esporre i pezzi pregiati di Borghese in modo esteticamente piacevole, con decorazioni ornamentali, intarsi in marmo, soffitti affrescati e pareti riccamente dipinte che completano le opere d'arte.<\/p><p>Il <strong>La collezione della Galleria Borghese<\/strong> \u00e8 cresciuta rapidamente fino a comprendere i capolavori di alcuni dei pi\u00f9 importanti artisti dell'epoca. Tra le sue opere pi\u00f9 famose ci sono il \"<em>Davide con la testa di Golia<\/em>\" e \"<em>Ragazzo con cesto di frutta<\/em>,\" Le magnifiche sculture di Gian Lorenzo Bernini \"<em>Apollo e Dafne<\/em>\" e \"<em>Il ratto di Proserpina,<\/em>\" Raffaello \"<em>La deposizione<\/em>e il \"Tiziano\".<em>Amore sacro e profano.<\/em>\" Queste opere sono tuttora le attrazioni centrali della galleria e mostrano la notevole abilit\u00e0 e creativit\u00e0 dei loro creatori. La collezione comprende anche pezzi di <strong>Peter Paul Rubens<\/strong>, <strong>Domenichino<\/strong>, e <strong>Correggio<\/strong>che ne fanno una delle collezioni pi\u00f9 complete di<strong> Rinascimento<\/strong> e <strong>Barocco<\/strong> arte nel mondo.<\/p><p>Per tutto il <strong>XVIII e XIX secolo,<\/strong> la famiglia Borghese continu\u00f2 ad arricchire la collezione, ma la villa cominci\u00f2 a perdere la sua importanza come centro culturale. Nel 1808, gran parte della collezione fu trasferita a<strong> Francia<\/strong> a causa di pressioni politiche da parte di <strong>Napoleone Bonaparte<\/strong>che era sposata con un membro della famiglia Borghese. Tuttavia, la villa ha mantenuto il suo status di importante sito culturale, grazie alla sua splendida architettura, ai giardini e alla collezione rimasta.<\/p><p>In <strong>1902<\/strong>Lo Stato italiano acquist\u00f2 la villa, che fu trasformata in un edificio di culto.<strong> museo pubblico<\/strong> per preservare la sua ricca storia e la notevole collezione di opere d'arte tuttora conservata. Da allora, la Galleria Borghese \u00e8 stata aperta al pubblico, permettendo ai visitatori di tutto il mondo di sperimentare la grandezza dell'arte barocca e lo stile di vita opulento dell'\u00e9lite romana.<\/p><p>Oggi<strong>,<\/strong> la Galleria Borghese \u00e8 considerata una delle pi\u00f9 importanti gallerie di Roma. <strong>i musei d'arte pi\u00f9 significativi<\/strong>che attira ogni anno migliaia di visitatori che vengono ad ammirare la sua collezione di livello mondiale. Il museo \u00e8 famoso anche per i suoi giardini ben curati, conosciuti come i<strong> Giardini di Villa Borghese<\/strong>che offrono un rifugio tranquillo nel cuore di Roma. La galleria continua a testimoniare la visione del cardinale Scipione Borghese e la sua duratura passione per l'arte, fungendo da tesoro culturale che mette in mostra lo splendore dei capolavori rinascimentali e barocchi in un ambiente storico unico.<\/p>\t\t\t\t\t\t\t\t<\/div>\n\t\t\t\t<\/div>\n\t\t\t\t\t<\/div>\n\t\t\t\t<\/div>\n\t\t\t\t\t<\/div>\n\t\t\t\t<\/div>\n\t\t<div class=\"elementor-element elementor-element-37899d25 e-flex e-con-boxed e-con e-parent\" data-id=\"37899d25\" data-element_type=\"container\" data-settings=\"{&quot;jet_parallax_layout_list&quot;:[],&quot;ekit_has_onepagescroll_dot&quot;:&quot;yes&quot;}\">\n\t\t\t\t\t<div class=\"e-con-inner\">\n\t\t<div class=\"elementor-element elementor-element-44802347 e-con-full e-flex e-con e-child\" data-id=\"44802347\" data-element_type=\"container\" data-settings=\"{&quot;jet_parallax_layout_list&quot;:[],&quot;ekit_has_onepagescroll_dot&quot;:&quot;yes&quot;}\">\n\t\t\t\t<div class=\"elementor-element elementor-element-59f4ae83 elementor-widget elementor-widget-heading\" data-id=\"59f4ae83\" data-element_type=\"widget\" data-settings=\"{&quot;ekit_we_effect_on&quot;:&quot;none&quot;}\" data-widget_type=\"heading.default\">\n\t\t\t\t<div class=\"elementor-widget-container\">\n\t\t\t\t\t<h2 class=\"elementor-heading-title elementor-size-default\">Scoprite i diversi tipi di biglietti<\/h2>\t\t\t\t<\/div>\n\t\t\t\t<\/div>\n\t\t\t\t<div class=\"elementor-element elementor-element-66d7a64 elementor-widget elementor-widget-html\" data-id=\"66d7a64\" data-element_type=\"widget\" data-settings=\"{&quot;ekit_we_effect_on&quot;:&quot;none&quot;}\" data-widget_type=\"html.default\">\n\t\t\t\t<div class=\"elementor-widget-container\">\n\t\t\t\t\t<div data-tiqets-widget=\"discovery\" data-cards-layout=\"responsive\" data-content-type=\"product\" data-item_count=\"4\" data-destination-type=\"venue\" data-destination-id=\"144780\" data-partner=\"borghesegallery.com\"><\/div><script defer src=\"https:\/\/widgets.tiqets.com\/loader.js\"><\/script>\t\t\t\t<\/div>\n\t\t\t\t<\/div>\n\t\t\t\t<\/div>\n\t\t\t\t\t<\/div>\n\t\t\t\t<\/div>\n\t\t\t\t<\/div>","protected":false},"excerpt":{"rendered":"<p>STORIA BIGLIETTO D'INGRESSO STORIA DELLA GALLERIA BORGHESE La Galleria Borghese: Un testamento dell'arte e della storia a Roma Scoprire [...]<\/p>","protected":false},"author":1,"featured_media":0,"parent":0,"menu_order":0,"comment_status":"closed","ping_status":"closed","template":"","meta":{"site-sidebar-layout":"no-sidebar","site-content-layout":"","ast-site-content-layout":"full-width-container","site-content-style":"default","site-sidebar-style":"default","ast-global-header-display":"","ast-banner-title-visibility":"","ast-main-header-display":"","ast-hfb-above-header-display":"","ast-hfb-below-header-display":"","ast-hfb-mobile-header-display":"","site-post-title":"disabled","ast-breadcrumbs-content":"","ast-featured-img":"disabled","footer-sml-layout":"","theme-transparent-header-meta":"default","adv-header-id-meta":"","stick-header-meta":"","header-above-stick-meta":"","header-main-stick-meta":"","header-below-stick-meta":"","astra-migrate-meta-layouts":"set","ast-page-background-enabled":"default","ast-page-background-meta":{"desktop":{"background-color":"var(--ast-global-color-4)","background-image":"","background-repeat":"repeat","background-position":"center center","background-size":"auto","background-attachment":"scroll","background-type":"","background-media":"","overlay-type":"","overlay-color":"","overlay-opacity":"","overlay-gradient":""},"tablet":{"background-color":"","background-image":"","background-repeat":"repeat","background-position":"center center","background-size":"auto","background-attachment":"scroll","background-type":"","background-media":"","overlay-type":"","overlay-color":"","overlay-opacity":"","overlay-gradient":""},"mobile":{"background-color":"","background-image":"","background-repeat":"repeat","background-position":"center center","background-size":"auto","background-attachment":"scroll","background-type":"","background-media":"","overlay-type":"","overlay-color":"","overlay-opacity":"","overlay-gradient":""}},"ast-content-background-meta":{"desktop":{"background-color":"var(--ast-global-color-5)","background-image":"","background-repeat":"repeat","background-position":"center center","background-size":"auto","background-attachment":"scroll","background-type":"","background-media":"","overlay-type":"","overlay-color":"","overlay-opacity":"","overlay-gradient":""},"tablet":{"background-color":"var(--ast-global-color-5)","background-image":"","background-repeat":"repeat","background-position":"center center","background-size":"auto","background-attachment":"scroll","background-type":"","background-media":"","overlay-type":"","overlay-color":"","overlay-opacity":"","overlay-gradient":""},"mobile":{"background-color":"var(--ast-global-color-5)","background-image":"","background-repeat":"repeat","background-position":"center center","background-size":"auto","background-attachment":"scroll","background-type":"","background-media":"","overlay-type":"","overlay-color":"","overlay-opacity":"","overlay-gradient":""}},"footnotes":""},"class_list":["post-300","page","type-page","status-publish","hentry"],"_links":{"self":[{"href":"https:\/\/borghesegallery.com\/it\/wp-json\/wp\/v2\/pages\/300","targetHints":{"allow":["GET"]}}],"collection":[{"href":"https:\/\/borghesegallery.com\/it\/wp-json\/wp\/v2\/pages"}],"about":[{"href":"https:\/\/borghesegallery.com\/it\/wp-json\/wp\/v2\/types\/page"}],"author":[{"embeddable":true,"href":"https:\/\/borghesegallery.com\/it\/wp-json\/wp\/v2\/users\/1"}],"replies":[{"embeddable":true,"href":"https:\/\/borghesegallery.com\/it\/wp-json\/wp\/v2\/comments?post=300"}],"version-history":[{"count":12,"href":"https:\/\/borghesegallery.com\/it\/wp-json\/wp\/v2\/pages\/300\/revisions"}],"predecessor-version":[{"id":1680,"href":"https:\/\/borghesegallery.com\/it\/wp-json\/wp\/v2\/pages\/300\/revisions\/1680"}],"wp:attachment":[{"href":"https:\/\/borghesegallery.com\/it\/wp-json\/wp\/v2\/media?parent=300"}],"curies":[{"name":"wp","href":"https:\/\/api.w.org\/{rel}","templated":true}]}}