{"id":300,"date":"2024-08-30T10:17:12","date_gmt":"2024-08-30T10:17:12","guid":{"rendered":"https:\/\/musei-vaticani-roma.it\/?page_id=300"},"modified":"2026-04-04T04:42:03","modified_gmt":"2026-04-04T04:42:03","slug":"history","status":"publish","type":"page","link":"https:\/\/borghesegallery.com\/fr\/lhistoire\/","title":{"rendered":"History"},"content":{"rendered":"<div data-elementor-type=\"wp-page\" data-elementor-id=\"300\" class=\"elementor elementor-300\" data-elementor-post-type=\"page\">\n\t\t\t\t<section class=\"elementor-element elementor-element-4f46059c e-flex e-con-boxed e-con e-parent\" data-id=\"4f46059c\" data-element_type=\"container\" data-settings=\"{&quot;background_background&quot;:&quot;classic&quot;,&quot;jet_parallax_layout_list&quot;:[],&quot;ekit_has_onepagescroll_dot&quot;:&quot;yes&quot;}\">\n\t\t\t\t\t<div class=\"e-con-inner\">\n\t\t\t\t<div class=\"elementor-element elementor-element-45673781 elementor-absolute elementor-widget__width-initial elementor-widget elementor-widget-image\" data-id=\"45673781\" data-element_type=\"widget\" data-settings=\"{&quot;_position&quot;:&quot;absolute&quot;,&quot;ekit_we_effect_on&quot;:&quot;none&quot;}\" data-widget_type=\"image.default\">\n\t\t\t\t<div class=\"elementor-widget-container\">\n\t\t\t\t\t\t\t\t\t\t\t\t\t\t\t\t<a href=\"https:\/\/www.tiqets.com\/borghese-gallery-tickets-l144780\/?partner=borghesegallery.com\">\n\t\t\t\t\t\t\t<img fetchpriority=\"high\" decoding=\"async\" width=\"1919\" height=\"1071\" src=\"https:\/\/borghesegallery.com\/wp-content\/uploads\/2024\/09\/1920px-Paolina_Borghese_Canova.jpg\" class=\"attachment-full size-full wp-image-1093\" alt=\"\" srcset=\"https:\/\/borghesegallery.com\/wp-content\/uploads\/2024\/09\/1920px-Paolina_Borghese_Canova.jpg 1919w, https:\/\/borghesegallery.com\/wp-content\/uploads\/2024\/09\/1920px-Paolina_Borghese_Canova-300x167.jpg 300w, https:\/\/borghesegallery.com\/wp-content\/uploads\/2024\/09\/1920px-Paolina_Borghese_Canova-1024x571.jpg 1024w, https:\/\/borghesegallery.com\/wp-content\/uploads\/2024\/09\/1920px-Paolina_Borghese_Canova-768x429.jpg 768w, https:\/\/borghesegallery.com\/wp-content\/uploads\/2024\/09\/1920px-Paolina_Borghese_Canova-1536x857.jpg 1536w, https:\/\/borghesegallery.com\/wp-content\/uploads\/2024\/09\/1920px-Paolina_Borghese_Canova-18x10.jpg 18w\" sizes=\"(max-width: 1919px) 100vw, 1919px\" \/>\t\t\t\t\t\t\t\t<\/a>\n\t\t\t\t\t\t\t\t\t\t\t\t\t\t\t<\/div>\n\t\t\t\t<\/div>\n\t\t\t\t<div class=\"elementor-element elementor-element-571123b5 elementor-absolute elementor-widget elementor-widget-image\" data-id=\"571123b5\" data-element_type=\"widget\" data-settings=\"{&quot;_position&quot;:&quot;absolute&quot;,&quot;ekit_we_effect_on&quot;:&quot;none&quot;}\" data-widget_type=\"image.default\">\n\t\t\t\t<div class=\"elementor-widget-container\">\n\t\t\t\t\t\t\t\t\t\t\t\t\t\t\t\t<a href=\"https:\/\/www.tiqets.com\/borghese-gallery-tickets-l144780\/?partner=borghesegallery.com\">\n\t\t\t\t\t\t\t<img decoding=\"async\" width=\"300\" height=\"300\" src=\"https:\/\/borghesegallery.com\/wp-content\/uploads\/2025\/05\/borghese-gallery@4x-300x300.png\" class=\"attachment-medium size-medium wp-image-1609\" alt=\"\" srcset=\"https:\/\/borghesegallery.com\/wp-content\/uploads\/2025\/05\/borghese-gallery@4x-300x300.png 300w, https:\/\/borghesegallery.com\/wp-content\/uploads\/2025\/05\/borghese-gallery@4x-1024x1024.png 1024w, https:\/\/borghesegallery.com\/wp-content\/uploads\/2025\/05\/borghese-gallery@4x-150x150.png 150w, https:\/\/borghesegallery.com\/wp-content\/uploads\/2025\/05\/borghese-gallery@4x-768x769.png 768w, https:\/\/borghesegallery.com\/wp-content\/uploads\/2025\/05\/borghese-gallery@4x-12x12.png 12w, https:\/\/borghesegallery.com\/wp-content\/uploads\/2025\/05\/borghese-gallery@4x.png 1211w\" sizes=\"(max-width: 300px) 100vw, 300px\" \/>\t\t\t\t\t\t\t\t<\/a>\n\t\t\t\t\t\t\t\t\t\t\t\t\t\t\t<\/div>\n\t\t\t\t<\/div>\n\t\t\t\t<div class=\"elementor-element elementor-element-5acf264a elementor-align-center elementor-widget__width-inherit elementor-widget-mobile__width-inherit elementor-widget elementor-widget-button\" data-id=\"5acf264a\" data-element_type=\"widget\" data-settings=\"{&quot;ekit_we_effect_on&quot;:&quot;none&quot;}\" data-widget_type=\"button.default\">\n\t\t\t\t<div class=\"elementor-widget-container\">\n\t\t\t\t\t\t\t\t\t<div class=\"elementor-button-wrapper\">\n\t\t\t\t\t<a class=\"elementor-button elementor-button-link elementor-size-sm\" href=\"https:\/\/www.tiqets.com\/borghese-gallery-tickets-l144780\/?partner=borghesegallery.com\" target=\"_blank\" aria-label=\"book now\" open=\"\">\n\t\t\t\t\t\t<span class=\"elementor-button-content-wrapper\">\n\t\t\t\t\t\t\t\t\t<span class=\"elementor-button-text\">TICKET D'ENTR\u00c9E<\/span>\n\t\t\t\t\t<\/span>\n\t\t\t\t\t<\/a>\n\t\t\t\t<\/div>\n\t\t\t\t\t\t\t\t<\/div>\n\t\t\t\t<\/div>\n\t\t\t\t\t<\/div>\n\t\t\t\t<\/section>\n\t\t<div class=\"elementor-element elementor-element-5c55bfa e-flex e-con-boxed e-con e-parent\" data-id=\"5c55bfa\" data-element_type=\"container\" data-settings=\"{&quot;background_background&quot;:&quot;classic&quot;,&quot;jet_parallax_layout_list&quot;:[],&quot;ekit_has_onepagescroll_dot&quot;:&quot;yes&quot;}\">\n\t\t\t\t\t<div class=\"e-con-inner\">\n\t\t<div class=\"elementor-element elementor-element-325fce3 e-con-full e-flex e-con e-child\" data-id=\"325fce3\" data-element_type=\"container\" data-settings=\"{&quot;jet_parallax_layout_list&quot;:[],&quot;ekit_has_onepagescroll_dot&quot;:&quot;yes&quot;}\">\n\t\t\t\t<div class=\"elementor-element elementor-element-6dc43cf elementor-widget elementor-widget-heading\" data-id=\"6dc43cf\" data-element_type=\"widget\" data-settings=\"{&quot;ekit_we_effect_on&quot;:&quot;none&quot;}\" data-widget_type=\"heading.default\">\n\t\t\t\t<div class=\"elementor-widget-container\">\n\t\t\t\t\t<h2 class=\"elementor-heading-title elementor-size-default\">HISTOIRE DE LA GALERIE BORGHESE<\/h2>\t\t\t\t<\/div>\n\t\t\t\t<\/div>\n\t\t\t\t<div class=\"elementor-element elementor-element-4fc3826f elementor-widget elementor-widget-heading\" data-id=\"4fc3826f\" data-element_type=\"widget\" data-settings=\"{&quot;ekit_we_effect_on&quot;:&quot;none&quot;}\" data-widget_type=\"heading.default\">\n\t\t\t\t<div class=\"elementor-widget-container\">\n\t\t\t\t\t<h3 class=\"elementor-heading-title elementor-size-default\">La Galerie Borgh\u00e8se : Un testament de l'art et de l'histoire \u00e0 Rome<\/h3>\t\t\t\t<\/div>\n\t\t\t\t<\/div>\n\t\t\t\t<div class=\"elementor-element elementor-element-3ecdc3b9 elementor-widget elementor-widget-heading\" data-id=\"3ecdc3b9\" data-element_type=\"widget\" data-settings=\"{&quot;ekit_we_effect_on&quot;:&quot;none&quot;}\" data-widget_type=\"heading.default\">\n\t\t\t\t<div class=\"elementor-widget-container\">\n\t\t\t\t\t<h6 class=\"elementor-heading-title elementor-size-default\">D\u00e9couvrez le riche h\u00e9ritage de la collection d'art du cardinal Scipione Borghese dans l'un des mus\u00e9es les plus embl\u00e9matiques de Rome\n\n\n\n\n\n\n<\/h6>\t\t\t\t<\/div>\n\t\t\t\t<\/div>\n\t\t\t\t<div class=\"elementor-element elementor-element-09c32c9 elementor-widget elementor-widget-jet-unfold\" data-id=\"09c32c9\" data-element_type=\"widget\" data-settings=\"{&quot;mask_height&quot;:{&quot;unit&quot;:&quot;px&quot;,&quot;size&quot;:150,&quot;sizes&quot;:[]},&quot;mask_height_tablet&quot;:{&quot;unit&quot;:&quot;px&quot;,&quot;size&quot;:&quot;&quot;,&quot;sizes&quot;:[]},&quot;mask_height_mobile&quot;:{&quot;unit&quot;:&quot;px&quot;,&quot;size&quot;:&quot;&quot;,&quot;sizes&quot;:[]},&quot;unfold_duration&quot;:{&quot;unit&quot;:&quot;ms&quot;,&quot;size&quot;:500,&quot;sizes&quot;:[]},&quot;unfold_easing&quot;:&quot;easeOutBack&quot;,&quot;fold_duration&quot;:{&quot;unit&quot;:&quot;ms&quot;,&quot;size&quot;:300,&quot;sizes&quot;:[]},&quot;fold_easing&quot;:&quot;easeOutSine&quot;,&quot;ekit_we_effect_on&quot;:&quot;none&quot;}\" data-widget_type=\"jet-unfold.default\">\n\t\t\t\t<div class=\"elementor-widget-container\">\n\t\t\t\t\t\t\t<div class=\"jet-unfold\" data-settings=\"{&quot;height&quot;:{&quot;unit&quot;:&quot;px&quot;,&quot;size&quot;:150,&quot;sizes&quot;:[]},&quot;separatorHeight&quot;:null,&quot;unfoldDuration&quot;:{&quot;unit&quot;:&quot;ms&quot;,&quot;size&quot;:500,&quot;sizes&quot;:[]},&quot;foldDuration&quot;:{&quot;unit&quot;:&quot;ms&quot;,&quot;size&quot;:300,&quot;sizes&quot;:[]},&quot;unfoldEasing&quot;:&quot;easeOutBack&quot;,&quot;foldEasing&quot;:&quot;easeOutSine&quot;,&quot;foldScrolling&quot;:&quot;false&quot;,&quot;hideOutsideClick&quot;:&quot;false&quot;,&quot;autoHide&quot;:&quot;false&quot;,&quot;autoHideTime&quot;:&quot;&quot;,&quot;foldScrollOffset&quot;:null}\">\n\t\t\t<div class=\"jet-unfold__inner\">\n\t\t\t\t<div class=\"jet-unfold__mask\">\n\t\t\t\t\t<div class=\"jet-unfold__content\">\n\t\t\t\t\t\t<div class=\"jet-unfold__content-inner elementor-text-editor elementor-clearfix\"><p>Les <strong>Galerie Borgh\u00e8se<\/strong> (Galleria Borghese) est un mus\u00e9e d'art renomm\u00e9 situ\u00e9 dans le quartier de la <strong>Villa Borghese<\/strong>, un grand domaine \u00e0 <strong>Rome<\/strong>, Italie. La galerie a \u00e9t\u00e9 construite au d\u00e9but des ann\u00e9es <strong>XVIIe si\u00e8cle<\/strong> comme une luxueuse villa de banlieue pour <strong>Cardinal Scipione Borghese<\/strong>le neveu de <strong>Pape Paul V<\/strong>. En tant que membre de l'une des familles les plus puissantes et les plus riches de Rome, Scipione Borghese avait \u00e0 la fois les moyens et l'influence n\u00e9cessaires pour cr\u00e9er un tr\u00e9sor culturel, et il a consacr\u00e9 une grande partie de sa vie \u00e0 amasser une extraordinaire collection d'\u0153uvres d'art. Collectionneur d'art passionn\u00e9 et m\u00e9c\u00e8ne pr\u00e9coce d'artistes tels que <strong>Caravaggio<\/strong> et <strong>Gian Lorenzo Bernini<\/strong>Le cardinal Borghese transforme la villa en un \u00e9crin pour son impressionnante collection de sculptures, de peintures et d'antiquit\u00e9s.<\/p><p>La villa elle-m\u00eame a \u00e9t\u00e9 con\u00e7ue par l'architecte <strong>Flaminio Ponzio<\/strong>Il a \u00e9t\u00e9 r\u00e9alis\u00e9 par Giovanni Vasanzio apr\u00e8s la mort de Ponzio, d'apr\u00e8s des esquisses de Scipione Borghese. L'\u0153uvre <strong>l'architecture<\/strong> de la villa refl\u00e8te le d\u00e9sir du cardinal de disposer d'un espace qui soit \u00e0 la fois un lieu de vie et un lieu de travail. <strong>r\u00e9sidence priv\u00e9e<\/strong> et un<strong> galerie publique<\/strong>. L'agencement et la conception du b\u00e2timent mettent l'accent sur l'harmonie, avec de grandes pi\u00e8ces a\u00e9r\u00e9es, de hauts plafonds et une lumi\u00e8re naturelle abondante pour am\u00e9liorer l'observation des \u0153uvres d'art. L'int\u00e9rieur de la galerie a \u00e9t\u00e9 soigneusement con\u00e7u pour pr\u00e9senter les pr\u00e9cieuses pi\u00e8ces de Borghese de mani\u00e8re esth\u00e9tique, avec des d\u00e9corations ornementales, des incrustations de marbre, des plafonds orn\u00e9s de fresques et des murs richement peints qui s'harmonisent avec les \u0153uvres d'art.<\/p><p>Les <strong>Collection de la Galerie Borgh\u00e8se<\/strong> s'est rapidement enrichie de chefs-d'\u0153uvre r\u00e9alis\u00e9s par certains des artistes les plus importants de l'\u00e9poque. Parmi les \u0153uvres les plus c\u00e9l\u00e8bres, on peut citer le \"tableau du Caravage\".<em>David avec la t\u00eate de Goliath<\/em>\" et \"<em>Gar\u00e7on avec une corbeille de fruits<\/em>,\" Les magnifiques sculptures de Gian Lorenzo Bernini \"<em>Apollo et Daphn\u00e9<\/em>\" et \"<em>Le viol de Proserpine,<\/em>\" Rapha\u00ebl \"<em>La d\u00e9position<\/em>et l'\u0153uvre de Titien \"<em>Amour sacr\u00e9 et amour profane.<\/em>\" Ces \u0153uvres sont toujours au centre de l'int\u00e9r\u00eat de la galerie, car elles t\u00e9moignent de l'habilet\u00e9 et de la cr\u00e9ativit\u00e9 remarquables de leurs cr\u00e9ateurs. La collection comprend \u00e9galement des \u0153uvres de <strong>Pierre Paul Rubens<\/strong>, <strong>Domenichino<\/strong>et <strong>Correggio<\/strong>Il s'agit de l'une des collections les plus compl\u00e8tes d'ouvrages de r\u00e9f\u00e9rence sur les droits de l'homme.<strong> Renaissance<\/strong> et <strong>Baroque<\/strong> l'art dans le monde.<\/p><p>Tout au long de la <strong>XVIIIe et XIXe si\u00e8cles,<\/strong> la famille Borgh\u00e8se a continu\u00e9 \u00e0 enrichir la collection, mais la villa a commenc\u00e9 \u00e0 perdre son importance en tant que centre culturel. En 1808, une grande partie de la collection a \u00e9t\u00e9 transf\u00e9r\u00e9e \u00e0 l'h\u00f4tel de ville.<strong> France<\/strong> en raison des pressions politiques exerc\u00e9es par les <strong>Napol\u00e9on Bonaparte<\/strong>qui \u00e9tait mari\u00e9e \u00e0 un membre de la famille Borghese. Cependant, la villa a conserv\u00e9 son statut de site culturel important, gr\u00e2ce \u00e0 son architecture \u00e9tonnante, \u00e0 ses jardins et \u00e0 la collection qui y est conserv\u00e9e.<\/p><p>En <strong>1902<\/strong>L'\u00c9tat italien a achet\u00e9 la villa et l'a transform\u00e9e en un centre d'h\u00e9bergement.<strong> mus\u00e9e public<\/strong> afin de pr\u00e9server sa riche histoire et la remarquable collection d'\u0153uvres d'art qu'elle abrite encore. Depuis lors, la galerie Borgh\u00e8se est ouverte au public, permettant aux visiteurs du monde entier de d\u00e9couvrir la grandeur de l'art baroque et le mode de vie opulent de l'\u00e9lite romaine.<\/p><p>Aujourd'hui<strong>,<\/strong> La galerie Borgh\u00e8se est consid\u00e9r\u00e9e comme l'une des plus belles galeries de Rome. <strong>les plus grands mus\u00e9es d'art<\/strong>Il attire chaque ann\u00e9e des milliers de visiteurs venus admirer sa collection de classe mondiale. Le mus\u00e9e est \u00e9galement c\u00e9l\u00e8bre pour ses jardins magnifiquement entretenus, connus comme le<strong> Jardins de la Villa Borghese<\/strong>La galerie est un tr\u00e9sor culturel qui pr\u00e9sente la splendeur des chefs-d'\u0153uvre de la Renaissance et de l'\u00e9poque baroque dans un lieu unique. La galerie continue de t\u00e9moigner de la vision du cardinal Scipione Borghese et de sa passion durable pour l'art. Elle constitue un tr\u00e9sor culturel qui met en valeur la splendeur des chefs-d'\u0153uvre de la Renaissance et du Baroque dans un cadre historique unique.<\/p><\/div>\n\t\t\t\t\t<\/div>\n\t\t\t\t\t<div class=\"jet-unfold__separator\"><\/div>\n\t\t\t\t<\/div>\n\t\t\t\t<div class=\"jet-unfold__trigger\"><div class=\"jet-unfold__button elementor-button elementor-size-md\" href=\"#\" data-unfold-text=\"Show more\" data-fold-text=\"Close\" data-fold-icon=\"&lt;svg aria-hidden=&quot;true&quot; class=&quot;e-font-icon-svg e-fas-chevron-up&quot; viewBox=&quot;0 0 448 512&quot; xmlns=&quot;http:\/\/www.w3.org\/2000\/svg&quot;&gt;&lt;path d=&quot;M240.971 130.524l194.343 194.343c9.373 9.373 9.373 24.569 0 33.941l-22.667 22.667c-9.357 9.357-24.522 9.375-33.901.04L224 227.495 69.255 381.516c-9.379 9.335-24.544 9.317-33.901-.04l-22.667-22.667c-9.373-9.373-9.373-24.569 0-33.941L207.03 130.525c9.372-9.373 24.568-9.373 33.941-.001z&quot;&gt;&lt;\/path&gt;&lt;\/svg&gt;\" data-unfold-icon=\"&lt;svg aria-hidden=&quot;true&quot; class=&quot;e-font-icon-svg e-fas-chevron-down&quot; viewBox=&quot;0 0 448 512&quot; xmlns=&quot;http:\/\/www.w3.org\/2000\/svg&quot;&gt;&lt;path d=&quot;M207.029 381.476L12.686 187.132c-9.373-9.373-9.373-24.569 0-33.941l22.667-22.667c9.357-9.357 24.522-9.375 33.901-.04L224 284.505l154.745-154.021c9.379-9.335 24.544-9.317 33.901.04l22.667 22.667c9.373 9.373 9.373 24.569 0 33.941L240.971 381.476c-9.373 9.372-24.569 9.372-33.942 0z&quot;&gt;&lt;\/path&gt;&lt;\/svg&gt;\" tabindex=\"0\" role=\"button\"><span class=\"jet-unfold__button-icon jet-tricks-icon\"><svg aria-hidden=\"true\" class=\"e-font-icon-svg e-fas-chevron-down\" viewbox=\"0 0 448 512\" xmlns=\"http:\/\/www.w3.org\/2000\/svg\"><path d=\"M207.029 381.476L12.686 187.132c-9.373-9.373-9.373-24.569 0-33.941l22.667-22.667c9.357-9.357 24.522-9.375 33.901-.04L224 284.505l154.745-154.021c9.379-9.335 24.544-9.317 33.901.04l22.667 22.667c9.373 9.373 9.373 24.569 0 33.941L240.971 381.476c-9.373 9.372-24.569 9.372-33.942 0z\"><\/path><\/svg><\/span><span class=\"jet-unfold__button-text\">Afficher plus<\/span><\/div>\t\t\t\t<\/div>\n\t\t\t<\/div>\n\t\t<\/div>\n\t\t\t\t\t\t<\/div>\n\t\t\t\t<\/div>\n\t\t\t\t<\/div>\n\t\t\t\t\t<\/div>\n\t\t\t\t<\/div>\n\t\t<div class=\"elementor-element elementor-element-37899d25 e-flex e-con-boxed e-con e-parent\" data-id=\"37899d25\" data-element_type=\"container\" data-settings=\"{&quot;jet_parallax_layout_list&quot;:[],&quot;ekit_has_onepagescroll_dot&quot;:&quot;yes&quot;}\">\n\t\t\t\t\t<div class=\"e-con-inner\">\n\t\t<div class=\"elementor-element elementor-element-44802347 e-con-full e-flex e-con e-child\" data-id=\"44802347\" data-element_type=\"container\" data-settings=\"{&quot;jet_parallax_layout_list&quot;:[],&quot;ekit_has_onepagescroll_dot&quot;:&quot;yes&quot;}\">\n\t\t\t\t<div class=\"elementor-element elementor-element-59f4ae83 elementor-widget elementor-widget-heading\" data-id=\"59f4ae83\" data-element_type=\"widget\" data-settings=\"{&quot;ekit_we_effect_on&quot;:&quot;none&quot;}\" data-widget_type=\"heading.default\">\n\t\t\t\t<div class=\"elementor-widget-container\">\n\t\t\t\t\t<h2 class=\"elementor-heading-title elementor-size-default\">D\u00e9couvrez les diff\u00e9rents types de billets<\/h2>\t\t\t\t<\/div>\n\t\t\t\t<\/div>\n\t\t\t\t<div class=\"elementor-element elementor-element-66d7a64 elementor-hidden-tablet elementor-hidden-mobile elementor-widget elementor-widget-html\" data-id=\"66d7a64\" data-element_type=\"widget\" data-settings=\"{&quot;ekit_we_effect_on&quot;:&quot;none&quot;}\" data-widget_type=\"html.default\">\n\t\t\t\t<div class=\"elementor-widget-container\">\n\t\t\t\t\t<div data-tiqets-widget=\"discovery\" data-cards-layout=\"responsive\" data-content-type=\"product\" data-item_count=\"4\" data-destination-type=\"venue\" data-destination-id=\"144780\" data-partner=\"borghesegallery.com\"><\/div><script defer src=\"https:\/\/widgets.tiqets.com\/loader.js\"><\/script>\t\t\t\t<\/div>\n\t\t\t\t<\/div>\n\t\t\t\t<div class=\"elementor-element elementor-element-86f9046 elementor-hidden-desktop elementor-widget elementor-widget-html\" data-id=\"86f9046\" data-element_type=\"widget\" data-settings=\"{&quot;ekit_we_effect_on&quot;:&quot;none&quot;}\" data-widget_type=\"html.default\">\n\t\t\t\t<div class=\"elementor-widget-container\">\n\t\t\t\t\t<div data-tiqets-widget=\"discovery\" data-cards-layout=\"responsive\" data-content-type=\"product\" data-item_count=\"2\" data-destination-type=\"venue\" data-destination-id=\"144780\" data-partner=\"borghesegallery.com\"><\/div><script defer src=\"https:\/\/widgets.tiqets.com\/loader.js\"><\/script>\t\t\t\t<\/div>\n\t\t\t\t<\/div>\n\t\t\t\t<\/div>\n\t\t\t\t\t<\/div>\n\t\t\t\t<\/div>\n\t\t\t\t<\/div>","protected":false},"excerpt":{"rendered":"<p>ENTRY TICKET HISTORY OF THE BORGHESE GALLERY The Borghese Gallery: A Testament to Art and History in Rome Discover the [&hellip;]<\/p>","protected":false},"author":1,"featured_media":1093,"parent":0,"menu_order":0,"comment_status":"closed","ping_status":"closed","template":"","meta":{"site-sidebar-layout":"no-sidebar","site-content-layout":"","ast-site-content-layout":"full-width-container","site-content-style":"default","site-sidebar-style":"default","ast-global-header-display":"","ast-banner-title-visibility":"","ast-main-header-display":"","ast-hfb-above-header-display":"","ast-hfb-below-header-display":"","ast-hfb-mobile-header-display":"","site-post-title":"disabled","ast-breadcrumbs-content":"","ast-featured-img":"disabled","footer-sml-layout":"","theme-transparent-header-meta":"default","adv-header-id-meta":"","stick-header-meta":"","header-above-stick-meta":"","header-main-stick-meta":"","header-below-stick-meta":"","astra-migrate-meta-layouts":"set","ast-page-background-enabled":"default","ast-page-background-meta":{"desktop":{"background-color":"var(--ast-global-color-4)","background-image":"","background-repeat":"repeat","background-position":"center center","background-size":"auto","background-attachment":"scroll","background-type":"","background-media":"","overlay-type":"","overlay-color":"","overlay-opacity":"","overlay-gradient":""},"tablet":{"background-color":"","background-image":"","background-repeat":"repeat","background-position":"center center","background-size":"auto","background-attachment":"scroll","background-type":"","background-media":"","overlay-type":"","overlay-color":"","overlay-opacity":"","overlay-gradient":""},"mobile":{"background-color":"","background-image":"","background-repeat":"repeat","background-position":"center center","background-size":"auto","background-attachment":"scroll","background-type":"","background-media":"","overlay-type":"","overlay-color":"","overlay-opacity":"","overlay-gradient":""}},"ast-content-background-meta":{"desktop":{"background-color":"var(--ast-global-color-5)","background-image":"","background-repeat":"repeat","background-position":"center center","background-size":"auto","background-attachment":"scroll","background-type":"","background-media":"","overlay-type":"","overlay-color":"","overlay-opacity":"","overlay-gradient":""},"tablet":{"background-color":"var(--ast-global-color-5)","background-image":"","background-repeat":"repeat","background-position":"center center","background-size":"auto","background-attachment":"scroll","background-type":"","background-media":"","overlay-type":"","overlay-color":"","overlay-opacity":"","overlay-gradient":""},"mobile":{"background-color":"var(--ast-global-color-5)","background-image":"","background-repeat":"repeat","background-position":"center center","background-size":"auto","background-attachment":"scroll","background-type":"","background-media":"","overlay-type":"","overlay-color":"","overlay-opacity":"","overlay-gradient":""}},"footnotes":""},"class_list":["post-300","page","type-page","status-publish","has-post-thumbnail","hentry"],"_links":{"self":[{"href":"https:\/\/borghesegallery.com\/fr\/wp-json\/wp\/v2\/pages\/300","targetHints":{"allow":["GET"]}}],"collection":[{"href":"https:\/\/borghesegallery.com\/fr\/wp-json\/wp\/v2\/pages"}],"about":[{"href":"https:\/\/borghesegallery.com\/fr\/wp-json\/wp\/v2\/types\/page"}],"author":[{"embeddable":true,"href":"https:\/\/borghesegallery.com\/fr\/wp-json\/wp\/v2\/users\/1"}],"replies":[{"embeddable":true,"href":"https:\/\/borghesegallery.com\/fr\/wp-json\/wp\/v2\/comments?post=300"}],"version-history":[{"count":34,"href":"https:\/\/borghesegallery.com\/fr\/wp-json\/wp\/v2\/pages\/300\/revisions"}],"predecessor-version":[{"id":2361,"href":"https:\/\/borghesegallery.com\/fr\/wp-json\/wp\/v2\/pages\/300\/revisions\/2361"}],"wp:featuredmedia":[{"embeddable":true,"href":"https:\/\/borghesegallery.com\/fr\/wp-json\/wp\/v2\/media\/1093"}],"wp:attachment":[{"href":"https:\/\/borghesegallery.com\/fr\/wp-json\/wp\/v2\/media?parent=300"}],"curies":[{"name":"wp","href":"https:\/\/api.w.org\/{rel}","templated":true}]}}