{"id":213,"date":"2024-08-05T15:20:15","date_gmt":"2024-08-05T15:20:15","guid":{"rendered":"https:\/\/musei-vaticani-roma.it\/?page_id=213"},"modified":"2026-01-26T14:44:28","modified_gmt":"2026-01-26T14:44:28","slug":"villa-borghese-gardens","status":"publish","type":"page","link":"https:\/\/borghesegallery.com\/fr\/chapelle-sixtine\/","title":{"rendered":"JARDINS DE LA VILLA BORGHESE"},"content":{"rendered":"<div data-elementor-type=\"wp-page\" data-elementor-id=\"213\" class=\"elementor elementor-213\" data-elementor-post-type=\"page\">\n\t\t\t\t<div class=\"elementor-element elementor-element-5e1703ef e-flex e-con-boxed e-con e-parent\" data-id=\"5e1703ef\" data-element_type=\"container\" data-settings=\"{&quot;background_background&quot;:&quot;classic&quot;,&quot;jet_parallax_layout_list&quot;:[],&quot;ekit_has_onepagescroll_dot&quot;:&quot;yes&quot;}\">\n\t\t\t\t\t<div class=\"e-con-inner\">\n\t\t\t\t<div class=\"elementor-element elementor-element-5cce77e7 elementor-widget elementor-widget-elementskit-heading\" data-id=\"5cce77e7\" data-element_type=\"widget\" data-settings=\"{&quot;ekit_we_effect_on&quot;:&quot;none&quot;}\" data-widget_type=\"elementskit-heading.default\">\n\t\t\t\t<div class=\"elementor-widget-container\">\n\t\t\t\t\t<div class=\"ekit-wid-con\" ><div class=\"ekit-heading elementskit-section-title-wraper center   ekit_heading_tablet-   ekit_heading_mobile-\"><h1 class=\"ekit-heading--title elementskit-section-title\">JARDINS DE LA VILLA BORGHESE<\/h1><\/div><\/div>\t\t\t\t<\/div>\n\t\t\t\t<\/div>\n\t\t\t\t<div class=\"elementor-element elementor-element-74d7387e elementor-widget elementor-widget-elementskit-button\" data-id=\"74d7387e\" data-element_type=\"widget\" data-settings=\"{&quot;ekit_we_effect_on&quot;:&quot;none&quot;}\" data-widget_type=\"elementskit-button.default\">\n\t\t\t\t<div class=\"elementor-widget-container\">\n\t\t\t\t\t<div class=\"ekit-wid-con\" >\t\t<div class=\"ekit-btn-wraper\">\n\t\t\t\t\t\t\t<a href=\"https:\/\/www.tiqets.com\/en\/borghese-gallery-tickets-l144780\/?partner=borghesegallery.com&#038;tq_campaign=gardens\" target=\"_blank\" rel=\"nofollow\" class=\"elementskit-btn  whitespace--normal\" id=\"\">\n\t\t\t\t\tBILLET D'ENTR\u00c9E \u00c0 LA GALERIE \t\t\t\t<\/a>\n\t\t\t\t\t<\/div>\n        <\/div>\t\t\t\t<\/div>\n\t\t\t\t<\/div>\n\t\t\t\t\t<\/div>\n\t\t\t\t<\/div>\n\t\t<div class=\"elementor-element elementor-element-a49ca27 e-flex e-con-boxed e-con e-parent\" data-id=\"a49ca27\" data-element_type=\"container\" data-settings=\"{&quot;jet_parallax_layout_list&quot;:[],&quot;background_background&quot;:&quot;classic&quot;,&quot;ekit_has_onepagescroll_dot&quot;:&quot;yes&quot;}\">\n\t\t\t\t\t<div class=\"e-con-inner\">\n\t\t<div class=\"elementor-element elementor-element-808cb83 e-con-full e-flex e-con e-child\" data-id=\"808cb83\" data-element_type=\"container\" data-settings=\"{&quot;jet_parallax_layout_list&quot;:[],&quot;ekit_has_onepagescroll_dot&quot;:&quot;yes&quot;}\">\n\t\t\t\t<div class=\"elementor-element elementor-element-5d08cfb6 elementor-widget elementor-widget-heading\" data-id=\"5d08cfb6\" data-element_type=\"widget\" data-settings=\"{&quot;ekit_we_effect_on&quot;:&quot;none&quot;}\" data-widget_type=\"heading.default\">\n\t\t\t\t<div class=\"elementor-widget-container\">\n\t\t\t\t\t<h2 class=\"elementor-heading-title elementor-size-default\">LES JARDINS DE LA VILLA BORGHESE A ROME<\/h2>\t\t\t\t<\/div>\n\t\t\t\t<\/div>\n\t\t\t\t<\/div>\n\t\t<div class=\"elementor-element elementor-element-2bfe67c7 e-flex e-con-boxed e-con e-child\" data-id=\"2bfe67c7\" data-element_type=\"container\" data-settings=\"{&quot;background_background&quot;:&quot;classic&quot;,&quot;jet_parallax_layout_list&quot;:[],&quot;ekit_has_onepagescroll_dot&quot;:&quot;yes&quot;}\">\n\t\t\t\t\t<div class=\"e-con-inner\">\n\t\t\t\t<div class=\"elementor-element elementor-element-68882d17 elementor-widget elementor-widget-heading\" data-id=\"68882d17\" data-element_type=\"widget\" data-settings=\"{&quot;ekit_we_effect_on&quot;:&quot;none&quot;}\" data-widget_type=\"heading.default\">\n\t\t\t\t<div class=\"elementor-widget-container\">\n\t\t\t\t\t<h4 class=\"elementor-heading-title elementor-size-default\">Explorer les jardins de la Villa Borghese : L'oasis urbaine luxuriante de Rome\n<\/h4>\t\t\t\t<\/div>\n\t\t\t\t<\/div>\n\t\t\t\t<div class=\"elementor-element elementor-element-411798d1 elementor-widget elementor-widget-heading\" data-id=\"411798d1\" data-element_type=\"widget\" data-settings=\"{&quot;ekit_we_effect_on&quot;:&quot;none&quot;}\" data-widget_type=\"heading.default\">\n\t\t\t\t<div class=\"elementor-widget-container\">\n\t\t\t\t\t<h6 class=\"elementor-heading-title elementor-size-default\">D\u00e9couvrez la beaut\u00e9, l'histoire et les attractions de l'un des parcs les plus appr\u00e9ci\u00e9s de Rome.\n\n\n\n\n\n\n<\/h6>\t\t\t\t<\/div>\n\t\t\t\t<\/div>\n\t\t\t\t<div class=\"elementor-element elementor-element-233eddb5 elementor-widget elementor-widget-text-editor\" data-id=\"233eddb5\" data-element_type=\"widget\" data-settings=\"{&quot;ekit_we_effect_on&quot;:&quot;none&quot;}\" data-widget_type=\"text-editor.default\">\n\t\t\t\t<div class=\"elementor-widget-container\">\n\t\t\t\t\t\t\t\t\t<p>Les <strong>Jardins de la Villa Borghese<\/strong> (<em>Giardini di Villa Borghese<\/em>) comptent parmi les espaces verts les plus enchanteurs et les plus vastes de Rome. S'\u00e9tendant sur plus de <strong>80 hectares<\/strong>Ce vaste parc offre une retraite paisible loin de l'agitation des rues de la ville et constitue un lieu id\u00e9al pour la d\u00e9tente, l'exploration et l'enrichissement culturel. Situ\u00e9s juste au nord du centre historique, les jardins de la Villa Borghese sont souvent appel\u00e9s les \" jardins de la ville \".<strong>c\u0153ur vert<\/strong>\" de <strong>Rome<\/strong>Ils jouent un r\u00f4le essentiel dans la vie et le patrimoine de la ville.<\/p><p>Les origines des jardins de la Villa Borghese remontent au d\u00e9but du XIXe si\u00e8cle.<span style=\"text-decoration: underline;\"> XVIIe si\u00e8cle<\/span> quand <strong>Cardinal Scipione Borghese<\/strong>membre \u00e9minent de la puissante famille Borghese et neveu de <strong>Pape Paul V<\/strong>Il d\u00e9cide alors de cr\u00e9er une villa entour\u00e9e d'un vaste jardin. Inspir\u00e9 par les grandes villas de la Renaissance, il confie \u00e0 des architectes renomm\u00e9s le soin de r\u00e9aliser cette villa. <strong>Flaminio Ponzio<\/strong> et <strong>Giovanni Vasanzio<\/strong> pour concevoir les jardins et la zone adjacente <strong>Galerie Borgh\u00e8se<\/strong>. Au fil des si\u00e8cles, les jardins ont \u00e9t\u00e9 agrandis et transform\u00e9s, incorporant divers styles et caract\u00e9ristiques, du classique au contemporain. <strong>Jardins italiens<\/strong> \u00e0 <strong>Anglais<\/strong> des \u00e9l\u00e9ments du paysage, cr\u00e9ant ainsi un environnement diversifi\u00e9 et pittoresque.<\/p><p>Aujourd'hui, la <strong>Jardins de la Villa Borghese<\/strong> sont une<strong> destination pr\u00e9f\u00e9r\u00e9e<\/strong> pour les deux<strong> les habitants et les touristes.<\/strong> Les visiteurs peuvent profiter des nombreux sentiers de promenade, des pelouses luxuriantes et des zones magnifiquement am\u00e9nag\u00e9es du parc. L'une des principales attractions du parc est le <strong>Galerie Borgh\u00e8se<\/strong> (<em>Galleria Borghese<\/em>), a <strong>mus\u00e9e de classe mondiale<\/strong> qui abrite une incroyable collection de sculptures, de peintures et d'antiquit\u00e9s, dont des chefs-d'\u0153uvre de <strong>Bernini<\/strong>, <strong>Caravaggio<\/strong>, <strong>Rapha\u00ebl<\/strong>et <strong>Titien<\/strong>. La visite de la galerie, entour\u00e9e de la tranquillit\u00e9 des jardins, offre un m\u00e9lange unique de nature et de culture.<\/p><p>Au-del\u00e0 de la galerie, les jardins de la Villa Borghese pr\u00e9sentent plusieurs autres points d'int\u00e9r\u00eat. Les jardins de la <strong>Temple d'Esculape<\/strong>Ce petit temple n\u00e9oclassique, qui surplombe un lac artificiel serein, est un endroit populaire pour les promenades en bateau et la photographie. Les <strong>Terrasse du Pincio<\/strong> (<em>Terrazza del Pincio)<\/em>situ\u00e9 \u00e0 l'extr\u00e9mit\u00e9 ouest des jardins, offre l'une des vues panoramiques les plus \u00e9poustouflantes de Rome, en particulier au coucher du soleil. L'h\u00f4tel <strong>Bioparco di Roma<\/strong>, le <em>zoo de la ville<\/em>Le mus\u00e9e de la nature, qui pr\u00e9sente une vari\u00e9t\u00e9 d'esp\u00e8ces animales et offre une exp\u00e9rience agr\u00e9able pour les familles et les enfants, est un autre point fort de l'exposition.<\/p><p>Pour ceux qui s'int\u00e9ressent aux arts, le<strong> Casa del Cinema<\/strong> et le <strong>Th\u00e9\u00e2tre du Globe<\/strong>Les jardins, qui abritent r\u00e9guli\u00e8rement des \u00e9v\u00e9nements culturels, des projections et des spectacles, sont une r\u00e9plique du c\u00e9l\u00e8bre th\u00e9\u00e2tre de Shakespeare. Le parc comprend \u00e9galement de nombreuses fontaines, sculptures et joyaux cach\u00e9s qui refl\u00e8tent son patrimoine historique et artistique, comme le <strong>Fontaine de la mer Chevaux<\/strong> (<em>Fontana dei Cavalli Marini)<\/em> et le <strong>Monument \u00e0 Victor Emmanuel II.<\/strong><\/p><p>Les jardins de la Villa Borghese offrent un large \u00e9ventail d'activit\u00e9s r\u00e9cr\u00e9atives. Vous pouvez louer des v\u00e9los, des scooters \u00e9lectriques ou m\u00eame des barques pour explorer le parc \u00e0 votre guise. <strong>Pique-nique<\/strong> Les nombreux caf\u00e9s et kiosques diss\u00e9min\u00e9s dans les jardins proposent des rafra\u00eechissements pour une journ\u00e9e parfaite. En outre, plusieurs aires de jeux font du parc une destination id\u00e9ale pour les familles.<\/p><p>Pour rejoindre les jardins de la Villa Borghese, vous pouvez prendre la <strong>m\u00e9tro<\/strong> (<span style=\"text-decoration: underline;\">Ligne A<\/span>) au<strong> Spagna<\/strong> ou <strong>Flaminio<\/strong> qui se trouvent toutes deux \u00e0 quelques minutes de marche des entr\u00e9es du parc. Par ailleurs, de nombreuses lignes de bus desservent la zone, ce qui la rend facilement accessible depuis n'importe quel endroit de la ville.<\/p><p>En conclusion, le <strong>Jardins de la Villa Borghese<\/strong> sont bien plus qu'un simple parc ; ils sont un tr\u00e9sor culturel, historique et naturel qui offre quelque chose \u00e0 chacun. Que vous cherchiez \u00e0 vous immerger dans l'art, \u00e0 faire une promenade paisible ou simplement \u00e0 vous d\u00e9tendre dans un cadre magnifique, les jardins offrent un environnement serein et diversifi\u00e9 qui captive tous ceux qui les visitent. Un voyage \u00e0 <strong>Rome<\/strong> est incompl\u00e8te si l'on ne d\u00e9couvre pas le charme et l'attrait des jardins de la Villa Borghese.<\/p>\t\t\t\t\t\t\t\t<\/div>\n\t\t\t\t<\/div>\n\t\t\t\t\t<\/div>\n\t\t\t\t<\/div>\n\t\t\t\t\t<\/div>\n\t\t\t\t<\/div>\n\t\t<div class=\"elementor-element elementor-element-1a33e09a e-flex e-con-boxed e-con e-parent\" data-id=\"1a33e09a\" data-element_type=\"container\" data-settings=\"{&quot;jet_parallax_layout_list&quot;:[],&quot;ekit_has_onepagescroll_dot&quot;:&quot;yes&quot;}\">\n\t\t\t\t\t<div class=\"e-con-inner\">\n\t\t<div class=\"elementor-element elementor-element-25eca8b2 e-con-full e-flex e-con e-child\" data-id=\"25eca8b2\" data-element_type=\"container\" data-settings=\"{&quot;jet_parallax_layout_list&quot;:[],&quot;ekit_has_onepagescroll_dot&quot;:&quot;yes&quot;}\">\n\t\t\t\t<div class=\"elementor-element elementor-element-61cb336f elementor-widget elementor-widget-heading\" data-id=\"61cb336f\" data-element_type=\"widget\" data-settings=\"{&quot;ekit_we_effect_on&quot;:&quot;none&quot;}\" data-widget_type=\"heading.default\">\n\t\t\t\t<div class=\"elementor-widget-container\">\n\t\t\t\t\t<h2 class=\"elementor-heading-title elementor-size-default\">D\u00e9couvrez toutes les activit\u00e9s des jardins de la Villa Borghese<\/h2>\t\t\t\t<\/div>\n\t\t\t\t<\/div>\n\t\t\t\t<div class=\"elementor-element elementor-element-54ec1a2e elementor-widget elementor-widget-html\" data-id=\"54ec1a2e\" data-element_type=\"widget\" data-settings=\"{&quot;ekit_we_effect_on&quot;:&quot;none&quot;}\" data-widget_type=\"html.default\">\n\t\t\t\t<div class=\"elementor-widget-container\">\n\t\t\t\t\t<div data-tiqets-widget=\"discovery\" data-cards-layout=\"responsive\" data-content-type=\"product\" data-item_count=\"4\" data-destination-type=\"venue\" data-destination-id=\"178815\" data-partner=\"borghesegallery.com\"><\/div><script defer src=\"https:\/\/widgets.tiqets.com\/loader.js\"><\/script>\t\t\t\t<\/div>\n\t\t\t\t<\/div>\n\t\t\t\t<\/div>\n\t\t\t\t\t<\/div>\n\t\t\t\t<\/div>\n\t\t\t\t<\/div>","protected":false},"excerpt":{"rendered":"<p>JARDINS DE LA VILLA BORGHESE BILLET D'ENTREE A LA GALERIE LES JARDINS DE LA VILLA BORGHESE A ROME A la d\u00e9couverte des jardins de la Villa Borghese : Les jardins urbains luxuriants de Rome [...]<\/p>","protected":false},"author":1,"featured_media":0,"parent":0,"menu_order":0,"comment_status":"closed","ping_status":"closed","template":"","meta":{"site-sidebar-layout":"default","site-content-layout":"","ast-site-content-layout":"default","site-content-style":"default","site-sidebar-style":"default","ast-global-header-display":"","ast-banner-title-visibility":"","ast-main-header-display":"","ast-hfb-above-header-display":"","ast-hfb-below-header-display":"","ast-hfb-mobile-header-display":"","site-post-title":"","ast-breadcrumbs-content":"","ast-featured-img":"","footer-sml-layout":"","theme-transparent-header-meta":"default","adv-header-id-meta":"","stick-header-meta":"","header-above-stick-meta":"","header-main-stick-meta":"","header-below-stick-meta":"","astra-migrate-meta-layouts":"set","ast-page-background-enabled":"default","ast-page-background-meta":{"desktop":{"background-color":"var(--ast-global-color-4)","background-image":"","background-repeat":"repeat","background-position":"center center","background-size":"auto","background-attachment":"scroll","background-type":"","background-media":"","overlay-type":"","overlay-color":"","overlay-opacity":"","overlay-gradient":""},"tablet":{"background-color":"","background-image":"","background-repeat":"repeat","background-position":"center center","background-size":"auto","background-attachment":"scroll","background-type":"","background-media":"","overlay-type":"","overlay-color":"","overlay-opacity":"","overlay-gradient":""},"mobile":{"background-color":"","background-image":"","background-repeat":"repeat","background-position":"center center","background-size":"auto","background-attachment":"scroll","background-type":"","background-media":"","overlay-type":"","overlay-color":"","overlay-opacity":"","overlay-gradient":""}},"ast-content-background-meta":{"desktop":{"background-color":"var(--ast-global-color-5)","background-image":"","background-repeat":"repeat","background-position":"center center","background-size":"auto","background-attachment":"scroll","background-type":"","background-media":"","overlay-type":"","overlay-color":"","overlay-opacity":"","overlay-gradient":""},"tablet":{"background-color":"var(--ast-global-color-5)","background-image":"","background-repeat":"repeat","background-position":"center center","background-size":"auto","background-attachment":"scroll","background-type":"","background-media":"","overlay-type":"","overlay-color":"","overlay-opacity":"","overlay-gradient":""},"mobile":{"background-color":"var(--ast-global-color-5)","background-image":"","background-repeat":"repeat","background-position":"center center","background-size":"auto","background-attachment":"scroll","background-type":"","background-media":"","overlay-type":"","overlay-color":"","overlay-opacity":"","overlay-gradient":""}},"footnotes":""},"class_list":["post-213","page","type-page","status-publish","hentry"],"_links":{"self":[{"href":"https:\/\/borghesegallery.com\/fr\/wp-json\/wp\/v2\/pages\/213","targetHints":{"allow":["GET"]}}],"collection":[{"href":"https:\/\/borghesegallery.com\/fr\/wp-json\/wp\/v2\/pages"}],"about":[{"href":"https:\/\/borghesegallery.com\/fr\/wp-json\/wp\/v2\/types\/page"}],"author":[{"embeddable":true,"href":"https:\/\/borghesegallery.com\/fr\/wp-json\/wp\/v2\/users\/1"}],"replies":[{"embeddable":true,"href":"https:\/\/borghesegallery.com\/fr\/wp-json\/wp\/v2\/comments?post=213"}],"version-history":[{"count":28,"href":"https:\/\/borghesegallery.com\/fr\/wp-json\/wp\/v2\/pages\/213\/revisions"}],"predecessor-version":[{"id":1678,"href":"https:\/\/borghesegallery.com\/fr\/wp-json\/wp\/v2\/pages\/213\/revisions\/1678"}],"wp:attachment":[{"href":"https:\/\/borghesegallery.com\/fr\/wp-json\/wp\/v2\/media?parent=213"}],"curies":[{"name":"wp","href":"https:\/\/api.w.org\/{rel}","templated":true}]}}