{"id":300,"date":"2024-08-30T10:17:12","date_gmt":"2024-08-30T10:17:12","guid":{"rendered":"https:\/\/musei-vaticani-roma.it\/?page_id=300"},"modified":"2026-04-04T04:42:03","modified_gmt":"2026-04-04T04:42:03","slug":"history","status":"publish","type":"page","link":"https:\/\/borghesegallery.com\/es\/historia\/","title":{"rendered":"History"},"content":{"rendered":"<div data-elementor-type=\"wp-page\" data-elementor-id=\"300\" class=\"elementor elementor-300\" data-elementor-post-type=\"page\">\n\t\t\t\t<section class=\"elementor-element elementor-element-4f46059c e-flex e-con-boxed e-con e-parent\" data-id=\"4f46059c\" data-element_type=\"container\" data-settings=\"{&quot;background_background&quot;:&quot;classic&quot;,&quot;jet_parallax_layout_list&quot;:[],&quot;ekit_has_onepagescroll_dot&quot;:&quot;yes&quot;}\">\n\t\t\t\t\t<div class=\"e-con-inner\">\n\t\t\t\t<div class=\"elementor-element elementor-element-45673781 elementor-absolute elementor-widget__width-initial elementor-widget elementor-widget-image\" data-id=\"45673781\" data-element_type=\"widget\" data-settings=\"{&quot;_position&quot;:&quot;absolute&quot;,&quot;ekit_we_effect_on&quot;:&quot;none&quot;}\" data-widget_type=\"image.default\">\n\t\t\t\t<div class=\"elementor-widget-container\">\n\t\t\t\t\t\t\t\t\t\t\t\t\t\t\t\t<a href=\"https:\/\/www.tiqets.com\/borghese-gallery-tickets-l144780\/?partner=borghesegallery.com\">\n\t\t\t\t\t\t\t<img fetchpriority=\"high\" decoding=\"async\" width=\"1919\" height=\"1071\" src=\"https:\/\/borghesegallery.com\/wp-content\/uploads\/2024\/09\/1920px-Paolina_Borghese_Canova.jpg\" class=\"attachment-full size-full wp-image-1093\" alt=\"\" srcset=\"https:\/\/borghesegallery.com\/wp-content\/uploads\/2024\/09\/1920px-Paolina_Borghese_Canova.jpg 1919w, https:\/\/borghesegallery.com\/wp-content\/uploads\/2024\/09\/1920px-Paolina_Borghese_Canova-300x167.jpg 300w, https:\/\/borghesegallery.com\/wp-content\/uploads\/2024\/09\/1920px-Paolina_Borghese_Canova-1024x571.jpg 1024w, https:\/\/borghesegallery.com\/wp-content\/uploads\/2024\/09\/1920px-Paolina_Borghese_Canova-768x429.jpg 768w, https:\/\/borghesegallery.com\/wp-content\/uploads\/2024\/09\/1920px-Paolina_Borghese_Canova-1536x857.jpg 1536w, https:\/\/borghesegallery.com\/wp-content\/uploads\/2024\/09\/1920px-Paolina_Borghese_Canova-18x10.jpg 18w\" sizes=\"(max-width: 1919px) 100vw, 1919px\" \/>\t\t\t\t\t\t\t\t<\/a>\n\t\t\t\t\t\t\t\t\t\t\t\t\t\t\t<\/div>\n\t\t\t\t<\/div>\n\t\t\t\t<div class=\"elementor-element elementor-element-571123b5 elementor-absolute elementor-widget elementor-widget-image\" data-id=\"571123b5\" data-element_type=\"widget\" data-settings=\"{&quot;_position&quot;:&quot;absolute&quot;,&quot;ekit_we_effect_on&quot;:&quot;none&quot;}\" data-widget_type=\"image.default\">\n\t\t\t\t<div class=\"elementor-widget-container\">\n\t\t\t\t\t\t\t\t\t\t\t\t\t\t\t\t<a href=\"https:\/\/www.tiqets.com\/borghese-gallery-tickets-l144780\/?partner=borghesegallery.com\">\n\t\t\t\t\t\t\t<img decoding=\"async\" width=\"300\" height=\"300\" src=\"https:\/\/borghesegallery.com\/wp-content\/uploads\/2025\/05\/borghese-gallery@4x-300x300.png\" class=\"attachment-medium size-medium wp-image-1609\" alt=\"\" srcset=\"https:\/\/borghesegallery.com\/wp-content\/uploads\/2025\/05\/borghese-gallery@4x-300x300.png 300w, https:\/\/borghesegallery.com\/wp-content\/uploads\/2025\/05\/borghese-gallery@4x-1024x1024.png 1024w, https:\/\/borghesegallery.com\/wp-content\/uploads\/2025\/05\/borghese-gallery@4x-150x150.png 150w, https:\/\/borghesegallery.com\/wp-content\/uploads\/2025\/05\/borghese-gallery@4x-768x769.png 768w, https:\/\/borghesegallery.com\/wp-content\/uploads\/2025\/05\/borghese-gallery@4x-12x12.png 12w, https:\/\/borghesegallery.com\/wp-content\/uploads\/2025\/05\/borghese-gallery@4x.png 1211w\" sizes=\"(max-width: 300px) 100vw, 300px\" \/>\t\t\t\t\t\t\t\t<\/a>\n\t\t\t\t\t\t\t\t\t\t\t\t\t\t\t<\/div>\n\t\t\t\t<\/div>\n\t\t\t\t<div class=\"elementor-element elementor-element-5acf264a elementor-align-center elementor-widget__width-inherit elementor-widget-mobile__width-inherit elementor-widget elementor-widget-button\" data-id=\"5acf264a\" data-element_type=\"widget\" data-settings=\"{&quot;ekit_we_effect_on&quot;:&quot;none&quot;}\" data-widget_type=\"button.default\">\n\t\t\t\t<div class=\"elementor-widget-container\">\n\t\t\t\t\t\t\t\t\t<div class=\"elementor-button-wrapper\">\n\t\t\t\t\t<a class=\"elementor-button elementor-button-link elementor-size-sm\" href=\"https:\/\/www.tiqets.com\/borghese-gallery-tickets-l144780\/?partner=borghesegallery.com\" target=\"_blank\" aria-label=\"book now\" open=\"\">\n\t\t\t\t\t\t<span class=\"elementor-button-content-wrapper\">\n\t\t\t\t\t\t\t\t\t<span class=\"elementor-button-text\">ENTRADA<\/span>\n\t\t\t\t\t<\/span>\n\t\t\t\t\t<\/a>\n\t\t\t\t<\/div>\n\t\t\t\t\t\t\t\t<\/div>\n\t\t\t\t<\/div>\n\t\t\t\t\t<\/div>\n\t\t\t\t<\/section>\n\t\t<div class=\"elementor-element elementor-element-5c55bfa e-flex e-con-boxed e-con e-parent\" data-id=\"5c55bfa\" data-element_type=\"container\" data-settings=\"{&quot;background_background&quot;:&quot;classic&quot;,&quot;jet_parallax_layout_list&quot;:[],&quot;ekit_has_onepagescroll_dot&quot;:&quot;yes&quot;}\">\n\t\t\t\t\t<div class=\"e-con-inner\">\n\t\t<div class=\"elementor-element elementor-element-325fce3 e-con-full e-flex e-con e-child\" data-id=\"325fce3\" data-element_type=\"container\" data-settings=\"{&quot;jet_parallax_layout_list&quot;:[],&quot;ekit_has_onepagescroll_dot&quot;:&quot;yes&quot;}\">\n\t\t\t\t<div class=\"elementor-element elementor-element-6dc43cf elementor-widget elementor-widget-heading\" data-id=\"6dc43cf\" data-element_type=\"widget\" data-settings=\"{&quot;ekit_we_effect_on&quot;:&quot;none&quot;}\" data-widget_type=\"heading.default\">\n\t\t\t\t<div class=\"elementor-widget-container\">\n\t\t\t\t\t<h2 class=\"elementor-heading-title elementor-size-default\">HISTORIA DE LA GALER\u00cdA BORGHESE<\/h2>\t\t\t\t<\/div>\n\t\t\t\t<\/div>\n\t\t\t\t<div class=\"elementor-element elementor-element-4fc3826f elementor-widget elementor-widget-heading\" data-id=\"4fc3826f\" data-element_type=\"widget\" data-settings=\"{&quot;ekit_we_effect_on&quot;:&quot;none&quot;}\" data-widget_type=\"heading.default\">\n\t\t\t\t<div class=\"elementor-widget-container\">\n\t\t\t\t\t<h3 class=\"elementor-heading-title elementor-size-default\">La Galer\u00eda Borghese: Un testamento de arte e historia en Roma<\/h3>\t\t\t\t<\/div>\n\t\t\t\t<\/div>\n\t\t\t\t<div class=\"elementor-element elementor-element-3ecdc3b9 elementor-widget elementor-widget-heading\" data-id=\"3ecdc3b9\" data-element_type=\"widget\" data-settings=\"{&quot;ekit_we_effect_on&quot;:&quot;none&quot;}\" data-widget_type=\"heading.default\">\n\t\t\t\t<div class=\"elementor-widget-container\">\n\t\t\t\t\t<h6 class=\"elementor-heading-title elementor-size-default\">Descubra el rico legado de la colecci\u00f3n de arte del cardenal Scipione Borghese en uno de los museos m\u00e1s emblem\u00e1ticos de Roma\n\n\n\n\n\n\n<\/h6>\t\t\t\t<\/div>\n\t\t\t\t<\/div>\n\t\t\t\t<div class=\"elementor-element elementor-element-09c32c9 elementor-widget elementor-widget-jet-unfold\" data-id=\"09c32c9\" data-element_type=\"widget\" data-settings=\"{&quot;mask_height&quot;:{&quot;unit&quot;:&quot;px&quot;,&quot;size&quot;:150,&quot;sizes&quot;:[]},&quot;mask_height_tablet&quot;:{&quot;unit&quot;:&quot;px&quot;,&quot;size&quot;:&quot;&quot;,&quot;sizes&quot;:[]},&quot;mask_height_mobile&quot;:{&quot;unit&quot;:&quot;px&quot;,&quot;size&quot;:&quot;&quot;,&quot;sizes&quot;:[]},&quot;unfold_duration&quot;:{&quot;unit&quot;:&quot;ms&quot;,&quot;size&quot;:500,&quot;sizes&quot;:[]},&quot;unfold_easing&quot;:&quot;easeOutBack&quot;,&quot;fold_duration&quot;:{&quot;unit&quot;:&quot;ms&quot;,&quot;size&quot;:300,&quot;sizes&quot;:[]},&quot;fold_easing&quot;:&quot;easeOutSine&quot;,&quot;ekit_we_effect_on&quot;:&quot;none&quot;}\" data-widget_type=\"jet-unfold.default\">\n\t\t\t\t<div class=\"elementor-widget-container\">\n\t\t\t\t\t\t\t<div class=\"jet-unfold\" data-settings=\"{&quot;height&quot;:{&quot;unit&quot;:&quot;px&quot;,&quot;size&quot;:150,&quot;sizes&quot;:[]},&quot;separatorHeight&quot;:null,&quot;unfoldDuration&quot;:{&quot;unit&quot;:&quot;ms&quot;,&quot;size&quot;:500,&quot;sizes&quot;:[]},&quot;foldDuration&quot;:{&quot;unit&quot;:&quot;ms&quot;,&quot;size&quot;:300,&quot;sizes&quot;:[]},&quot;unfoldEasing&quot;:&quot;easeOutBack&quot;,&quot;foldEasing&quot;:&quot;easeOutSine&quot;,&quot;foldScrolling&quot;:&quot;false&quot;,&quot;hideOutsideClick&quot;:&quot;false&quot;,&quot;autoHide&quot;:&quot;false&quot;,&quot;autoHideTime&quot;:&quot;&quot;,&quot;foldScrollOffset&quot;:null}\">\n\t\t\t<div class=\"jet-unfold__inner\">\n\t\t\t\t<div class=\"jet-unfold__mask\">\n\t\t\t\t\t<div class=\"jet-unfold__content\">\n\t\t\t\t\t\t<div class=\"jet-unfold__content-inner elementor-text-editor elementor-clearfix\"><p>En <strong>Galer\u00eda Borghese<\/strong> (Galleria Borghese) es un renombrado museo de arte situado en el <strong>Villa Borghese<\/strong>una gran finca en <strong>Roma<\/strong>Italia. La galer\u00eda se construy\u00f3 originalmente a principios de <strong>Siglo XVII<\/strong> como una lujosa villa suburbana para <strong>Cardenal Scipione Borghese<\/strong>sobrino de <strong>Papa Pablo V<\/strong>. Como miembro de una de las familias m\u00e1s poderosas y ricas de Roma, Scipione Borghese ten\u00eda tanto los medios como la influencia para crear un tesoro cultural, y dedic\u00f3 gran parte de su vida a amasar una extraordinaria colecci\u00f3n de arte. Apasionado coleccionista de arte, fue uno de los primeros mecenas de artistas como <strong>Caravaggio<\/strong> y <strong>Gian Lorenzo Bernini<\/strong>El cardenal Borghese transform\u00f3 la villa en un escaparate para su impresionante colecci\u00f3n de esculturas, pinturas y antig\u00fcedades.<\/p><p>La villa fue dise\u00f1ada por el arquitecto <strong>Flaminio Ponzio<\/strong>basado en bocetos de Scipione Borghese, y completado por Giovanni Vasanzio tras la muerte de Ponzio. El sitio <strong>arquitectura<\/strong> de la villa refleja el deseo del cardenal de un espacio que fuera a la vez un <strong>residencia privada<\/strong> y un<strong> galer\u00eda p\u00fablica<\/strong>. La disposici\u00f3n y el dise\u00f1o del edificio enfatizan la armon\u00eda, con salas amplias y ventiladas, techos altos y abundante luz natural para mejorar la contemplaci\u00f3n de las obras de arte. El interior de la galer\u00eda fue cuidadosamente dise\u00f1ado para exhibir las preciadas piezas de Borghese de una manera est\u00e9ticamente agradable, con decoraciones ornamentales, incrustaciones de m\u00e1rmol, techos con frescos y paredes ricamente pintadas que complementan las obras de arte.<\/p><p>En <strong>Colecci\u00f3n de la Galer\u00eda Borghese<\/strong> creci\u00f3 r\u00e1pidamente hasta incluir obras maestras de algunos de los artistas m\u00e1s significativos de la \u00e9poca. Entre sus obras m\u00e1s famosas se encuentran \"<em>David con la cabeza de Goliat<\/em>\" y \"<em>Ni\u00f1o con una cesta de fruta<\/em>Las magn\u00edficas esculturas de Gian Lorenzo Bernini\".<em>Apolo y Dafne<\/em>\" y \"<em>La violaci\u00f3n de Proserpina,<\/em>\" Raphael's \"<em>La declaraci\u00f3n<\/em>de Tiziano<em>Amor sagrado y profano.<\/em>\" Estas obras siguen siendo los principales atractivos de la galer\u00eda, pues muestran la notable habilidad y creatividad de sus creadores. La colecci\u00f3n tambi\u00e9n incluye piezas de <strong>Peter Paul Rubens<\/strong>, <strong>Domenichino<\/strong>y <strong>Correggio<\/strong>convirti\u00e9ndola en una de las colecciones m\u00e1s completas de<strong> Renacimiento<\/strong> y <strong>Barroco<\/strong> arte en el mundo.<\/p><p>A lo largo del <strong>Siglos XVIII y XIX,<\/strong> La familia Borghese sigui\u00f3 ampliando la colecci\u00f3n, pero la villa empez\u00f3 a perder protagonismo como centro cultural. En 1808, gran parte de la colecci\u00f3n se traslad\u00f3 a<strong> Francia<\/strong> debido a las presiones pol\u00edticas de <strong>Napole\u00f3n Bonaparte<\/strong>que estaba casada con un miembro de la familia Borghese. Sin embargo, la villa conserv\u00f3 su estatus de lugar cultural importante, gracias a su impresionante arquitectura, sus jardines y la colecci\u00f3n que se conserva.<\/p><p>En <strong>1902<\/strong>El Estado italiano compr\u00f3 la villa, que se convirti\u00f3 en<strong> museo p\u00fablico<\/strong> para preservar su rica historia y la extraordinaria colecci\u00f3n de obras de arte que a\u00fan alberga. Desde entonces, la Galer\u00eda Borghese ha estado abierta al p\u00fablico, permitiendo a visitantes de todo el mundo experimentar la grandeza del arte barroco y el opulento estilo de vida de la \u00e9lite romana.<\/p><p>Hoy<strong>,<\/strong> la Galer\u00eda Borghese est\u00e1 considerada una de las <strong>museos de arte m\u00e1s importantes<\/strong>atrae cada a\u00f1o a miles de visitantes que acuden a admirar su colecci\u00f3n de categor\u00eda mundial. El museo tambi\u00e9n es c\u00e9lebre por sus hermosos jardines, conocidos como los<strong> Jardines de Villa Borghese<\/strong>que ofrecen un apacible retiro en el coraz\u00f3n de Roma. La galer\u00eda sigue siendo un testimonio de la visi\u00f3n del cardenal Scipione Borghese y de su perdurable pasi\u00f3n por el arte, y constituye un tesoro cultural que muestra el esplendor de las obras maestras del Renacimiento y el Barroco en un entorno hist\u00f3rico \u00fanico.<\/p><\/div>\n\t\t\t\t\t<\/div>\n\t\t\t\t\t<div class=\"jet-unfold__separator\"><\/div>\n\t\t\t\t<\/div>\n\t\t\t\t<div class=\"jet-unfold__trigger\"><div class=\"jet-unfold__button elementor-button elementor-size-md\" href=\"#\" data-unfold-text=\"Show more\" data-fold-text=\"Close\" data-fold-icon=\"&lt;svg aria-hidden=&quot;true&quot; class=&quot;e-font-icon-svg e-fas-chevron-up&quot; viewBox=&quot;0 0 448 512&quot; xmlns=&quot;http:\/\/www.w3.org\/2000\/svg&quot;&gt;&lt;path d=&quot;M240.971 130.524l194.343 194.343c9.373 9.373 9.373 24.569 0 33.941l-22.667 22.667c-9.357 9.357-24.522 9.375-33.901.04L224 227.495 69.255 381.516c-9.379 9.335-24.544 9.317-33.901-.04l-22.667-22.667c-9.373-9.373-9.373-24.569 0-33.941L207.03 130.525c9.372-9.373 24.568-9.373 33.941-.001z&quot;&gt;&lt;\/path&gt;&lt;\/svg&gt;\" data-unfold-icon=\"&lt;svg aria-hidden=&quot;true&quot; class=&quot;e-font-icon-svg e-fas-chevron-down&quot; viewBox=&quot;0 0 448 512&quot; xmlns=&quot;http:\/\/www.w3.org\/2000\/svg&quot;&gt;&lt;path d=&quot;M207.029 381.476L12.686 187.132c-9.373-9.373-9.373-24.569 0-33.941l22.667-22.667c9.357-9.357 24.522-9.375 33.901-.04L224 284.505l154.745-154.021c9.379-9.335 24.544-9.317 33.901.04l22.667 22.667c9.373 9.373 9.373 24.569 0 33.941L240.971 381.476c-9.373 9.372-24.569 9.372-33.942 0z&quot;&gt;&lt;\/path&gt;&lt;\/svg&gt;\" tabindex=\"0\" role=\"button\"><span class=\"jet-unfold__button-icon jet-tricks-icon\"><svg aria-hidden=\"true\" class=\"e-font-icon-svg e-fas-chevron-down\" viewbox=\"0 0 448 512\" xmlns=\"http:\/\/www.w3.org\/2000\/svg\"><path d=\"M207.029 381.476L12.686 187.132c-9.373-9.373-9.373-24.569 0-33.941l22.667-22.667c9.357-9.357 24.522-9.375 33.901-.04L224 284.505l154.745-154.021c9.379-9.335 24.544-9.317 33.901.04l22.667 22.667c9.373 9.373 9.373 24.569 0 33.941L240.971 381.476c-9.373 9.372-24.569 9.372-33.942 0z\"><\/path><\/svg><\/span><span class=\"jet-unfold__button-text\">Ver m\u00e1s<\/span><\/div>\t\t\t\t<\/div>\n\t\t\t<\/div>\n\t\t<\/div>\n\t\t\t\t\t\t<\/div>\n\t\t\t\t<\/div>\n\t\t\t\t<\/div>\n\t\t\t\t\t<\/div>\n\t\t\t\t<\/div>\n\t\t<div class=\"elementor-element elementor-element-37899d25 e-flex e-con-boxed e-con e-parent\" data-id=\"37899d25\" data-element_type=\"container\" data-settings=\"{&quot;jet_parallax_layout_list&quot;:[],&quot;ekit_has_onepagescroll_dot&quot;:&quot;yes&quot;}\">\n\t\t\t\t\t<div class=\"e-con-inner\">\n\t\t<div class=\"elementor-element elementor-element-44802347 e-con-full e-flex e-con e-child\" data-id=\"44802347\" data-element_type=\"container\" data-settings=\"{&quot;jet_parallax_layout_list&quot;:[],&quot;ekit_has_onepagescroll_dot&quot;:&quot;yes&quot;}\">\n\t\t\t\t<div class=\"elementor-element elementor-element-59f4ae83 elementor-widget elementor-widget-heading\" data-id=\"59f4ae83\" data-element_type=\"widget\" data-settings=\"{&quot;ekit_we_effect_on&quot;:&quot;none&quot;}\" data-widget_type=\"heading.default\">\n\t\t\t\t<div class=\"elementor-widget-container\">\n\t\t\t\t\t<h2 class=\"elementor-heading-title elementor-size-default\">Descubra los distintos tipos de billetes<\/h2>\t\t\t\t<\/div>\n\t\t\t\t<\/div>\n\t\t\t\t<div class=\"elementor-element elementor-element-66d7a64 elementor-hidden-tablet elementor-hidden-mobile elementor-widget elementor-widget-html\" data-id=\"66d7a64\" data-element_type=\"widget\" data-settings=\"{&quot;ekit_we_effect_on&quot;:&quot;none&quot;}\" data-widget_type=\"html.default\">\n\t\t\t\t<div class=\"elementor-widget-container\">\n\t\t\t\t\t<div data-tiqets-widget=\"discovery\" data-cards-layout=\"responsive\" data-content-type=\"product\" data-item_count=\"4\" data-destination-type=\"venue\" data-destination-id=\"144780\" data-partner=\"borghesegallery.com\"><\/div><script defer src=\"https:\/\/widgets.tiqets.com\/loader.js\"><\/script>\t\t\t\t<\/div>\n\t\t\t\t<\/div>\n\t\t\t\t<div class=\"elementor-element elementor-element-86f9046 elementor-hidden-desktop elementor-widget elementor-widget-html\" data-id=\"86f9046\" data-element_type=\"widget\" data-settings=\"{&quot;ekit_we_effect_on&quot;:&quot;none&quot;}\" data-widget_type=\"html.default\">\n\t\t\t\t<div class=\"elementor-widget-container\">\n\t\t\t\t\t<div data-tiqets-widget=\"discovery\" data-cards-layout=\"responsive\" data-content-type=\"product\" data-item_count=\"2\" data-destination-type=\"venue\" data-destination-id=\"144780\" data-partner=\"borghesegallery.com\"><\/div><script defer src=\"https:\/\/widgets.tiqets.com\/loader.js\"><\/script>\t\t\t\t<\/div>\n\t\t\t\t<\/div>\n\t\t\t\t<\/div>\n\t\t\t\t\t<\/div>\n\t\t\t\t<\/div>\n\t\t\t\t<\/div>","protected":false},"excerpt":{"rendered":"<p>ENTRY TICKET HISTORY OF THE BORGHESE GALLERY The Borghese Gallery: A Testament to Art and History in Rome Discover the [&hellip;]<\/p>","protected":false},"author":1,"featured_media":1093,"parent":0,"menu_order":0,"comment_status":"closed","ping_status":"closed","template":"","meta":{"site-sidebar-layout":"no-sidebar","site-content-layout":"","ast-site-content-layout":"full-width-container","site-content-style":"default","site-sidebar-style":"default","ast-global-header-display":"","ast-banner-title-visibility":"","ast-main-header-display":"","ast-hfb-above-header-display":"","ast-hfb-below-header-display":"","ast-hfb-mobile-header-display":"","site-post-title":"disabled","ast-breadcrumbs-content":"","ast-featured-img":"disabled","footer-sml-layout":"","theme-transparent-header-meta":"default","adv-header-id-meta":"","stick-header-meta":"","header-above-stick-meta":"","header-main-stick-meta":"","header-below-stick-meta":"","astra-migrate-meta-layouts":"set","ast-page-background-enabled":"default","ast-page-background-meta":{"desktop":{"background-color":"var(--ast-global-color-4)","background-image":"","background-repeat":"repeat","background-position":"center center","background-size":"auto","background-attachment":"scroll","background-type":"","background-media":"","overlay-type":"","overlay-color":"","overlay-opacity":"","overlay-gradient":""},"tablet":{"background-color":"","background-image":"","background-repeat":"repeat","background-position":"center center","background-size":"auto","background-attachment":"scroll","background-type":"","background-media":"","overlay-type":"","overlay-color":"","overlay-opacity":"","overlay-gradient":""},"mobile":{"background-color":"","background-image":"","background-repeat":"repeat","background-position":"center center","background-size":"auto","background-attachment":"scroll","background-type":"","background-media":"","overlay-type":"","overlay-color":"","overlay-opacity":"","overlay-gradient":""}},"ast-content-background-meta":{"desktop":{"background-color":"var(--ast-global-color-5)","background-image":"","background-repeat":"repeat","background-position":"center center","background-size":"auto","background-attachment":"scroll","background-type":"","background-media":"","overlay-type":"","overlay-color":"","overlay-opacity":"","overlay-gradient":""},"tablet":{"background-color":"var(--ast-global-color-5)","background-image":"","background-repeat":"repeat","background-position":"center center","background-size":"auto","background-attachment":"scroll","background-type":"","background-media":"","overlay-type":"","overlay-color":"","overlay-opacity":"","overlay-gradient":""},"mobile":{"background-color":"var(--ast-global-color-5)","background-image":"","background-repeat":"repeat","background-position":"center center","background-size":"auto","background-attachment":"scroll","background-type":"","background-media":"","overlay-type":"","overlay-color":"","overlay-opacity":"","overlay-gradient":""}},"footnotes":""},"class_list":["post-300","page","type-page","status-publish","has-post-thumbnail","hentry"],"_links":{"self":[{"href":"https:\/\/borghesegallery.com\/es\/wp-json\/wp\/v2\/pages\/300","targetHints":{"allow":["GET"]}}],"collection":[{"href":"https:\/\/borghesegallery.com\/es\/wp-json\/wp\/v2\/pages"}],"about":[{"href":"https:\/\/borghesegallery.com\/es\/wp-json\/wp\/v2\/types\/page"}],"author":[{"embeddable":true,"href":"https:\/\/borghesegallery.com\/es\/wp-json\/wp\/v2\/users\/1"}],"replies":[{"embeddable":true,"href":"https:\/\/borghesegallery.com\/es\/wp-json\/wp\/v2\/comments?post=300"}],"version-history":[{"count":34,"href":"https:\/\/borghesegallery.com\/es\/wp-json\/wp\/v2\/pages\/300\/revisions"}],"predecessor-version":[{"id":2361,"href":"https:\/\/borghesegallery.com\/es\/wp-json\/wp\/v2\/pages\/300\/revisions\/2361"}],"wp:featuredmedia":[{"embeddable":true,"href":"https:\/\/borghesegallery.com\/es\/wp-json\/wp\/v2\/media\/1093"}],"wp:attachment":[{"href":"https:\/\/borghesegallery.com\/es\/wp-json\/wp\/v2\/media?parent=300"}],"curies":[{"name":"wp","href":"https:\/\/api.w.org\/{rel}","templated":true}]}}