{"id":213,"date":"2024-08-05T15:20:15","date_gmt":"2024-08-05T15:20:15","guid":{"rendered":"https:\/\/musei-vaticani-roma.it\/?page_id=213"},"modified":"2026-01-26T14:44:28","modified_gmt":"2026-01-26T14:44:28","slug":"villa-borghese-gardens","status":"publish","type":"page","link":"https:\/\/borghesegallery.com\/es\/capilla-sixtina\/","title":{"rendered":"JARDINES DE VILLA BORGHESE"},"content":{"rendered":"<div data-elementor-type=\"wp-page\" data-elementor-id=\"213\" class=\"elementor elementor-213\" data-elementor-post-type=\"page\">\n\t\t\t\t<div class=\"elementor-element elementor-element-5e1703ef e-flex e-con-boxed e-con e-parent\" data-id=\"5e1703ef\" data-element_type=\"container\" data-settings=\"{&quot;background_background&quot;:&quot;classic&quot;,&quot;jet_parallax_layout_list&quot;:[],&quot;ekit_has_onepagescroll_dot&quot;:&quot;yes&quot;}\">\n\t\t\t\t\t<div class=\"e-con-inner\">\n\t\t\t\t<div class=\"elementor-element elementor-element-5cce77e7 elementor-widget elementor-widget-elementskit-heading\" data-id=\"5cce77e7\" data-element_type=\"widget\" data-settings=\"{&quot;ekit_we_effect_on&quot;:&quot;none&quot;}\" data-widget_type=\"elementskit-heading.default\">\n\t\t\t\t<div class=\"elementor-widget-container\">\n\t\t\t\t\t<div class=\"ekit-wid-con\" ><div class=\"ekit-heading elementskit-section-title-wraper center   ekit_heading_tablet-   ekit_heading_mobile-\"><h1 class=\"ekit-heading--title elementskit-section-title\">JARDINES DE VILLA BORGHESE<\/h1><\/div><\/div>\t\t\t\t<\/div>\n\t\t\t\t<\/div>\n\t\t\t\t<div class=\"elementor-element elementor-element-74d7387e elementor-widget elementor-widget-elementskit-button\" data-id=\"74d7387e\" data-element_type=\"widget\" data-settings=\"{&quot;ekit_we_effect_on&quot;:&quot;none&quot;}\" data-widget_type=\"elementskit-button.default\">\n\t\t\t\t<div class=\"elementor-widget-container\">\n\t\t\t\t\t<div class=\"ekit-wid-con\" >\t\t<div class=\"ekit-btn-wraper\">\n\t\t\t\t\t\t\t<a href=\"https:\/\/www.tiqets.com\/en\/borghese-gallery-tickets-l144780\/?partner=borghesegallery.com&#038;tq_campaign=gardens\" target=\"_blank\" rel=\"nofollow\" class=\"elementskit-btn  whitespace--normal\" id=\"\">\n\t\t\t\t\tENTRADA A LA GALER\u00cdA \t\t\t\t<\/a>\n\t\t\t\t\t<\/div>\n        <\/div>\t\t\t\t<\/div>\n\t\t\t\t<\/div>\n\t\t\t\t\t<\/div>\n\t\t\t\t<\/div>\n\t\t<div class=\"elementor-element elementor-element-a49ca27 e-flex e-con-boxed e-con e-parent\" data-id=\"a49ca27\" data-element_type=\"container\" data-settings=\"{&quot;jet_parallax_layout_list&quot;:[],&quot;background_background&quot;:&quot;classic&quot;,&quot;ekit_has_onepagescroll_dot&quot;:&quot;yes&quot;}\">\n\t\t\t\t\t<div class=\"e-con-inner\">\n\t\t<div class=\"elementor-element elementor-element-808cb83 e-con-full e-flex e-con e-child\" data-id=\"808cb83\" data-element_type=\"container\" data-settings=\"{&quot;jet_parallax_layout_list&quot;:[],&quot;ekit_has_onepagescroll_dot&quot;:&quot;yes&quot;}\">\n\t\t\t\t<div class=\"elementor-element elementor-element-5d08cfb6 elementor-widget elementor-widget-heading\" data-id=\"5d08cfb6\" data-element_type=\"widget\" data-settings=\"{&quot;ekit_we_effect_on&quot;:&quot;none&quot;}\" data-widget_type=\"heading.default\">\n\t\t\t\t<div class=\"elementor-widget-container\">\n\t\t\t\t\t<h2 class=\"elementor-heading-title elementor-size-default\">LOS JARDINES DE VILLA BORGHESE EN ROMA<\/h2>\t\t\t\t<\/div>\n\t\t\t\t<\/div>\n\t\t\t\t<\/div>\n\t\t<div class=\"elementor-element elementor-element-2bfe67c7 e-flex e-con-boxed e-con e-child\" data-id=\"2bfe67c7\" data-element_type=\"container\" data-settings=\"{&quot;background_background&quot;:&quot;classic&quot;,&quot;jet_parallax_layout_list&quot;:[],&quot;ekit_has_onepagescroll_dot&quot;:&quot;yes&quot;}\">\n\t\t\t\t\t<div class=\"e-con-inner\">\n\t\t\t\t<div class=\"elementor-element elementor-element-68882d17 elementor-widget elementor-widget-heading\" data-id=\"68882d17\" data-element_type=\"widget\" data-settings=\"{&quot;ekit_we_effect_on&quot;:&quot;none&quot;}\" data-widget_type=\"heading.default\">\n\t\t\t\t<div class=\"elementor-widget-container\">\n\t\t\t\t\t<h4 class=\"elementor-heading-title elementor-size-default\">Explorar los jardines de Villa Borghese: El exuberante oasis urbano de Roma\n<\/h4>\t\t\t\t<\/div>\n\t\t\t\t<\/div>\n\t\t\t\t<div class=\"elementor-element elementor-element-411798d1 elementor-widget elementor-widget-heading\" data-id=\"411798d1\" data-element_type=\"widget\" data-settings=\"{&quot;ekit_we_effect_on&quot;:&quot;none&quot;}\" data-widget_type=\"heading.default\">\n\t\t\t\t<div class=\"elementor-widget-container\">\n\t\t\t\t\t<h6 class=\"elementor-heading-title elementor-size-default\">Descubra la belleza, la historia y las atracciones de uno de los parques m\u00e1s queridos de Roma\n\n\n\n\n\n\n<\/h6>\t\t\t\t<\/div>\n\t\t\t\t<\/div>\n\t\t\t\t<div class=\"elementor-element elementor-element-233eddb5 elementor-widget elementor-widget-text-editor\" data-id=\"233eddb5\" data-element_type=\"widget\" data-settings=\"{&quot;ekit_we_effect_on&quot;:&quot;none&quot;}\" data-widget_type=\"text-editor.default\">\n\t\t\t\t<div class=\"elementor-widget-container\">\n\t\t\t\t\t\t\t\t\t<p>En <strong>Jardines de Villa Borghese<\/strong> (<em>Jardines de Villa Borghese<\/em>) se encuentran entre los espacios verdes m\u00e1s encantadores y amplios de Roma. Abarcan m\u00e1s de <strong>80 hect\u00e1reas<\/strong>Este inmenso parque ofrece un apacible refugio de las bulliciosas calles de la ciudad y constituye un lugar perfecto para la relajaci\u00f3n, la exploraci\u00f3n y el enriquecimiento cultural. Situados justo al norte del centro hist\u00f3rico, los Jardines de Villa Borghese son conocidos a menudo como los \"<strong>coraz\u00f3n verde<\/strong>\" de <strong>Roma<\/strong>y desempe\u00f1an un papel vital en la vida y el patrimonio de la ciudad.<\/p><p>Los or\u00edgenes de los jardines de Villa Borghese se remontan a principios del siglo XIX.<span style=\"text-decoration: underline;\"> Siglo XVII<\/span> cuando <strong>Cardenal Scipione Borghese<\/strong>miembro destacado de la poderosa familia Borghese y sobrino de <strong>Papa Pablo V<\/strong>decidi\u00f3 crear una villa rodeada de un amplio jard\u00edn. Inspir\u00e1ndose en las grandes villas del Renacimiento, encarg\u00f3 a los arquitectos de renombre <strong>Flaminio Ponzio<\/strong> y <strong>Giovanni Vasanzio<\/strong> para dise\u00f1ar los jardines y <strong>Galer\u00eda Borghese<\/strong>. A lo largo de los siglos, los jardines se fueron ampliando y transformando, incorporando diversos estilos y caracter\u00edsticas, desde el cl\u00e1sico <strong>Jardines italianos<\/strong> a <strong>Ingl\u00e9s<\/strong> elementos paisaj\u00edsticos, creando un entorno diverso y pintoresco.<\/p><p>En la actualidad, el <strong>Jardines de Villa Borghese<\/strong> son un<strong> destino favorito<\/strong> para ambos<strong> locales y turistas.<\/strong> Los visitantes pueden disfrutar de sus numerosos senderos, exuberante c\u00e9sped y hermosas zonas ajardinadas. Una de las principales atracciones del parque es el <strong>Galer\u00eda Borghese<\/strong> (<em>Galer\u00eda Borghese<\/em>), a <strong>museo de categor\u00eda mundial<\/strong> que alberga una incre\u00edble colecci\u00f3n de esculturas, pinturas y antig\u00fcedades, incluidas obras maestras de <strong>Bernini<\/strong>, <strong>Caravaggio<\/strong>, <strong>Rafael<\/strong>y <strong>Tiziano<\/strong>. Una visita a la galer\u00eda, rodeada de la tranquilidad de los jardines, ofrece una mezcla \u00fanica de naturaleza y cultura.<\/p><p>M\u00e1s all\u00e1 de la galer\u00eda, los Jardines de Villa Borghese cuentan con otros puntos de inter\u00e9s. La p\u00e1gina <strong>Templo de Esculapio<\/strong>, un peque\u00f1o templo neocl\u00e1sico con vistas a un sereno lago artificial, es un lugar popular para pasear en barca y fotografiar. La p\u00e1gina <strong>Terraza del Pincio<\/strong> (<em>Terraza del Pincio)<\/em>situado en el extremo occidental de los jardines, ofrece una de las vistas panor\u00e1micas m\u00e1s impresionantes de Roma, especialmente al atardecer. La p\u00e1gina <strong>Bioparco di Roma<\/strong>El <em>zoo de la ciudad<\/em>es otra de las atracciones m\u00e1s destacadas, con una gran variedad de especies animales y una agradable experiencia para familias y ni\u00f1os.<\/p><p>Para los interesados en las artes, la<strong> Casa del Cine<\/strong> y el <strong>Teatro Globe<\/strong>, una r\u00e9plica del famoso teatro de Shakespeare, se encuentran dentro de los jardines y acogen regularmente actos culturales, proyecciones y representaciones. El parque tambi\u00e9n cuenta con numerosas fuentes, esculturas y joyas escondidas que reflejan su patrimonio hist\u00f3rico y art\u00edstico, como el <strong>Fuente de los Caballos del Mar<\/strong> (<em>Fontana dei Cavalli Marini)<\/em> y el <strong>Monumento a V\u00edctor Manuel II.<\/strong><\/p><p>Los Jardines de Villa Borghese ofrecen una amplia gama de actividades recreativas. Puede alquilar bicicletas, patinetes el\u00e9ctricos o incluso botes de remos para explorar el parque a su aire. <strong>De picnic<\/strong> Los numerosos caf\u00e9s y quioscos repartidos por los jardines ofrecen refrescos para pasar un d\u00eda perfecto. Adem\u00e1s, varios parques infantiles hacen del parque un destino ideal para familias.<\/p><p>Para llegar a los Jardines de Villa Borghese, puede tomar el <strong>metro<\/strong> (<span style=\"text-decoration: underline;\">L\u00ednea A<\/span>) a la<strong> Spagna<\/strong> o <strong>Flaminio<\/strong> ambas a poca distancia de la entrada del parque. Tambi\u00e9n hay muchas l\u00edneas de autob\u00fas que llegan a la zona, por lo que es f\u00e1cilmente accesible desde cualquier punto de la ciudad.<\/p><p>En conclusi\u00f3n, la <strong>Jardines de Villa Borghese<\/strong> son mucho m\u00e1s que un parque; son un tesoro cultural, hist\u00f3rico y natural que ofrece algo para todos. Tanto si busca sumergirse en el arte, disfrutar de un tranquilo paseo o simplemente relajarse en un bello entorno, los jardines proporcionan un ambiente sereno y diverso que cautiva a todos los que los visitan. Un viaje a <strong>Roma<\/strong> es incompleta sin experimentar el encanto y el encanto de los Jardines de Villa Borghese.<\/p>\t\t\t\t\t\t\t\t<\/div>\n\t\t\t\t<\/div>\n\t\t\t\t\t<\/div>\n\t\t\t\t<\/div>\n\t\t\t\t\t<\/div>\n\t\t\t\t<\/div>\n\t\t<div class=\"elementor-element elementor-element-1a33e09a e-flex e-con-boxed e-con e-parent\" data-id=\"1a33e09a\" data-element_type=\"container\" data-settings=\"{&quot;jet_parallax_layout_list&quot;:[],&quot;ekit_has_onepagescroll_dot&quot;:&quot;yes&quot;}\">\n\t\t\t\t\t<div class=\"e-con-inner\">\n\t\t<div class=\"elementor-element elementor-element-25eca8b2 e-con-full e-flex e-con e-child\" data-id=\"25eca8b2\" data-element_type=\"container\" data-settings=\"{&quot;jet_parallax_layout_list&quot;:[],&quot;ekit_has_onepagescroll_dot&quot;:&quot;yes&quot;}\">\n\t\t\t\t<div class=\"elementor-element elementor-element-61cb336f elementor-widget elementor-widget-heading\" data-id=\"61cb336f\" data-element_type=\"widget\" data-settings=\"{&quot;ekit_we_effect_on&quot;:&quot;none&quot;}\" data-widget_type=\"heading.default\">\n\t\t\t\t<div class=\"elementor-widget-container\">\n\t\t\t\t\t<h2 class=\"elementor-heading-title elementor-size-default\">Descubra todas las actividades de los Jardines de Villa Borghese<\/h2>\t\t\t\t<\/div>\n\t\t\t\t<\/div>\n\t\t\t\t<div class=\"elementor-element elementor-element-54ec1a2e elementor-widget elementor-widget-html\" data-id=\"54ec1a2e\" data-element_type=\"widget\" data-settings=\"{&quot;ekit_we_effect_on&quot;:&quot;none&quot;}\" data-widget_type=\"html.default\">\n\t\t\t\t<div class=\"elementor-widget-container\">\n\t\t\t\t\t<div data-tiqets-widget=\"discovery\" data-cards-layout=\"responsive\" data-content-type=\"product\" data-item_count=\"4\" data-destination-type=\"venue\" data-destination-id=\"178815\" data-partner=\"borghesegallery.com\"><\/div><script defer src=\"https:\/\/widgets.tiqets.com\/loader.js\"><\/script>\t\t\t\t<\/div>\n\t\t\t\t<\/div>\n\t\t\t\t<\/div>\n\t\t\t\t\t<\/div>\n\t\t\t\t<\/div>\n\t\t\t\t<\/div>","protected":false},"excerpt":{"rendered":"<p>VILLA BORGHESE GARDENS GALLERY ENTRY TICKET LOS JARDINES DE VILLA BORGHESE EN ROMA Explorando los Jardines de Villa Borghese: Los exuberantes [...]<\/p>","protected":false},"author":1,"featured_media":0,"parent":0,"menu_order":0,"comment_status":"closed","ping_status":"closed","template":"","meta":{"site-sidebar-layout":"default","site-content-layout":"","ast-site-content-layout":"default","site-content-style":"default","site-sidebar-style":"default","ast-global-header-display":"","ast-banner-title-visibility":"","ast-main-header-display":"","ast-hfb-above-header-display":"","ast-hfb-below-header-display":"","ast-hfb-mobile-header-display":"","site-post-title":"","ast-breadcrumbs-content":"","ast-featured-img":"","footer-sml-layout":"","theme-transparent-header-meta":"default","adv-header-id-meta":"","stick-header-meta":"","header-above-stick-meta":"","header-main-stick-meta":"","header-below-stick-meta":"","astra-migrate-meta-layouts":"set","ast-page-background-enabled":"default","ast-page-background-meta":{"desktop":{"background-color":"var(--ast-global-color-4)","background-image":"","background-repeat":"repeat","background-position":"center center","background-size":"auto","background-attachment":"scroll","background-type":"","background-media":"","overlay-type":"","overlay-color":"","overlay-opacity":"","overlay-gradient":""},"tablet":{"background-color":"","background-image":"","background-repeat":"repeat","background-position":"center center","background-size":"auto","background-attachment":"scroll","background-type":"","background-media":"","overlay-type":"","overlay-color":"","overlay-opacity":"","overlay-gradient":""},"mobile":{"background-color":"","background-image":"","background-repeat":"repeat","background-position":"center center","background-size":"auto","background-attachment":"scroll","background-type":"","background-media":"","overlay-type":"","overlay-color":"","overlay-opacity":"","overlay-gradient":""}},"ast-content-background-meta":{"desktop":{"background-color":"var(--ast-global-color-5)","background-image":"","background-repeat":"repeat","background-position":"center center","background-size":"auto","background-attachment":"scroll","background-type":"","background-media":"","overlay-type":"","overlay-color":"","overlay-opacity":"","overlay-gradient":""},"tablet":{"background-color":"var(--ast-global-color-5)","background-image":"","background-repeat":"repeat","background-position":"center center","background-size":"auto","background-attachment":"scroll","background-type":"","background-media":"","overlay-type":"","overlay-color":"","overlay-opacity":"","overlay-gradient":""},"mobile":{"background-color":"var(--ast-global-color-5)","background-image":"","background-repeat":"repeat","background-position":"center center","background-size":"auto","background-attachment":"scroll","background-type":"","background-media":"","overlay-type":"","overlay-color":"","overlay-opacity":"","overlay-gradient":""}},"footnotes":""},"class_list":["post-213","page","type-page","status-publish","hentry"],"_links":{"self":[{"href":"https:\/\/borghesegallery.com\/es\/wp-json\/wp\/v2\/pages\/213","targetHints":{"allow":["GET"]}}],"collection":[{"href":"https:\/\/borghesegallery.com\/es\/wp-json\/wp\/v2\/pages"}],"about":[{"href":"https:\/\/borghesegallery.com\/es\/wp-json\/wp\/v2\/types\/page"}],"author":[{"embeddable":true,"href":"https:\/\/borghesegallery.com\/es\/wp-json\/wp\/v2\/users\/1"}],"replies":[{"embeddable":true,"href":"https:\/\/borghesegallery.com\/es\/wp-json\/wp\/v2\/comments?post=213"}],"version-history":[{"count":28,"href":"https:\/\/borghesegallery.com\/es\/wp-json\/wp\/v2\/pages\/213\/revisions"}],"predecessor-version":[{"id":1678,"href":"https:\/\/borghesegallery.com\/es\/wp-json\/wp\/v2\/pages\/213\/revisions\/1678"}],"wp:attachment":[{"href":"https:\/\/borghesegallery.com\/es\/wp-json\/wp\/v2\/media?parent=213"}],"curies":[{"name":"wp","href":"https:\/\/api.w.org\/{rel}","templated":true}]}}