{"id":300,"date":"2024-08-30T10:17:12","date_gmt":"2024-08-30T10:17:12","guid":{"rendered":"https:\/\/musei-vaticani-roma.it\/?page_id=300"},"modified":"2026-01-26T15:00:58","modified_gmt":"2026-01-26T15:00:58","slug":"history","status":"publish","type":"page","link":"https:\/\/borghesegallery.com\/de\/geschichte\/","title":{"rendered":"GESCHICHTE"},"content":{"rendered":"<div data-elementor-type=\"wp-page\" data-elementor-id=\"300\" class=\"elementor elementor-300\" data-elementor-post-type=\"page\">\n\t\t\t\t<div class=\"elementor-element elementor-element-4146b1dc e-flex e-con-boxed e-con e-parent\" data-id=\"4146b1dc\" data-element_type=\"container\" data-settings=\"{&quot;background_background&quot;:&quot;classic&quot;,&quot;jet_parallax_layout_list&quot;:[],&quot;ekit_has_onepagescroll_dot&quot;:&quot;yes&quot;}\">\n\t\t\t\t\t<div class=\"e-con-inner\">\n\t\t\t\t<div class=\"elementor-element elementor-element-528564c5 elementor-widget elementor-widget-elementskit-heading\" data-id=\"528564c5\" data-element_type=\"widget\" data-settings=\"{&quot;ekit_we_effect_on&quot;:&quot;none&quot;}\" data-widget_type=\"elementskit-heading.default\">\n\t\t\t\t<div class=\"elementor-widget-container\">\n\t\t\t\t\t<div class=\"ekit-wid-con\" ><div class=\"ekit-heading elementskit-section-title-wraper center   ekit_heading_tablet-   ekit_heading_mobile-\"><h1 class=\"ekit-heading--title elementskit-section-title\">GESCHICHTE <\/h1><\/div><\/div>\t\t\t\t<\/div>\n\t\t\t\t<\/div>\n\t\t\t\t<div class=\"elementor-element elementor-element-3cb7ebe1 elementor-widget elementor-widget-elementskit-button\" data-id=\"3cb7ebe1\" data-element_type=\"widget\" data-settings=\"{&quot;ekit_we_effect_on&quot;:&quot;none&quot;}\" data-widget_type=\"elementskit-button.default\">\n\t\t\t\t<div class=\"elementor-widget-container\">\n\t\t\t\t\t<div class=\"ekit-wid-con\" >\t\t<div class=\"ekit-btn-wraper\">\n\t\t\t\t\t\t\t<a href=\"https:\/\/www.tiqets.com\/en\/borghese-gallery-tickets-l144780\/?partner=borghesegallery.com&#038;tq_campaign=history\" target=\"_blank\" rel=\"nofollow\" class=\"elementskit-btn  whitespace--normal\" id=\"\">\n\t\t\t\t\tEINTRITTSKARTE\t\t\t\t<\/a>\n\t\t\t\t\t<\/div>\n        <\/div>\t\t\t\t<\/div>\n\t\t\t\t<\/div>\n\t\t\t\t\t<\/div>\n\t\t\t\t<\/div>\n\t\t<div class=\"elementor-element elementor-element-d888528 e-flex e-con-boxed e-con e-parent\" data-id=\"d888528\" data-element_type=\"container\" data-settings=\"{&quot;jet_parallax_layout_list&quot;:[],&quot;background_background&quot;:&quot;classic&quot;,&quot;ekit_has_onepagescroll_dot&quot;:&quot;yes&quot;}\">\n\t\t\t\t\t<div class=\"e-con-inner\">\n\t\t<div class=\"elementor-element elementor-element-a16176f e-con-full e-flex e-con e-child\" data-id=\"a16176f\" data-element_type=\"container\" data-settings=\"{&quot;jet_parallax_layout_list&quot;:[],&quot;ekit_has_onepagescroll_dot&quot;:&quot;yes&quot;}\">\n\t\t\t\t<div class=\"elementor-element elementor-element-6a85bd1 elementor-widget elementor-widget-heading\" data-id=\"6a85bd1\" data-element_type=\"widget\" data-settings=\"{&quot;ekit_we_effect_on&quot;:&quot;none&quot;}\" data-widget_type=\"heading.default\">\n\t\t\t\t<div class=\"elementor-widget-container\">\n\t\t\t\t\t<h2 class=\"elementor-heading-title elementor-size-default\">GESCHICHTE DER GALERIE BORGHESE<\/h2>\t\t\t\t<\/div>\n\t\t\t\t<\/div>\n\t\t\t\t<\/div>\n\t\t<div class=\"elementor-element elementor-element-7bbb8c61 e-flex e-con-boxed e-con e-child\" data-id=\"7bbb8c61\" data-element_type=\"container\" data-settings=\"{&quot;background_background&quot;:&quot;classic&quot;,&quot;jet_parallax_layout_list&quot;:[],&quot;ekit_has_onepagescroll_dot&quot;:&quot;yes&quot;}\">\n\t\t\t\t\t<div class=\"e-con-inner\">\n\t\t\t\t<div class=\"elementor-element elementor-element-4fc3826f elementor-widget elementor-widget-heading\" data-id=\"4fc3826f\" data-element_type=\"widget\" data-settings=\"{&quot;ekit_we_effect_on&quot;:&quot;none&quot;}\" data-widget_type=\"heading.default\">\n\t\t\t\t<div class=\"elementor-widget-container\">\n\t\t\t\t\t<h4 class=\"elementor-heading-title elementor-size-default\">Die Galerie Borghese: Ein Testament f\u00fcr Kunst und Geschichte in Rom<\/h4>\t\t\t\t<\/div>\n\t\t\t\t<\/div>\n\t\t\t\t<div class=\"elementor-element elementor-element-3ecdc3b9 elementor-widget elementor-widget-heading\" data-id=\"3ecdc3b9\" data-element_type=\"widget\" data-settings=\"{&quot;ekit_we_effect_on&quot;:&quot;none&quot;}\" data-widget_type=\"heading.default\">\n\t\t\t\t<div class=\"elementor-widget-container\">\n\t\t\t\t\t<h6 class=\"elementor-heading-title elementor-size-default\">Entdecken Sie das reiche Erbe der Kunstsammlung von Kardinal Scipione Borghese in einem der ber\u00fchmtesten Museen Roms\n\n\n\n\n\n\n<\/h6>\t\t\t\t<\/div>\n\t\t\t\t<\/div>\n\t\t\t\t<div class=\"elementor-element elementor-element-6eef374a elementor-widget elementor-widget-text-editor\" data-id=\"6eef374a\" data-element_type=\"widget\" data-settings=\"{&quot;ekit_we_effect_on&quot;:&quot;none&quot;}\" data-widget_type=\"text-editor.default\">\n\t\t\t\t<div class=\"elementor-widget-container\">\n\t\t\t\t\t\t\t\t\t<p>Die <strong>Galerie Borghese<\/strong> (Galleria Borghese) ist ein renommiertes Kunstmuseum, das in der <strong>Villa Borghese<\/strong>ein herrschaftliches Anwesen in <strong>Rom<\/strong>Italien. Die Galerie wurde urspr\u00fcnglich in den fr\u00fchen <strong>17. Jahrhundert<\/strong> als luxuri\u00f6se Vorstadtvilla f\u00fcr <strong>Kardinal Scipione Borghese<\/strong>der Neffe von <strong>Papst Paul V.<\/strong>. Als Mitglied einer der m\u00e4chtigsten und wohlhabendsten Familien Roms hatte Scipione Borghese sowohl die Mittel als auch den Einfluss, eine kulturelle Schatzkammer zu schaffen, und er widmete einen Gro\u00dfteil seines Lebens dem Aufbau einer au\u00dfergew\u00f6hnlichen Kunstsammlung. Er war ein leidenschaftlicher Kunstsammler und ein fr\u00fcher M\u00e4zen von K\u00fcnstlern wie <strong>Caravaggio<\/strong> und <strong>Gian Lorenzo Bernini<\/strong>verwandelte Kardinal Borghese die Villa in ein Schaufenster f\u00fcr seine beeindruckende Sammlung von Skulpturen, Gem\u00e4lden und Antiquit\u00e4ten.<\/p><p>Die Villa selbst wurde von dem Architekten <strong>Flaminio Ponzio<\/strong>auf der Grundlage von Skizzen von Scipione Borghese, die nach Ponzios Tod von Giovanni Vasanzio vollendet wurden. Die <strong>Architektur<\/strong> der Villa spiegelt den Wunsch des Kardinals nach einem Raum wider, der sowohl ein <strong>privater Wohnsitz<\/strong> und eine<strong> \u00f6ffentliche Galerie<\/strong>. Die Aufteilung und das Design des Geb\u00e4udes betonen die Harmonie, mit gro\u00dfen, luftigen R\u00e4umen, hohen Decken und reichlich nat\u00fcrlichem Licht, um die Betrachtung der Kunstwerke zu verbessern. Das Innere der Galerie wurde sorgf\u00e4ltig gestaltet, um die wertvollen Werke von Borghese in einer \u00e4sthetisch ansprechenden Weise zu pr\u00e4sentieren, mit kunstvollen Dekorationen, Marmorintarsien, Freskendecken und reich bemalten W\u00e4nden, die die Kunstwerke erg\u00e4nzen.<\/p><p>Die <strong>Die Sammlung der Galerie Borghese<\/strong> wuchs schnell auf Meisterwerke von einigen der bedeutendsten K\u00fcnstler der Zeit an. Zu den ber\u00fchmtesten Werken geh\u00f6ren Caravaggios \"<em>David mit dem Kopf des Goliaths<\/em>\" und \"<em>Junge mit einem Korb voller Obst<\/em>Die gro\u00dfartigen Skulpturen von Gian Lorenzo Bernini\".<em>Apollo und Daphne<\/em>\" und \"<em>Die Vergewaltigung der Proserpina,<\/em>\" Raphael's \"<em>Die Absetzung<\/em>\" und Tizians \"<em>Heilige und profane Liebe.<\/em>\" Diese Werke sind nach wie vor die Hauptattraktion der Galerie und zeigen die bemerkenswerte Kunstfertigkeit und Kreativit\u00e4t ihrer Sch\u00f6pfer. Die Sammlung umfasst auch Werke von <strong>Peter Paul Rubens<\/strong>, <strong>Domenichino<\/strong>und <strong>Correggio<\/strong>und ist damit eine der umfassendsten Sammlungen von<strong> Renaissance<\/strong> und <strong>Barock<\/strong> Kunst in der Welt.<\/p><p>W\u00e4hrend des gesamten <strong>18. und 19. Jahrhundert,<\/strong> erg\u00e4nzte die Familie Borghese die Sammlung weiter, aber die Villa verlor allm\u00e4hlich ihre Bedeutung als kultureller Mittelpunkt. Im Jahr 1808 wurde ein Gro\u00dfteil der Sammlung nach<strong> Frankreich<\/strong> aufgrund des politischen Drucks von <strong>Napoleon Bonaparte<\/strong>die mit einem Mitglied der Familie Borghese verheiratet war. Die Villa behielt jedoch ihren Status als bedeutende kulturelle St\u00e4tte, dank ihrer beeindruckenden Architektur, ihrer G\u00e4rten und der noch vorhandenen Sammlung.<\/p><p>Unter <strong>1902<\/strong>kaufte der italienische Staat die Villa und baute sie zu einem Museum um.<strong> \u00f6ffentliches Museum<\/strong> um ihre reiche Geschichte und die bemerkenswerte Sammlung von Kunstwerken zu bewahren, die sie noch immer beherbergt. Seitdem ist die Galleria Borghese f\u00fcr die \u00d6ffentlichkeit zug\u00e4nglich und erm\u00f6glicht es Besuchern aus aller Welt, die Pracht der Barockkunst und den opulenten Lebensstil der r\u00f6mischen Elite zu erleben.<\/p><p>Heute<strong>,<\/strong> Die Galleria Borghese gilt als eine der bedeutendsten Galerien in Rom. <strong>bedeutendste Kunstmuseen<\/strong>Das Museum zieht jedes Jahr Tausende von Besuchern an, die seine Weltklasse-Sammlung bewundern. Das Museum ist auch f\u00fcr seine wundersch\u00f6n gepflegten G\u00e4rten bekannt, die als<strong> Villa Borghese G\u00e4rten<\/strong>die einen friedlichen R\u00fcckzugsort im Herzen Roms bieten. Die Galerie ist nach wie vor ein Zeugnis der Vision von Kardinal Scipione Borghese und seiner anhaltenden Leidenschaft f\u00fcr die Kunst. Sie dient als kultureller Schatz, der die Pracht von Meisterwerken der Renaissance und des Barocks in einem einzigartigen historischen Rahmen pr\u00e4sentiert.<\/p>\t\t\t\t\t\t\t\t<\/div>\n\t\t\t\t<\/div>\n\t\t\t\t\t<\/div>\n\t\t\t\t<\/div>\n\t\t\t\t\t<\/div>\n\t\t\t\t<\/div>\n\t\t<div class=\"elementor-element elementor-element-37899d25 e-flex e-con-boxed e-con e-parent\" data-id=\"37899d25\" data-element_type=\"container\" data-settings=\"{&quot;jet_parallax_layout_list&quot;:[],&quot;ekit_has_onepagescroll_dot&quot;:&quot;yes&quot;}\">\n\t\t\t\t\t<div class=\"e-con-inner\">\n\t\t<div class=\"elementor-element elementor-element-44802347 e-con-full e-flex e-con e-child\" data-id=\"44802347\" data-element_type=\"container\" data-settings=\"{&quot;jet_parallax_layout_list&quot;:[],&quot;ekit_has_onepagescroll_dot&quot;:&quot;yes&quot;}\">\n\t\t\t\t<div class=\"elementor-element elementor-element-59f4ae83 elementor-widget elementor-widget-heading\" data-id=\"59f4ae83\" data-element_type=\"widget\" data-settings=\"{&quot;ekit_we_effect_on&quot;:&quot;none&quot;}\" data-widget_type=\"heading.default\">\n\t\t\t\t<div class=\"elementor-widget-container\">\n\t\t\t\t\t<h2 class=\"elementor-heading-title elementor-size-default\">Entdecken Sie die verschiedenen Arten von Tickets<\/h2>\t\t\t\t<\/div>\n\t\t\t\t<\/div>\n\t\t\t\t<div class=\"elementor-element elementor-element-66d7a64 elementor-widget elementor-widget-html\" data-id=\"66d7a64\" data-element_type=\"widget\" data-settings=\"{&quot;ekit_we_effect_on&quot;:&quot;none&quot;}\" data-widget_type=\"html.default\">\n\t\t\t\t<div class=\"elementor-widget-container\">\n\t\t\t\t\t<div data-tiqets-widget=\"discovery\" data-cards-layout=\"responsive\" data-content-type=\"product\" data-item_count=\"4\" data-destination-type=\"venue\" data-destination-id=\"144780\" data-partner=\"borghesegallery.com\"><\/div><script defer src=\"https:\/\/widgets.tiqets.com\/loader.js\"><\/script>\t\t\t\t<\/div>\n\t\t\t\t<\/div>\n\t\t\t\t<\/div>\n\t\t\t\t\t<\/div>\n\t\t\t\t<\/div>\n\t\t\t\t<\/div>","protected":false},"excerpt":{"rendered":"<p>GESCHICHTE EINTRITTSTICKET GESCHICHTE DER GALERIE BORGHESE Die Galerie Borghese: Ein Testament der Kunst und Geschichte in Rom Entdecken Sie [...]<\/p>","protected":false},"author":1,"featured_media":0,"parent":0,"menu_order":0,"comment_status":"closed","ping_status":"closed","template":"","meta":{"site-sidebar-layout":"no-sidebar","site-content-layout":"","ast-site-content-layout":"full-width-container","site-content-style":"default","site-sidebar-style":"default","ast-global-header-display":"","ast-banner-title-visibility":"","ast-main-header-display":"","ast-hfb-above-header-display":"","ast-hfb-below-header-display":"","ast-hfb-mobile-header-display":"","site-post-title":"disabled","ast-breadcrumbs-content":"","ast-featured-img":"disabled","footer-sml-layout":"","theme-transparent-header-meta":"default","adv-header-id-meta":"","stick-header-meta":"","header-above-stick-meta":"","header-main-stick-meta":"","header-below-stick-meta":"","astra-migrate-meta-layouts":"set","ast-page-background-enabled":"default","ast-page-background-meta":{"desktop":{"background-color":"var(--ast-global-color-4)","background-image":"","background-repeat":"repeat","background-position":"center center","background-size":"auto","background-attachment":"scroll","background-type":"","background-media":"","overlay-type":"","overlay-color":"","overlay-opacity":"","overlay-gradient":""},"tablet":{"background-color":"","background-image":"","background-repeat":"repeat","background-position":"center center","background-size":"auto","background-attachment":"scroll","background-type":"","background-media":"","overlay-type":"","overlay-color":"","overlay-opacity":"","overlay-gradient":""},"mobile":{"background-color":"","background-image":"","background-repeat":"repeat","background-position":"center center","background-size":"auto","background-attachment":"scroll","background-type":"","background-media":"","overlay-type":"","overlay-color":"","overlay-opacity":"","overlay-gradient":""}},"ast-content-background-meta":{"desktop":{"background-color":"var(--ast-global-color-5)","background-image":"","background-repeat":"repeat","background-position":"center center","background-size":"auto","background-attachment":"scroll","background-type":"","background-media":"","overlay-type":"","overlay-color":"","overlay-opacity":"","overlay-gradient":""},"tablet":{"background-color":"var(--ast-global-color-5)","background-image":"","background-repeat":"repeat","background-position":"center center","background-size":"auto","background-attachment":"scroll","background-type":"","background-media":"","overlay-type":"","overlay-color":"","overlay-opacity":"","overlay-gradient":""},"mobile":{"background-color":"var(--ast-global-color-5)","background-image":"","background-repeat":"repeat","background-position":"center center","background-size":"auto","background-attachment":"scroll","background-type":"","background-media":"","overlay-type":"","overlay-color":"","overlay-opacity":"","overlay-gradient":""}},"footnotes":""},"class_list":["post-300","page","type-page","status-publish","hentry"],"_links":{"self":[{"href":"https:\/\/borghesegallery.com\/de\/wp-json\/wp\/v2\/pages\/300","targetHints":{"allow":["GET"]}}],"collection":[{"href":"https:\/\/borghesegallery.com\/de\/wp-json\/wp\/v2\/pages"}],"about":[{"href":"https:\/\/borghesegallery.com\/de\/wp-json\/wp\/v2\/types\/page"}],"author":[{"embeddable":true,"href":"https:\/\/borghesegallery.com\/de\/wp-json\/wp\/v2\/users\/1"}],"replies":[{"embeddable":true,"href":"https:\/\/borghesegallery.com\/de\/wp-json\/wp\/v2\/comments?post=300"}],"version-history":[{"count":12,"href":"https:\/\/borghesegallery.com\/de\/wp-json\/wp\/v2\/pages\/300\/revisions"}],"predecessor-version":[{"id":1680,"href":"https:\/\/borghesegallery.com\/de\/wp-json\/wp\/v2\/pages\/300\/revisions\/1680"}],"wp:attachment":[{"href":"https:\/\/borghesegallery.com\/de\/wp-json\/wp\/v2\/media?parent=300"}],"curies":[{"name":"wp","href":"https:\/\/api.w.org\/{rel}","templated":true}]}}