{"id":213,"date":"2024-08-05T15:20:15","date_gmt":"2024-08-05T15:20:15","guid":{"rendered":"https:\/\/musei-vaticani-roma.it\/?page_id=213"},"modified":"2026-01-26T14:44:28","modified_gmt":"2026-01-26T14:44:28","slug":"villa-borghese-gardens","status":"publish","type":"page","link":"https:\/\/borghesegallery.com\/de\/sixtinische-kapelle\/","title":{"rendered":"VILLA BORGHESE G\u00c4RTEN"},"content":{"rendered":"<div data-elementor-type=\"wp-page\" data-elementor-id=\"213\" class=\"elementor elementor-213\" data-elementor-post-type=\"page\">\n\t\t\t\t<div class=\"elementor-element elementor-element-5e1703ef e-flex e-con-boxed e-con e-parent\" data-id=\"5e1703ef\" data-element_type=\"container\" data-settings=\"{&quot;background_background&quot;:&quot;classic&quot;,&quot;jet_parallax_layout_list&quot;:[],&quot;ekit_has_onepagescroll_dot&quot;:&quot;yes&quot;}\">\n\t\t\t\t\t<div class=\"e-con-inner\">\n\t\t\t\t<div class=\"elementor-element elementor-element-5cce77e7 elementor-widget elementor-widget-elementskit-heading\" data-id=\"5cce77e7\" data-element_type=\"widget\" data-settings=\"{&quot;ekit_we_effect_on&quot;:&quot;none&quot;}\" data-widget_type=\"elementskit-heading.default\">\n\t\t\t\t<div class=\"elementor-widget-container\">\n\t\t\t\t\t<div class=\"ekit-wid-con\" ><div class=\"ekit-heading elementskit-section-title-wraper center   ekit_heading_tablet-   ekit_heading_mobile-\"><h1 class=\"ekit-heading--title elementskit-section-title\">VILLA BORGHESE G\u00c4RTEN<\/h1><\/div><\/div>\t\t\t\t<\/div>\n\t\t\t\t<\/div>\n\t\t\t\t<div class=\"elementor-element elementor-element-74d7387e elementor-widget elementor-widget-elementskit-button\" data-id=\"74d7387e\" data-element_type=\"widget\" data-settings=\"{&quot;ekit_we_effect_on&quot;:&quot;none&quot;}\" data-widget_type=\"elementskit-button.default\">\n\t\t\t\t<div class=\"elementor-widget-container\">\n\t\t\t\t\t<div class=\"ekit-wid-con\" >\t\t<div class=\"ekit-btn-wraper\">\n\t\t\t\t\t\t\t<a href=\"https:\/\/www.tiqets.com\/en\/borghese-gallery-tickets-l144780\/?partner=borghesegallery.com&#038;tq_campaign=gardens\" target=\"_blank\" rel=\"nofollow\" class=\"elementskit-btn  whitespace--normal\" id=\"\">\n\t\t\t\t\tEINTRITTSKARTE F\u00dcR DIE GALERIE \t\t\t\t<\/a>\n\t\t\t\t\t<\/div>\n        <\/div>\t\t\t\t<\/div>\n\t\t\t\t<\/div>\n\t\t\t\t\t<\/div>\n\t\t\t\t<\/div>\n\t\t<div class=\"elementor-element elementor-element-a49ca27 e-flex e-con-boxed e-con e-parent\" data-id=\"a49ca27\" data-element_type=\"container\" data-settings=\"{&quot;jet_parallax_layout_list&quot;:[],&quot;background_background&quot;:&quot;classic&quot;,&quot;ekit_has_onepagescroll_dot&quot;:&quot;yes&quot;}\">\n\t\t\t\t\t<div class=\"e-con-inner\">\n\t\t<div class=\"elementor-element elementor-element-808cb83 e-con-full e-flex e-con e-child\" data-id=\"808cb83\" data-element_type=\"container\" data-settings=\"{&quot;jet_parallax_layout_list&quot;:[],&quot;ekit_has_onepagescroll_dot&quot;:&quot;yes&quot;}\">\n\t\t\t\t<div class=\"elementor-element elementor-element-5d08cfb6 elementor-widget elementor-widget-heading\" data-id=\"5d08cfb6\" data-element_type=\"widget\" data-settings=\"{&quot;ekit_we_effect_on&quot;:&quot;none&quot;}\" data-widget_type=\"heading.default\">\n\t\t\t\t<div class=\"elementor-widget-container\">\n\t\t\t\t\t<h2 class=\"elementor-heading-title elementor-size-default\">DIE G\u00c4RTEN DER VILLA BORGHESE IN ROM<\/h2>\t\t\t\t<\/div>\n\t\t\t\t<\/div>\n\t\t\t\t<\/div>\n\t\t<div class=\"elementor-element elementor-element-2bfe67c7 e-flex e-con-boxed e-con e-child\" data-id=\"2bfe67c7\" data-element_type=\"container\" data-settings=\"{&quot;background_background&quot;:&quot;classic&quot;,&quot;jet_parallax_layout_list&quot;:[],&quot;ekit_has_onepagescroll_dot&quot;:&quot;yes&quot;}\">\n\t\t\t\t\t<div class=\"e-con-inner\">\n\t\t\t\t<div class=\"elementor-element elementor-element-68882d17 elementor-widget elementor-widget-heading\" data-id=\"68882d17\" data-element_type=\"widget\" data-settings=\"{&quot;ekit_we_effect_on&quot;:&quot;none&quot;}\" data-widget_type=\"heading.default\">\n\t\t\t\t<div class=\"elementor-widget-container\">\n\t\t\t\t\t<h4 class=\"elementor-heading-title elementor-size-default\">Erkundung der G\u00e4rten der Villa Borghese: Roms \u00fcppige urbane Oase\n<\/h4>\t\t\t\t<\/div>\n\t\t\t\t<\/div>\n\t\t\t\t<div class=\"elementor-element elementor-element-411798d1 elementor-widget elementor-widget-heading\" data-id=\"411798d1\" data-element_type=\"widget\" data-settings=\"{&quot;ekit_we_effect_on&quot;:&quot;none&quot;}\" data-widget_type=\"heading.default\">\n\t\t\t\t<div class=\"elementor-widget-container\">\n\t\t\t\t\t<h6 class=\"elementor-heading-title elementor-size-default\">Entdecken Sie die Sch\u00f6nheit, die Geschichte und die Attraktionen eines der beliebtesten Parks in Rom\n\n\n\n\n\n\n<\/h6>\t\t\t\t<\/div>\n\t\t\t\t<\/div>\n\t\t\t\t<div class=\"elementor-element elementor-element-233eddb5 elementor-widget elementor-widget-text-editor\" data-id=\"233eddb5\" data-element_type=\"widget\" data-settings=\"{&quot;ekit_we_effect_on&quot;:&quot;none&quot;}\" data-widget_type=\"text-editor.default\">\n\t\t\t\t<div class=\"elementor-widget-container\">\n\t\t\t\t\t\t\t\t\t<p>Die <strong>Villa Borghese G\u00e4rten<\/strong> (<em>Die G\u00e4rten der Villa Borghese<\/em>) geh\u00f6ren zu den bezauberndsten und weitl\u00e4ufigsten Gr\u00fcnfl\u00e4chen Roms. Sie erstrecken sich \u00fcber <strong>80 Hektar<\/strong>Dieser weitl\u00e4ufige Park bietet einen friedlichen R\u00fcckzugsort von den gesch\u00e4ftigen Stra\u00dfen der Stadt und ist ein perfekter Ort f\u00fcr Entspannung, Erkundung und kulturelle Bereicherung. Die G\u00e4rten der Villa Borghese, die n\u00f6rdlich des historischen Zentrums liegen, werden oft als die \"<strong>gr\u00fcnes Herz<\/strong>\" von <strong>Rom<\/strong>Sie spielen eine wichtige Rolle f\u00fcr das Leben und das Erbe der Stadt.<\/p><p>Die Urspr\u00fcnge der G\u00e4rten der Villa Borghese gehen auf die fr\u00fchen<span style=\"text-decoration: underline;\"> 17. Jahrhundert<\/span> wenn <strong>Kardinal Scipione Borghese<\/strong>ein prominentes Mitglied der m\u00e4chtigen Familie Borghese und Neffe von <strong>Papst Paul V.<\/strong>Er beschloss, eine Villa zu bauen, die von einem weitl\u00e4ufigen Garten umgeben ist. Inspiriert von den gro\u00dfen Villen der Renaissance, beauftragte er renommierte Architekten <strong>Flaminio Ponzio<\/strong> und <strong>Giovanni Vasanzio<\/strong> die Gestaltung der G\u00e4rten und der angrenzenden <strong>Galerie Borghese<\/strong>. Im Laufe der Jahrhunderte wurden die G\u00e4rten erweitert und umgestaltet, wobei verschiedene Stile und Merkmale, von der klassischen <strong>Italienische G\u00e4rten<\/strong> zu <strong>Englisch<\/strong> Landschaftselemente, die eine vielf\u00e4ltige und malerische Umgebung schaffen.<\/p><p>Heute ist die <strong>Villa Borghese G\u00e4rten<\/strong> sind eine<strong> beliebtes Ziel<\/strong> f\u00fcr beide<strong> Einheimische und Touristen.<\/strong> Die Besucher k\u00f6nnen die vielen Wanderwege, die \u00fcppigen Rasenfl\u00e4chen und die sch\u00f6n gestalteten Bereiche des Parks genie\u00dfen. Eine der Hauptattraktionen des Parks ist der <strong>Galerie Borghese<\/strong> (<em>Galleria Borghese<\/em>), a <strong>Weltklasse-Museum<\/strong> das eine unglaubliche Sammlung von Skulpturen, Gem\u00e4lden und Antiquit\u00e4ten beherbergt, darunter Meisterwerke von <strong>Bernini<\/strong>, <strong>Caravaggio<\/strong>, <strong>Raphael<\/strong>und <strong>Tizian<\/strong>. Ein Besuch der Galerie, umgeben von der Ruhe der G\u00e4rten, bietet eine einzigartige Mischung aus Natur und Kultur.<\/p><p>Neben der Galerie gibt es in den G\u00e4rten der Villa Borghese noch weitere Sehensw\u00fcrdigkeiten. Die <strong>\u00c4skulap-Tempel<\/strong>ein kleiner neoklassischer Tempel mit Blick auf einen ruhigen k\u00fcnstlichen See, ist ein beliebter Ort f\u00fcr Bootsfahrten und zum Fotografieren. Die <strong>Pincio-Terrasse<\/strong> (<em>Terrazza del Pincio)<\/em>am westlichen Rand der G\u00e4rten gelegen, bietet einen der atemberaubendsten Panoramablicke auf Rom, besonders bei Sonnenuntergang. Die <strong>Bioparco di Roma<\/strong>die <em>Stadtzoo<\/em>ist ein weiteres Highlight, das eine Vielzahl von Tierarten zeigt und ein unterhaltsames Erlebnis f\u00fcr Familien und Kinder bietet.<\/p><p>F\u00fcr Kunstinteressierte ist das<strong> Casa del Cinema<\/strong> und die <strong>Globe-Theater<\/strong>eine Nachbildung von Shakespeares ber\u00fchmtem Theater, befinden sich innerhalb der G\u00e4rten und sind regelm\u00e4\u00dfig Schauplatz von kulturellen Veranstaltungen, Vorf\u00fchrungen und Auff\u00fchrungen. Der Park verf\u00fcgt auch \u00fcber zahlreiche Brunnen, Skulpturen und versteckte Kleinode, die das historische und k\u00fcnstlerische Erbe widerspiegeln, wie z. B. das <strong>Brunnen der Seepferde<\/strong> (<em>Fontana dei Cavalli Marini)<\/em> und die <strong>Denkmal f\u00fcr Viktor Emanuel II.<\/strong><\/p><p>Die G\u00e4rten der Villa Borghese bieten ein breites Spektrum an Freizeitaktivit\u00e4ten. Sie k\u00f6nnen Fahrr\u00e4der, Elektroroller oder sogar Ruderboote mieten, um den Park in aller Ruhe zu erkunden. <strong>Picknick<\/strong> auf den \u00fcppigen Rasenfl\u00e4chen ist ein beliebter Zeitvertreib, und die vielen Caf\u00e9s und Kioske, die \u00fcber die G\u00e4rten verteilt sind, bieten Erfrischungen f\u00fcr einen perfekten Tagesausflug. Au\u00dferdem machen mehrere Spielpl\u00e4tze den Park zu einem familienfreundlichen Ziel.<\/p><p>Um die G\u00e4rten der Villa Borghese zu erreichen, k\u00f6nnen Sie mit der <strong>Metro<\/strong> (<span style=\"text-decoration: underline;\">Linie A<\/span>) zum<strong> Spagna<\/strong> oder <strong>Flaminio<\/strong> die beide nur wenige Gehminuten von den Eing\u00e4ngen des Parks entfernt sind. Alternativ fahren viele Buslinien das Gebiet an, so dass es von \u00fcberall in der Stadt leicht erreichbar ist.<\/p><p>Zusammenfassend l\u00e4sst sich sagen, dass die <strong>Villa Borghese G\u00e4rten<\/strong> sind viel mehr als nur ein Park; sie sind ein kultureller, historischer und nat\u00fcrlicher Schatz, der f\u00fcr jeden etwas zu bieten hat. Ganz gleich, ob Sie sich in die Kunst vertiefen, einen ruhigen Spaziergang machen oder einfach nur in einer wundersch\u00f6nen Umgebung entspannen m\u00f6chten, die G\u00e4rten bieten eine ruhige und vielf\u00e4ltige Umgebung, die alle Besucher in ihren Bann zieht. Ein Ausflug nach <strong>Rom<\/strong> ist unvollst\u00e4ndig, ohne den Charme und die Faszination der G\u00e4rten der Villa Borghese erlebt zu haben.<\/p>\t\t\t\t\t\t\t\t<\/div>\n\t\t\t\t<\/div>\n\t\t\t\t\t<\/div>\n\t\t\t\t<\/div>\n\t\t\t\t\t<\/div>\n\t\t\t\t<\/div>\n\t\t<div class=\"elementor-element elementor-element-1a33e09a e-flex e-con-boxed e-con e-parent\" data-id=\"1a33e09a\" data-element_type=\"container\" data-settings=\"{&quot;jet_parallax_layout_list&quot;:[],&quot;ekit_has_onepagescroll_dot&quot;:&quot;yes&quot;}\">\n\t\t\t\t\t<div class=\"e-con-inner\">\n\t\t<div class=\"elementor-element elementor-element-25eca8b2 e-con-full e-flex e-con e-child\" data-id=\"25eca8b2\" data-element_type=\"container\" data-settings=\"{&quot;jet_parallax_layout_list&quot;:[],&quot;ekit_has_onepagescroll_dot&quot;:&quot;yes&quot;}\">\n\t\t\t\t<div class=\"elementor-element elementor-element-61cb336f elementor-widget elementor-widget-heading\" data-id=\"61cb336f\" data-element_type=\"widget\" data-settings=\"{&quot;ekit_we_effect_on&quot;:&quot;none&quot;}\" data-widget_type=\"heading.default\">\n\t\t\t\t<div class=\"elementor-widget-container\">\n\t\t\t\t\t<h2 class=\"elementor-heading-title elementor-size-default\">Entdecken Sie alle Aktivit\u00e4ten in den G\u00e4rten der Villa Borghese<\/h2>\t\t\t\t<\/div>\n\t\t\t\t<\/div>\n\t\t\t\t<div class=\"elementor-element elementor-element-54ec1a2e elementor-widget elementor-widget-html\" data-id=\"54ec1a2e\" data-element_type=\"widget\" data-settings=\"{&quot;ekit_we_effect_on&quot;:&quot;none&quot;}\" data-widget_type=\"html.default\">\n\t\t\t\t<div class=\"elementor-widget-container\">\n\t\t\t\t\t<div data-tiqets-widget=\"discovery\" data-cards-layout=\"responsive\" data-content-type=\"product\" data-item_count=\"4\" data-destination-type=\"venue\" data-destination-id=\"178815\" data-partner=\"borghesegallery.com\"><\/div><script defer src=\"https:\/\/widgets.tiqets.com\/loader.js\"><\/script>\t\t\t\t<\/div>\n\t\t\t\t<\/div>\n\t\t\t\t<\/div>\n\t\t\t\t\t<\/div>\n\t\t\t\t<\/div>\n\t\t\t\t<\/div>","protected":false},"excerpt":{"rendered":"<p>VILLA BORGHESE GARDENS GALLERY ENTRY TICKET THE VILLA BORGHESE GARDENS IN ROME Die G\u00e4rten der Villa Borghese erkunden: Roms \u00fcppige st\u00e4dtische [...]<\/p>","protected":false},"author":1,"featured_media":0,"parent":0,"menu_order":0,"comment_status":"closed","ping_status":"closed","template":"","meta":{"site-sidebar-layout":"default","site-content-layout":"","ast-site-content-layout":"default","site-content-style":"default","site-sidebar-style":"default","ast-global-header-display":"","ast-banner-title-visibility":"","ast-main-header-display":"","ast-hfb-above-header-display":"","ast-hfb-below-header-display":"","ast-hfb-mobile-header-display":"","site-post-title":"","ast-breadcrumbs-content":"","ast-featured-img":"","footer-sml-layout":"","theme-transparent-header-meta":"default","adv-header-id-meta":"","stick-header-meta":"","header-above-stick-meta":"","header-main-stick-meta":"","header-below-stick-meta":"","astra-migrate-meta-layouts":"set","ast-page-background-enabled":"default","ast-page-background-meta":{"desktop":{"background-color":"var(--ast-global-color-4)","background-image":"","background-repeat":"repeat","background-position":"center center","background-size":"auto","background-attachment":"scroll","background-type":"","background-media":"","overlay-type":"","overlay-color":"","overlay-opacity":"","overlay-gradient":""},"tablet":{"background-color":"","background-image":"","background-repeat":"repeat","background-position":"center center","background-size":"auto","background-attachment":"scroll","background-type":"","background-media":"","overlay-type":"","overlay-color":"","overlay-opacity":"","overlay-gradient":""},"mobile":{"background-color":"","background-image":"","background-repeat":"repeat","background-position":"center center","background-size":"auto","background-attachment":"scroll","background-type":"","background-media":"","overlay-type":"","overlay-color":"","overlay-opacity":"","overlay-gradient":""}},"ast-content-background-meta":{"desktop":{"background-color":"var(--ast-global-color-5)","background-image":"","background-repeat":"repeat","background-position":"center center","background-size":"auto","background-attachment":"scroll","background-type":"","background-media":"","overlay-type":"","overlay-color":"","overlay-opacity":"","overlay-gradient":""},"tablet":{"background-color":"var(--ast-global-color-5)","background-image":"","background-repeat":"repeat","background-position":"center center","background-size":"auto","background-attachment":"scroll","background-type":"","background-media":"","overlay-type":"","overlay-color":"","overlay-opacity":"","overlay-gradient":""},"mobile":{"background-color":"var(--ast-global-color-5)","background-image":"","background-repeat":"repeat","background-position":"center center","background-size":"auto","background-attachment":"scroll","background-type":"","background-media":"","overlay-type":"","overlay-color":"","overlay-opacity":"","overlay-gradient":""}},"footnotes":""},"class_list":["post-213","page","type-page","status-publish","hentry"],"_links":{"self":[{"href":"https:\/\/borghesegallery.com\/de\/wp-json\/wp\/v2\/pages\/213","targetHints":{"allow":["GET"]}}],"collection":[{"href":"https:\/\/borghesegallery.com\/de\/wp-json\/wp\/v2\/pages"}],"about":[{"href":"https:\/\/borghesegallery.com\/de\/wp-json\/wp\/v2\/types\/page"}],"author":[{"embeddable":true,"href":"https:\/\/borghesegallery.com\/de\/wp-json\/wp\/v2\/users\/1"}],"replies":[{"embeddable":true,"href":"https:\/\/borghesegallery.com\/de\/wp-json\/wp\/v2\/comments?post=213"}],"version-history":[{"count":28,"href":"https:\/\/borghesegallery.com\/de\/wp-json\/wp\/v2\/pages\/213\/revisions"}],"predecessor-version":[{"id":1678,"href":"https:\/\/borghesegallery.com\/de\/wp-json\/wp\/v2\/pages\/213\/revisions\/1678"}],"wp:attachment":[{"href":"https:\/\/borghesegallery.com\/de\/wp-json\/wp\/v2\/media?parent=213"}],"curies":[{"name":"wp","href":"https:\/\/api.w.org\/{rel}","templated":true}]}}