{"id":300,"date":"2024-08-30T10:17:12","date_gmt":"2024-08-30T10:17:12","guid":{"rendered":"https:\/\/musei-vaticani-roma.it\/?page_id=300"},"modified":"2026-04-04T04:42:03","modified_gmt":"2026-04-04T04:42:03","slug":"history","status":"publish","type":"page","link":"https:\/\/borghesegallery.com\/cs\/historie\/","title":{"rendered":"History"},"content":{"rendered":"<div data-elementor-type=\"wp-page\" data-elementor-id=\"300\" class=\"elementor elementor-300\" data-elementor-post-type=\"page\">\n\t\t\t\t<section class=\"elementor-element elementor-element-4f46059c e-flex e-con-boxed e-con e-parent\" data-id=\"4f46059c\" data-element_type=\"container\" data-settings=\"{&quot;background_background&quot;:&quot;classic&quot;,&quot;jet_parallax_layout_list&quot;:[],&quot;ekit_has_onepagescroll_dot&quot;:&quot;yes&quot;}\">\n\t\t\t\t\t<div class=\"e-con-inner\">\n\t\t\t\t<div class=\"elementor-element elementor-element-45673781 elementor-absolute elementor-widget__width-initial elementor-widget elementor-widget-image\" data-id=\"45673781\" data-element_type=\"widget\" data-settings=\"{&quot;_position&quot;:&quot;absolute&quot;,&quot;ekit_we_effect_on&quot;:&quot;none&quot;}\" data-widget_type=\"image.default\">\n\t\t\t\t<div class=\"elementor-widget-container\">\n\t\t\t\t\t\t\t\t\t\t\t\t\t\t\t\t<a href=\"https:\/\/www.tiqets.com\/borghese-gallery-tickets-l144780\/?partner=borghesegallery.com\">\n\t\t\t\t\t\t\t<img fetchpriority=\"high\" decoding=\"async\" width=\"1919\" height=\"1071\" src=\"https:\/\/borghesegallery.com\/wp-content\/uploads\/2024\/09\/1920px-Paolina_Borghese_Canova.jpg\" class=\"attachment-full size-full wp-image-1093\" alt=\"\" srcset=\"https:\/\/borghesegallery.com\/wp-content\/uploads\/2024\/09\/1920px-Paolina_Borghese_Canova.jpg 1919w, https:\/\/borghesegallery.com\/wp-content\/uploads\/2024\/09\/1920px-Paolina_Borghese_Canova-300x167.jpg 300w, https:\/\/borghesegallery.com\/wp-content\/uploads\/2024\/09\/1920px-Paolina_Borghese_Canova-1024x571.jpg 1024w, https:\/\/borghesegallery.com\/wp-content\/uploads\/2024\/09\/1920px-Paolina_Borghese_Canova-768x429.jpg 768w, https:\/\/borghesegallery.com\/wp-content\/uploads\/2024\/09\/1920px-Paolina_Borghese_Canova-1536x857.jpg 1536w, https:\/\/borghesegallery.com\/wp-content\/uploads\/2024\/09\/1920px-Paolina_Borghese_Canova-18x10.jpg 18w\" sizes=\"(max-width: 1919px) 100vw, 1919px\" \/>\t\t\t\t\t\t\t\t<\/a>\n\t\t\t\t\t\t\t\t\t\t\t\t\t\t\t<\/div>\n\t\t\t\t<\/div>\n\t\t\t\t<div class=\"elementor-element elementor-element-571123b5 elementor-absolute elementor-widget elementor-widget-image\" data-id=\"571123b5\" data-element_type=\"widget\" data-settings=\"{&quot;_position&quot;:&quot;absolute&quot;,&quot;ekit_we_effect_on&quot;:&quot;none&quot;}\" data-widget_type=\"image.default\">\n\t\t\t\t<div class=\"elementor-widget-container\">\n\t\t\t\t\t\t\t\t\t\t\t\t\t\t\t\t<a href=\"https:\/\/www.tiqets.com\/borghese-gallery-tickets-l144780\/?partner=borghesegallery.com\">\n\t\t\t\t\t\t\t<img decoding=\"async\" width=\"300\" height=\"300\" src=\"https:\/\/borghesegallery.com\/wp-content\/uploads\/2025\/05\/borghese-gallery@4x-300x300.png\" class=\"attachment-medium size-medium wp-image-1609\" alt=\"\" srcset=\"https:\/\/borghesegallery.com\/wp-content\/uploads\/2025\/05\/borghese-gallery@4x-300x300.png 300w, https:\/\/borghesegallery.com\/wp-content\/uploads\/2025\/05\/borghese-gallery@4x-1024x1024.png 1024w, https:\/\/borghesegallery.com\/wp-content\/uploads\/2025\/05\/borghese-gallery@4x-150x150.png 150w, https:\/\/borghesegallery.com\/wp-content\/uploads\/2025\/05\/borghese-gallery@4x-768x769.png 768w, https:\/\/borghesegallery.com\/wp-content\/uploads\/2025\/05\/borghese-gallery@4x-12x12.png 12w, https:\/\/borghesegallery.com\/wp-content\/uploads\/2025\/05\/borghese-gallery@4x.png 1211w\" sizes=\"(max-width: 300px) 100vw, 300px\" \/>\t\t\t\t\t\t\t\t<\/a>\n\t\t\t\t\t\t\t\t\t\t\t\t\t\t\t<\/div>\n\t\t\t\t<\/div>\n\t\t\t\t<div class=\"elementor-element elementor-element-5acf264a elementor-align-center elementor-widget__width-inherit elementor-widget-mobile__width-inherit elementor-widget elementor-widget-button\" data-id=\"5acf264a\" data-element_type=\"widget\" data-settings=\"{&quot;ekit_we_effect_on&quot;:&quot;none&quot;}\" data-widget_type=\"button.default\">\n\t\t\t\t<div class=\"elementor-widget-container\">\n\t\t\t\t\t\t\t\t\t<div class=\"elementor-button-wrapper\">\n\t\t\t\t\t<a class=\"elementor-button elementor-button-link elementor-size-sm\" href=\"https:\/\/www.tiqets.com\/borghese-gallery-tickets-l144780\/?partner=borghesegallery.com\" target=\"_blank\" aria-label=\"book now\" open=\"\">\n\t\t\t\t\t\t<span class=\"elementor-button-content-wrapper\">\n\t\t\t\t\t\t\t\t\t<span class=\"elementor-button-text\">VSTUPENKA<\/span>\n\t\t\t\t\t<\/span>\n\t\t\t\t\t<\/a>\n\t\t\t\t<\/div>\n\t\t\t\t\t\t\t\t<\/div>\n\t\t\t\t<\/div>\n\t\t\t\t\t<\/div>\n\t\t\t\t<\/section>\n\t\t<div class=\"elementor-element elementor-element-5c55bfa e-flex e-con-boxed e-con e-parent\" data-id=\"5c55bfa\" data-element_type=\"container\" data-settings=\"{&quot;background_background&quot;:&quot;classic&quot;,&quot;jet_parallax_layout_list&quot;:[],&quot;ekit_has_onepagescroll_dot&quot;:&quot;yes&quot;}\">\n\t\t\t\t\t<div class=\"e-con-inner\">\n\t\t<div class=\"elementor-element elementor-element-325fce3 e-con-full e-flex e-con e-child\" data-id=\"325fce3\" data-element_type=\"container\" data-settings=\"{&quot;jet_parallax_layout_list&quot;:[],&quot;ekit_has_onepagescroll_dot&quot;:&quot;yes&quot;}\">\n\t\t\t\t<div class=\"elementor-element elementor-element-6dc43cf elementor-widget elementor-widget-heading\" data-id=\"6dc43cf\" data-element_type=\"widget\" data-settings=\"{&quot;ekit_we_effect_on&quot;:&quot;none&quot;}\" data-widget_type=\"heading.default\">\n\t\t\t\t<div class=\"elementor-widget-container\">\n\t\t\t\t\t<h2 class=\"elementor-heading-title elementor-size-default\">HISTORIE GALERIE BORGHESE<\/h2>\t\t\t\t<\/div>\n\t\t\t\t<\/div>\n\t\t\t\t<div class=\"elementor-element elementor-element-4fc3826f elementor-widget elementor-widget-heading\" data-id=\"4fc3826f\" data-element_type=\"widget\" data-settings=\"{&quot;ekit_we_effect_on&quot;:&quot;none&quot;}\" data-widget_type=\"heading.default\">\n\t\t\t\t<div class=\"elementor-widget-container\">\n\t\t\t\t\t<h3 class=\"elementor-heading-title elementor-size-default\">Galerie Borghese: Sv\u011bdectv\u00ed o um\u011bn\u00ed a historii v \u0158\u00edm\u011b<\/h3>\t\t\t\t<\/div>\n\t\t\t\t<\/div>\n\t\t\t\t<div class=\"elementor-element elementor-element-3ecdc3b9 elementor-widget elementor-widget-heading\" data-id=\"3ecdc3b9\" data-element_type=\"widget\" data-settings=\"{&quot;ekit_we_effect_on&quot;:&quot;none&quot;}\" data-widget_type=\"heading.default\">\n\t\t\t\t<div class=\"elementor-widget-container\">\n\t\t\t\t\t<h6 class=\"elementor-heading-title elementor-size-default\">Objevte bohat\u00e9 d\u011bdictv\u00ed um\u011bleck\u00e9 sb\u00edrky kardin\u00e1la Scipione Borghese v jednom z nejikoni\u010dt\u011bj\u0161\u00edch \u0159\u00edmsk\u00fdch muze\u00ed\n\n\n\n\n\n\n<\/h6>\t\t\t\t<\/div>\n\t\t\t\t<\/div>\n\t\t\t\t<div class=\"elementor-element elementor-element-09c32c9 elementor-widget elementor-widget-jet-unfold\" data-id=\"09c32c9\" data-element_type=\"widget\" data-settings=\"{&quot;mask_height&quot;:{&quot;unit&quot;:&quot;px&quot;,&quot;size&quot;:150,&quot;sizes&quot;:[]},&quot;mask_height_tablet&quot;:{&quot;unit&quot;:&quot;px&quot;,&quot;size&quot;:&quot;&quot;,&quot;sizes&quot;:[]},&quot;mask_height_mobile&quot;:{&quot;unit&quot;:&quot;px&quot;,&quot;size&quot;:&quot;&quot;,&quot;sizes&quot;:[]},&quot;unfold_duration&quot;:{&quot;unit&quot;:&quot;ms&quot;,&quot;size&quot;:500,&quot;sizes&quot;:[]},&quot;unfold_easing&quot;:&quot;easeOutBack&quot;,&quot;fold_duration&quot;:{&quot;unit&quot;:&quot;ms&quot;,&quot;size&quot;:300,&quot;sizes&quot;:[]},&quot;fold_easing&quot;:&quot;easeOutSine&quot;,&quot;ekit_we_effect_on&quot;:&quot;none&quot;}\" data-widget_type=\"jet-unfold.default\">\n\t\t\t\t<div class=\"elementor-widget-container\">\n\t\t\t\t\t\t\t<div class=\"jet-unfold\" data-settings=\"{&quot;height&quot;:{&quot;unit&quot;:&quot;px&quot;,&quot;size&quot;:150,&quot;sizes&quot;:[]},&quot;separatorHeight&quot;:null,&quot;unfoldDuration&quot;:{&quot;unit&quot;:&quot;ms&quot;,&quot;size&quot;:500,&quot;sizes&quot;:[]},&quot;foldDuration&quot;:{&quot;unit&quot;:&quot;ms&quot;,&quot;size&quot;:300,&quot;sizes&quot;:[]},&quot;unfoldEasing&quot;:&quot;easeOutBack&quot;,&quot;foldEasing&quot;:&quot;easeOutSine&quot;,&quot;foldScrolling&quot;:&quot;false&quot;,&quot;hideOutsideClick&quot;:&quot;false&quot;,&quot;autoHide&quot;:&quot;false&quot;,&quot;autoHideTime&quot;:&quot;&quot;,&quot;foldScrollOffset&quot;:null}\">\n\t\t\t<div class=\"jet-unfold__inner\">\n\t\t\t\t<div class=\"jet-unfold__mask\">\n\t\t\t\t\t<div class=\"jet-unfold__content\">\n\t\t\t\t\t\t<div class=\"jet-unfold__content-inner elementor-text-editor elementor-clearfix\"><p>Na str\u00e1nk\u00e1ch <strong>Galerie Borghese<\/strong> (Galleria Borghese) je proslul\u00e9 muzeum um\u011bn\u00ed, kter\u00e9 se nach\u00e1z\u00ed v centru m\u011bsta. <strong>Villa Borghese<\/strong>, velkolep\u00e9 s\u00eddlo v <strong>\u0158\u00edm<\/strong>, It\u00e1lie. Galerie byla p\u016fvodn\u011b postavena na po\u010d\u00e1tku <strong>17. stolet\u00ed<\/strong> jako luxusn\u00ed p\u0159edm\u011bstsk\u00e1 vila pro <strong>Kardin\u00e1l Scipione Borghese<\/strong>, synovec <strong>Pape\u017e Pavel V.<\/strong>. Jako \u010dlen jedn\u00e9 z nejmocn\u011bj\u0161\u00edch a nejbohat\u0161\u00edch \u0159\u00edmsk\u00fdch rodin m\u011bl Scipione Borghese prost\u0159edky i vliv na vytvo\u0159en\u00ed kulturn\u00edho pokladu a velkou \u010d\u00e1st sv\u00e9ho \u017eivota v\u011bnoval shroma\u017e\u010fov\u00e1n\u00ed mimo\u0159\u00e1dn\u00e9 sb\u00edrky um\u011bn\u00ed. Byl v\u00e1\u0161niv\u00fdm sb\u011bratelem um\u011bn\u00ed a mecen\u00e1\u0161em um\u011blc\u016f, jako byli nap\u0159. <strong>Caravaggio<\/strong> a <strong>Gian Lorenzo Bernini<\/strong>, kardin\u00e1l Borghese prom\u011bnil vilu ve vitr\u00ednu pro svou impozantn\u00ed sb\u00edrku soch, obraz\u016f a staro\u017eitnost\u00ed.<\/p><p>Samotnou vilu navrhl architekt <strong>Flaminio Ponzio<\/strong>podle skic Scipione Borgheseho, kter\u00e9 po Ponziov\u011b smrti dokon\u010dil Giovanni Vasanzio. Na <strong>architektura<\/strong> vily odr\u00e1\u017e\u00ed kardin\u00e1lovu touhu po prostoru, kter\u00fd by byl sou\u010dasn\u011b <strong>soukrom\u00e1 rezidence<\/strong> a<strong> ve\u0159ejn\u00e1 galerie<\/strong>. Uspo\u0159\u00e1d\u00e1n\u00ed a design budovy zd\u016fraz\u0148uj\u00ed harmonii s velk\u00fdmi, vzdu\u0161n\u00fdmi m\u00edstnostmi, vysok\u00fdmi stropy a hojn\u00fdm p\u0159irozen\u00fdm sv\u011btlem, kter\u00e9 zlep\u0161uje prohl\u00ed\u017een\u00ed um\u011bleck\u00fdch d\u011bl. Interi\u00e9r galerie byl pe\u010dliv\u011b vytvo\u0159en tak, aby esteticky zobrazoval cenn\u00e1 Borgheseho d\u00edla, s ozdobn\u00fdmi dekoracemi, mramorov\u00fdmi intarziemi, freskov\u00fdmi stropy a bohat\u011b malovan\u00fdmi st\u011bnami, kter\u00e9 dopl\u0148uj\u00ed um\u011bleck\u00e1 d\u00edla.<\/p><p>Na str\u00e1nk\u00e1ch <strong>Sb\u00edrka Galerie Borghese<\/strong> se rychle rozrostla o mistrovsk\u00e1 d\u00edla nejv\u00fdznamn\u011bj\u0161\u00edch um\u011blc\u016f t\u00e9 doby. Mezi jeho nejzn\u00e1m\u011bj\u0161\u00ed d\u00edla pat\u0159\u00ed Caravaggiova \"<em>David s hlavou Goli\u00e1\u0161e<\/em>\" a \"<em>Chlapec s ko\u0161\u00edkem ovoce<\/em>,\" Velkolep\u00e9 sochy Giana Lorenza Berniniho \"<em>Apollo a Dafn\u00e9<\/em>\" a \"<em>Zn\u00e1siln\u011bn\u00ed Proserpiny,<\/em>\" Raphael's \"<em>V\u00fdpov\u011b\u010f<\/em>a Tizianovy \"<em>Posv\u00e1tn\u00e1 a prof\u00e1nn\u00ed l\u00e1ska.<\/em>\" Tato d\u00edla jsou dodnes \u00fast\u0159edn\u00ed atrakc\u00ed galerie a ukazuj\u00ed pozoruhodnou zru\u010dnost a kreativitu sv\u00fdch tv\u016frc\u016f. Sb\u00edrka zahrnuje tak\u00e9 d\u00edla <strong>Peter Paul Rubens<\/strong>, <strong>Domenichino<\/strong>a <strong>Correggio<\/strong>, co\u017e z n\u00ed \u010din\u00ed jednu z nejobs\u00e1hlej\u0161\u00edch sb\u00edrek.<strong> Renesance<\/strong> a <strong>Baroko<\/strong> um\u011bn\u00ed na sv\u011bt\u011b.<\/p><p>Po celou dobu <strong>18. a 19. stolet\u00ed,<\/strong> rodina Borghese pokra\u010dovala v roz\u0161i\u0159ov\u00e1n\u00ed sb\u00edrek, ale vila za\u010dala ztr\u00e1cet na v\u00fdznamu jako kulturn\u00ed centrum. V roce 1808 byla velk\u00e1 \u010d\u00e1st sb\u00edrky p\u0159evezena do<strong> Francie<\/strong> kv\u016fli politick\u00fdm tlak\u016fm ze strany <strong>Napoleon Bonaparte<\/strong>, kter\u00e1 byla provd\u00e1na za \u010dlena rodiny Borghese. Vila si v\u0161ak d\u00edky sv\u00e9 \u00fachvatn\u00e9 architektu\u0159e, zahrad\u00e1m a zb\u00fdvaj\u00edc\u00edm sb\u00edrk\u00e1m zachovala status v\u00fdznamn\u00e9 kulturn\u00ed pam\u00e1tky.<\/p><p>Na adrese <strong>1902<\/strong>, italsk\u00fd st\u00e1t vilu odkoupil a p\u0159em\u011bnil ji na<strong> ve\u0159ejn\u00e9 muzeum<\/strong> zachovat jeho bohatou historii a pozoruhodnou sb\u00edrku um\u011bleck\u00fdch d\u011bl, kter\u00e1 se v n\u011bm st\u00e1le nach\u00e1zej\u00ed. Od t\u00e9 doby je Galerie Borghese otev\u0159ena ve\u0159ejnosti a umo\u017e\u0148uje n\u00e1v\u0161t\u011bvn\u00edk\u016fm z cel\u00e9ho sv\u011bta poznat vzne\u0161enost barokn\u00edho um\u011bn\u00ed a bohat\u00fd \u017eivotn\u00ed styl \u0159\u00edmsk\u00e9 smet\u00e1nky.<\/p><p>Dnes<strong>,<\/strong> galerie Borghese je pova\u017eov\u00e1na za jednu z nejlep\u0161\u00edch \u0159\u00edmsk\u00fdch <strong>nejv\u00fdznamn\u011bj\u0161\u00ed muzea um\u011bn\u00ed<\/strong>, kter\u00e1 ka\u017edoro\u010dn\u011b p\u0159il\u00e1k\u00e1 tis\u00edce n\u00e1v\u0161t\u011bvn\u00edk\u016f, kte\u0159\u00ed p\u0159ich\u00e1zej\u00ed obdivovat jej\u00ed sb\u00edrky sv\u011btov\u00e9 \u00farovn\u011b. Muzeum je tak\u00e9 proslul\u00e9 sv\u00fdmi kr\u00e1sn\u011b udr\u017eovan\u00fdmi zahradami, tzv.<strong> Zahrady Villa Borghese<\/strong>, kter\u00e9 nab\u00edzej\u00ed klidn\u00e9 \u00fato\u010di\u0161t\u011b v srdci \u0158\u00edma. Galerie je i nad\u00e1le sv\u011bdectv\u00edm vize kardin\u00e1la Scipione Borghese a jeho neutuchaj\u00edc\u00ed v\u00e1\u0161n\u011b pro um\u011bn\u00ed a slou\u017e\u00ed jako kulturn\u00ed poklad, kter\u00fd p\u0159edstavuje n\u00e1dheru renesan\u010dn\u00edch a barokn\u00edch mistrovsk\u00fdch d\u011bl v jedine\u010dn\u00e9m historick\u00e9m prost\u0159ed\u00ed.<\/p><\/div>\n\t\t\t\t\t<\/div>\n\t\t\t\t\t<div class=\"jet-unfold__separator\"><\/div>\n\t\t\t\t<\/div>\n\t\t\t\t<div class=\"jet-unfold__trigger\"><div class=\"jet-unfold__button elementor-button elementor-size-md\" href=\"#\" data-unfold-text=\"Show more\" data-fold-text=\"Close\" data-fold-icon=\"&lt;svg aria-hidden=&quot;true&quot; class=&quot;e-font-icon-svg e-fas-chevron-up&quot; viewBox=&quot;0 0 448 512&quot; xmlns=&quot;http:\/\/www.w3.org\/2000\/svg&quot;&gt;&lt;path d=&quot;M240.971 130.524l194.343 194.343c9.373 9.373 9.373 24.569 0 33.941l-22.667 22.667c-9.357 9.357-24.522 9.375-33.901.04L224 227.495 69.255 381.516c-9.379 9.335-24.544 9.317-33.901-.04l-22.667-22.667c-9.373-9.373-9.373-24.569 0-33.941L207.03 130.525c9.372-9.373 24.568-9.373 33.941-.001z&quot;&gt;&lt;\/path&gt;&lt;\/svg&gt;\" data-unfold-icon=\"&lt;svg aria-hidden=&quot;true&quot; class=&quot;e-font-icon-svg e-fas-chevron-down&quot; viewBox=&quot;0 0 448 512&quot; xmlns=&quot;http:\/\/www.w3.org\/2000\/svg&quot;&gt;&lt;path d=&quot;M207.029 381.476L12.686 187.132c-9.373-9.373-9.373-24.569 0-33.941l22.667-22.667c9.357-9.357 24.522-9.375 33.901-.04L224 284.505l154.745-154.021c9.379-9.335 24.544-9.317 33.901.04l22.667 22.667c9.373 9.373 9.373 24.569 0 33.941L240.971 381.476c-9.373 9.372-24.569 9.372-33.942 0z&quot;&gt;&lt;\/path&gt;&lt;\/svg&gt;\" tabindex=\"0\" role=\"button\"><span class=\"jet-unfold__button-icon jet-tricks-icon\"><svg aria-hidden=\"true\" class=\"e-font-icon-svg e-fas-chevron-down\" viewbox=\"0 0 448 512\" xmlns=\"http:\/\/www.w3.org\/2000\/svg\"><path d=\"M207.029 381.476L12.686 187.132c-9.373-9.373-9.373-24.569 0-33.941l22.667-22.667c9.357-9.357 24.522-9.375 33.901-.04L224 284.505l154.745-154.021c9.379-9.335 24.544-9.317 33.901.04l22.667 22.667c9.373 9.373 9.373 24.569 0 33.941L240.971 381.476c-9.373 9.372-24.569 9.372-33.942 0z\"><\/path><\/svg><\/span><span class=\"jet-unfold__button-text\">Zobrazit v\u00edce<\/span><\/div>\t\t\t\t<\/div>\n\t\t\t<\/div>\n\t\t<\/div>\n\t\t\t\t\t\t<\/div>\n\t\t\t\t<\/div>\n\t\t\t\t<\/div>\n\t\t\t\t\t<\/div>\n\t\t\t\t<\/div>\n\t\t<div class=\"elementor-element elementor-element-37899d25 e-flex e-con-boxed e-con e-parent\" data-id=\"37899d25\" data-element_type=\"container\" data-settings=\"{&quot;jet_parallax_layout_list&quot;:[],&quot;ekit_has_onepagescroll_dot&quot;:&quot;yes&quot;}\">\n\t\t\t\t\t<div class=\"e-con-inner\">\n\t\t<div class=\"elementor-element elementor-element-44802347 e-con-full e-flex e-con e-child\" data-id=\"44802347\" data-element_type=\"container\" data-settings=\"{&quot;jet_parallax_layout_list&quot;:[],&quot;ekit_has_onepagescroll_dot&quot;:&quot;yes&quot;}\">\n\t\t\t\t<div class=\"elementor-element elementor-element-59f4ae83 elementor-widget elementor-widget-heading\" data-id=\"59f4ae83\" data-element_type=\"widget\" data-settings=\"{&quot;ekit_we_effect_on&quot;:&quot;none&quot;}\" data-widget_type=\"heading.default\">\n\t\t\t\t<div class=\"elementor-widget-container\">\n\t\t\t\t\t<h2 class=\"elementor-heading-title elementor-size-default\">Objevte r\u016fzn\u00e9 typy vstupenek<\/h2>\t\t\t\t<\/div>\n\t\t\t\t<\/div>\n\t\t\t\t<div class=\"elementor-element elementor-element-66d7a64 elementor-hidden-tablet elementor-hidden-mobile elementor-widget elementor-widget-html\" data-id=\"66d7a64\" data-element_type=\"widget\" data-settings=\"{&quot;ekit_we_effect_on&quot;:&quot;none&quot;}\" data-widget_type=\"html.default\">\n\t\t\t\t<div class=\"elementor-widget-container\">\n\t\t\t\t\t<div data-tiqets-widget=\"discovery\" data-cards-layout=\"responsive\" data-content-type=\"product\" data-item_count=\"4\" data-destination-type=\"venue\" data-destination-id=\"144780\" data-partner=\"borghesegallery.com\"><\/div><script defer src=\"https:\/\/widgets.tiqets.com\/loader.js\"><\/script>\t\t\t\t<\/div>\n\t\t\t\t<\/div>\n\t\t\t\t<div class=\"elementor-element elementor-element-86f9046 elementor-hidden-desktop elementor-widget elementor-widget-html\" data-id=\"86f9046\" data-element_type=\"widget\" data-settings=\"{&quot;ekit_we_effect_on&quot;:&quot;none&quot;}\" data-widget_type=\"html.default\">\n\t\t\t\t<div class=\"elementor-widget-container\">\n\t\t\t\t\t<div data-tiqets-widget=\"discovery\" data-cards-layout=\"responsive\" data-content-type=\"product\" data-item_count=\"2\" data-destination-type=\"venue\" data-destination-id=\"144780\" data-partner=\"borghesegallery.com\"><\/div><script defer src=\"https:\/\/widgets.tiqets.com\/loader.js\"><\/script>\t\t\t\t<\/div>\n\t\t\t\t<\/div>\n\t\t\t\t<\/div>\n\t\t\t\t\t<\/div>\n\t\t\t\t<\/div>\n\t\t\t\t<\/div>","protected":false},"excerpt":{"rendered":"<p>ENTRY TICKET HISTORY OF THE BORGHESE GALLERY The Borghese Gallery: A Testament to Art and History in Rome Discover the [&hellip;]<\/p>","protected":false},"author":1,"featured_media":1093,"parent":0,"menu_order":0,"comment_status":"closed","ping_status":"closed","template":"","meta":{"site-sidebar-layout":"no-sidebar","site-content-layout":"","ast-site-content-layout":"full-width-container","site-content-style":"default","site-sidebar-style":"default","ast-global-header-display":"","ast-banner-title-visibility":"","ast-main-header-display":"","ast-hfb-above-header-display":"","ast-hfb-below-header-display":"","ast-hfb-mobile-header-display":"","site-post-title":"disabled","ast-breadcrumbs-content":"","ast-featured-img":"disabled","footer-sml-layout":"","theme-transparent-header-meta":"default","adv-header-id-meta":"","stick-header-meta":"","header-above-stick-meta":"","header-main-stick-meta":"","header-below-stick-meta":"","astra-migrate-meta-layouts":"set","ast-page-background-enabled":"default","ast-page-background-meta":{"desktop":{"background-color":"var(--ast-global-color-4)","background-image":"","background-repeat":"repeat","background-position":"center center","background-size":"auto","background-attachment":"scroll","background-type":"","background-media":"","overlay-type":"","overlay-color":"","overlay-opacity":"","overlay-gradient":""},"tablet":{"background-color":"","background-image":"","background-repeat":"repeat","background-position":"center center","background-size":"auto","background-attachment":"scroll","background-type":"","background-media":"","overlay-type":"","overlay-color":"","overlay-opacity":"","overlay-gradient":""},"mobile":{"background-color":"","background-image":"","background-repeat":"repeat","background-position":"center center","background-size":"auto","background-attachment":"scroll","background-type":"","background-media":"","overlay-type":"","overlay-color":"","overlay-opacity":"","overlay-gradient":""}},"ast-content-background-meta":{"desktop":{"background-color":"var(--ast-global-color-5)","background-image":"","background-repeat":"repeat","background-position":"center center","background-size":"auto","background-attachment":"scroll","background-type":"","background-media":"","overlay-type":"","overlay-color":"","overlay-opacity":"","overlay-gradient":""},"tablet":{"background-color":"var(--ast-global-color-5)","background-image":"","background-repeat":"repeat","background-position":"center center","background-size":"auto","background-attachment":"scroll","background-type":"","background-media":"","overlay-type":"","overlay-color":"","overlay-opacity":"","overlay-gradient":""},"mobile":{"background-color":"var(--ast-global-color-5)","background-image":"","background-repeat":"repeat","background-position":"center center","background-size":"auto","background-attachment":"scroll","background-type":"","background-media":"","overlay-type":"","overlay-color":"","overlay-opacity":"","overlay-gradient":""}},"footnotes":""},"class_list":["post-300","page","type-page","status-publish","has-post-thumbnail","hentry"],"_links":{"self":[{"href":"https:\/\/borghesegallery.com\/cs\/wp-json\/wp\/v2\/pages\/300","targetHints":{"allow":["GET"]}}],"collection":[{"href":"https:\/\/borghesegallery.com\/cs\/wp-json\/wp\/v2\/pages"}],"about":[{"href":"https:\/\/borghesegallery.com\/cs\/wp-json\/wp\/v2\/types\/page"}],"author":[{"embeddable":true,"href":"https:\/\/borghesegallery.com\/cs\/wp-json\/wp\/v2\/users\/1"}],"replies":[{"embeddable":true,"href":"https:\/\/borghesegallery.com\/cs\/wp-json\/wp\/v2\/comments?post=300"}],"version-history":[{"count":34,"href":"https:\/\/borghesegallery.com\/cs\/wp-json\/wp\/v2\/pages\/300\/revisions"}],"predecessor-version":[{"id":2361,"href":"https:\/\/borghesegallery.com\/cs\/wp-json\/wp\/v2\/pages\/300\/revisions\/2361"}],"wp:featuredmedia":[{"embeddable":true,"href":"https:\/\/borghesegallery.com\/cs\/wp-json\/wp\/v2\/media\/1093"}],"wp:attachment":[{"href":"https:\/\/borghesegallery.com\/cs\/wp-json\/wp\/v2\/media?parent=300"}],"curies":[{"name":"wp","href":"https:\/\/api.w.org\/{rel}","templated":true}]}}